{"id":2459,"date":"2020-10-01T10:24:22","date_gmt":"2020-10-01T10:24:22","guid":{"rendered":"http:\/\/colosseum.info\/?page_id=2459"},"modified":"2020-10-17T12:26:53","modified_gmt":"2020-10-17T12:26:53","slug":"travel-tips","status":"publish","type":"page","link":"https:\/\/colosseum.info\/de\/travel-tips\/","title":{"rendered":"TRAVEL TIPS"},"content":{"rendered":"<div data-vc-full-width=\"true\" data-vc-full-width-init=\"false\" class=\"vc_row wpb_row vc_row-fluid vc_custom_1602937156543 vc_row-has-fill\"><div class=\"wpb_column vc_column_container vc_col-sm-12\"><div class=\"vc_column-inner\"><div class=\"wpb_wrapper\"><div id=\"Tickets\" class=\"vc_row wpb_row vc_inner vc_row-fluid about vc_custom_1602937149747\"><div class=\"hrs wpb_column vc_column_container vc_col-sm-2\"><div class=\"vc_column-inner\"><div class=\"wpb_wrapper\">\n\t<div class=\"wpb_text_column wpb_content_element\" >\n\t\t<div class=\"wpb_wrapper\">\n\t\t\t<div class=\"about\">\n<h2 style=\"margin-top: 0px; text-align: center;\">Info<\/h2>\n<\/div>\n\n\t\t<\/div>\n\t<\/div>\n<div class=\"ult-spacer spacer-69e652083855a\" data-id=\"69e652083855a\" data-height=\"40\" data-height-mobile=\"40\" data-height-tab=\"40\" data-height-tab-portrait=\"\" data-height-mobile-landscape=\"\" style=\"clear:both;display:block;\"><\/div>\n\t<div  class=\"wpb_single_image wpb_content_element vc_align_center\">\n\t\t\n\t\t<figure class=\"wpb_wrapper vc_figure\">\n\t\t\t<div class=\"vc_single_image-wrapper   vc_box_border_grey\"><img loading=\"lazy\" decoding=\"async\" width=\"128\" height=\"128\" src=\"https:\/\/colosseum.info\/wp-content\/uploads\/2020\/05\/info.png\" class=\"vc_single_image-img attachment-full\" alt=\"\" srcset=\"https:\/\/colosseum.info\/wp-content\/uploads\/2020\/05\/info.png 128w, https:\/\/colosseum.info\/wp-content\/uploads\/2020\/05\/info-90x90.png 90w, https:\/\/colosseum.info\/wp-content\/uploads\/2020\/05\/info-59x59.png 59w\" sizes=\"auto, (max-width: 128px) 100vw, 128px\" \/><\/div>\n\t\t<\/figure>\n\t<\/div>\n<\/div><\/div><\/div><div class=\"wpb_column vc_column_container vc_col-sm-10\"><div class=\"vc_column-inner\"><div class=\"wpb_wrapper\">\n\t<div class=\"wpb_text_column wpb_content_element\" >\n\t\t<div class=\"wpb_wrapper\">\n\t\t\t<h3 style=\"text-align: center;\">WHAT IS THE BEST WAY TO VISIT THE COLOSSEUM?<\/h3>\n\n\t\t<\/div>\n\t<\/div>\n<div class=\"ult-spacer spacer-69e6520838e0c\" data-id=\"69e6520838e0c\" data-height=\"20\" data-height-mobile=\"20\" data-height-tab=\"20\" data-height-tab-portrait=\"\" data-height-mobile-landscape=\"\" style=\"clear:both;display:block;\"><\/div>\n\t<div class=\"wpb_text_column wpb_content_element\" >\n\t\t<div class=\"wpb_wrapper\">\n\t\t\t<p><b>The Colosseum attracts millions of visitors<\/b><span style=\"font-weight: 400;\"> every year and is one of Rome\u2019s most popular sites. That being said, it is also home to some of the longest lines in the city. In order to get the most out of your visit to Rome, <\/span><b>it is vital that you plan your Colosseum visit in advance<\/b><span style=\"font-weight: 400;\">. Early birds usually have the shortest waiting time but, keep in mind, traveling during peak season means <\/span><b>crowds no matter the time of day<\/b><span style=\"font-weight: 400;\">.<\/span><\/p>\n<p><span style=\"font-weight: 400;\">Im Eintrittspreis f\u00fcr das Kolosseum ist auch der Besuch des Forum Romanum\/Palatinh\u00fcgel inbegriffen. Das Forum Romanum und der Pf\u00e4lzer H\u00fcgel sind technisch gesehen zwei verschiedene St\u00e4tten, aber da sie nebeneinander liegen, werden sie als ein Gebiet betrachtet. Dies bedeutet, dass die Eintrittskarte f\u00fcr das Kolosseum zweimal verwendet werden kann: ein Eintritt in das Kolosseum (zur angegebenen Reservierungszeit) und ein Eintritt in das Forum Romanum\/Palatinh\u00fcgel (entweder Uhr\u00a0 selben Tag oder innerhalb von 24 Stunden nach der Reservierungszeit). Denken Sie daran, dass das Forum Romanum\/Palatinische H\u00fcgel ein gro\u00dfes Gebiet ist und die Erkundung normalerweise mindestens eine Stunde dauert - planen Sie Ihre Reiseroute also entsprechend.<\/span><\/p>\n<p><span style=\"font-weight: 400;\">The Colosseum and Roman Forum\/Palatine Hill open everyday at 8:30am and the last entrance is about an hour before dusk (see chart below for time schedule). All visitors are allowed to remain in the site one hour after the last entrance. Due to the significant size of the Roman Forum\/Palatine Hill, the custodians will direct visitors to exit the area early in order to ensure the site can close on time &#8211; this can happen even 30 minutes prior to closing time, so be sure to <\/span><b>allow plenty of time to visit the site<\/b><span style=\"font-weight: 400;\">.<\/span><\/p>\n\n\t\t<\/div>\n\t<\/div>\n<\/div><\/div><\/div><\/div><\/div><\/div><\/div><\/div><div class=\"vc_row-full-width vc_clearfix\"><\/div><div data-vc-full-width=\"true\" data-vc-full-width-init=\"false\" class=\"vc_row wpb_row vc_row-fluid vc_custom_1602937164931\"><div class=\"wpb_column vc_column_container vc_col-sm-12\"><div class=\"vc_column-inner\"><div class=\"wpb_wrapper\"><div id=\"Opening-time\" class=\"vc_row wpb_row vc_inner vc_row-fluid about vc_custom_1602937196194\"><div class=\"hrs wpb_column vc_column_container vc_col-sm-2\"><div class=\"vc_column-inner\"><div class=\"wpb_wrapper\">\n\t<div class=\"wpb_text_column wpb_content_element\" >\n\t\t<div class=\"wpb_wrapper\">\n\t\t\t<h2 style=\"margin-top: 0px; text-align: center;\">ARTEN VON FAHRKARTEN<\/h2>\n\n\t\t<\/div>\n\t<\/div>\n<div class=\"ult-spacer spacer-69e6520839b3f\" data-id=\"69e6520839b3f\" data-height=\"40\" data-height-mobile=\"40\" data-height-tab=\"40\" data-height-tab-portrait=\"\" data-height-mobile-landscape=\"\" style=\"clear:both;display:block;\"><\/div>\n\t<div  class=\"wpb_single_image wpb_content_element vc_align_center\">\n\t\t\n\t\t<figure class=\"wpb_wrapper vc_figure\">\n\t\t\t<div class=\"vc_single_image-wrapper   vc_box_border_grey\"><img loading=\"lazy\" decoding=\"async\" width=\"128\" height=\"128\" src=\"https:\/\/colosseum.info\/wp-content\/uploads\/2019\/09\/movie-tickets.png\" class=\"vc_single_image-img attachment-full\" alt=\"\" srcset=\"https:\/\/colosseum.info\/wp-content\/uploads\/2019\/09\/movie-tickets.png 128w, https:\/\/colosseum.info\/wp-content\/uploads\/2019\/09\/movie-tickets-90x90.png 90w, https:\/\/colosseum.info\/wp-content\/uploads\/2019\/09\/movie-tickets-59x59.png 59w\" sizes=\"auto, (max-width: 128px) 100vw, 128px\" \/><\/div>\n\t\t<\/figure>\n\t<\/div>\n<\/div><\/div><\/div><div class=\"wpb_column vc_column_container vc_col-sm-10\"><div class=\"vc_column-inner\"><div class=\"wpb_wrapper\">\n\t<div class=\"wpb_text_column wpb_content_element\" >\n\t\t<div class=\"wpb_wrapper\">\n\t\t\t<h3 style=\"text-align: center;\">WHAT ARE THE TYPES OF TICKETS AVAILABLE FOR THE COLOSSEUM?<\/h3>\n\n\t\t<\/div>\n\t<\/div>\n<div class=\"ult-spacer spacer-69e652083a2bf\" data-id=\"69e652083a2bf\" data-height=\"20\" data-height-mobile=\"20\" data-height-tab=\"20\" data-height-tab-portrait=\"\" data-height-mobile-landscape=\"\" style=\"clear:both;display:block;\"><\/div>\n\t<div class=\"wpb_text_column wpb_content_element\" >\n\t\t<div class=\"wpb_wrapper\">\n\t\t\t<p><span style=\"font-weight: 400;\">There are many ways to visit the Colosseum. Every reservation ticket has a timed entrance for the Colosseum so be sure to check your ticket and <\/span><b>arrive with plenty of time to spare<\/b><span style=\"font-weight: 400;\">. Each ticket also includes one entrance to the Roman Forum\/Palatine Hill, as stated earlier. You can enter the Roman Forum\/Palatine Hill on the same day or within 24hrs of the reservation time.\u00a0<\/span><\/p>\n<p>&nbsp;<\/p>\n<p><span style=\"font-weight: 400;\">Nehmen wir zum Beispiel an, Sie haben um 14.00 Uhr einen Eingang zum Kolosseum. Sie m\u00fcssen sich gegen 13.30 Uhr Uhr\u00a0 Haupteingang des Kolosseums einfinden, dem Personal des Kolosseums Ihre Eintrittskarte vorzeigen und sie werden Sie in die Sicherheitslinie einlassen (m\u00f6glicherweise m\u00fcssen Sie bis 10 Minuten vor Ihrer Reservierungszeit warten). Die Eintrittszeit in das Kolosseum ist nicht verhandelbar. Der Eingang zum R\u00f6mischen Forum\/Palatinh\u00fcgel liegt in Ihrem Ermessen. Sie k\u00f6nnen ihn auf drei verschiedene Arten benutzen: Uhr\u00a0 selben Tag, aber morgens und Ankunft Uhr\u00a0 Eingang des Kolosseums um 13.30 Uhr; Uhr\u00a0 selben Tag, aber nach Beendigung Ihres Besuchs im Kolosseum und vor der letzten Eintrittszeit f\u00fcr das Forum\/Palatinh\u00fcgel; Uhr\u00a0 folgenden Tag, aber Eintritt in das Forum\/Palatin vor Ablauf der Eintrittskarte um 14.00 Uhr.\u00a0<\/span><\/p>\n<p><span style=\"font-weight: 400;\">In addition to the standard ticket option, there are <\/span><b>restricted-access tickets<\/b><span style=\"font-weight: 400;\"> available for purchase. These upgraded tickets include access to the <\/span><b>Colosseum\u2019s Arena Stage<\/b><span style=\"font-weight: 400;\">, the <\/span><b>Dungeons\/Underground<\/b><span style=\"font-weight: 400;\"> level of the Colosseum, and the <\/span><b>Colosseum\u2019s Upper Level\/Third Tier<\/b><span style=\"font-weight: 400;\">. These VIP areas are accessed via the Stern entrance, commonly referred to as the <\/span><b>Gladiator Gate<\/b><span style=\"font-weight: 400;\"> entrance. This separate entrance has much shorter security lines than the main entrance. Check out the TICKETS page for a detailed list of ticket options.<\/span><\/p>\n\n\t\t<\/div>\n\t<\/div>\n<\/div><\/div><\/div><\/div><\/div><\/div><\/div><\/div><div class=\"vc_row-full-width vc_clearfix\"><\/div><!-- Row Backgrounds --><div class=\"upb_color\" data-bg-override=\"0\" data-bg-color=\"#f2f2f2\" data-fadeout=\"\" data-fadeout-percentage=\"30\" data-parallax-content=\"\" data-parallax-content-sense=\"30\" data-row-effect-mobile-disable=\"true\" data-img-parallax-mobile-disable=\"true\" data-rtl=\"false\"  data-custom-vc-row=\"\"  data-vc=\"5.5.2\"  data-is_old_vc=\"\"  data-theme-support=\"\"   data-overlay=\"false\" data-overlay-color=\"\" data-overlay-pattern=\"\" data-overlay-pattern-opacity=\"\" data-overlay-pattern-size=\"\"    ><\/div><div data-vc-full-width=\"true\" data-vc-full-width-init=\"false\" class=\"vc_row wpb_row vc_row-fluid vc_custom_1602937239822\"><div class=\"wpb_column vc_column_container vc_col-sm-12\"><div class=\"vc_column-inner\"><div class=\"wpb_wrapper\"><div class=\"vc_row wpb_row vc_inner vc_row-fluid about vc_custom_1602937245785\"><div class=\"hrs wpb_column vc_column_container vc_col-sm-2\"><div class=\"vc_column-inner\"><div class=\"wpb_wrapper\">\n\t<div class=\"wpb_text_column wpb_content_element\" >\n\t\t<div class=\"wpb_wrapper\">\n\t\t\t<div class=\"about\">\n<h2 style=\"margin-top: 0px; text-align: center;\">WAS IST\/SIND NICHT ERLAUBT<\/h2>\n<\/div>\n\n\t\t<\/div>\n\t<\/div>\n<div class=\"ult-spacer spacer-69e652083a943\" data-id=\"69e652083a943\" data-height=\"40\" data-height-mobile=\"40\" data-height-tab=\"40\" data-height-tab-portrait=\"\" data-height-mobile-landscape=\"\" style=\"clear:both;display:block;\"><\/div>\n\t<div  class=\"wpb_single_image wpb_content_element vc_align_center\">\n\t\t\n\t\t<figure class=\"wpb_wrapper vc_figure\">\n\t\t\t<div class=\"vc_single_image-wrapper   vc_box_border_grey\"><img loading=\"lazy\" decoding=\"async\" width=\"128\" height=\"128\" src=\"https:\/\/colosseum.info\/wp-content\/uploads\/2020\/05\/ok.png\" class=\"vc_single_image-img attachment-full\" alt=\"\" srcset=\"https:\/\/colosseum.info\/wp-content\/uploads\/2020\/05\/ok.png 128w, https:\/\/colosseum.info\/wp-content\/uploads\/2020\/05\/ok-90x90.png 90w, https:\/\/colosseum.info\/wp-content\/uploads\/2020\/05\/ok-59x59.png 59w\" sizes=\"auto, (max-width: 128px) 100vw, 128px\" \/><\/div>\n\t\t<\/figure>\n\t<\/div>\n<\/div><\/div><\/div><div class=\"wpb_column vc_column_container vc_col-sm-10\"><div class=\"vc_column-inner\"><div class=\"wpb_wrapper\">\n\t<div class=\"wpb_text_column wpb_content_element\" >\n\t\t<div class=\"wpb_wrapper\">\n\t\t\t<h3 style=\"text-align: center;\">ARE THERE THINGS I CANNOT BRING INSIDE THE COLOSSEUM?<\/h3>\n\n\t\t<\/div>\n\t<\/div>\n<div class=\"ult-spacer spacer-69e652083b08c\" data-id=\"69e652083b08c\" data-height=\"20\" data-height-mobile=\"20\" data-height-tab=\"20\" data-height-tab-portrait=\"\" data-height-mobile-landscape=\"\" style=\"clear:both;display:block;\"><\/div>\n\t<div class=\"wpb_text_column wpb_content_element\" >\n\t\t<div class=\"wpb_wrapper\">\n\t\t\t<p><span style=\"font-weight: 400;\">Das Kolosseum verlangt, dass alle Besucher eine Sicherheitskontrolle passieren. \u00c4hnlich wie bei den Sicherheitskontrollen Uhr\u00a0 Flughafen ist der Ablauf im Grunde derselbe. Den Besuchern werden kleine Tabletts zum Ausleeren ihrer Taschen zur Verf\u00fcgung gestellt, und alle Gegenst\u00e4nde m\u00fcssen die R\u00f6ntgenger\u00e4te passieren. Es ist nicht ungew\u00f6hnlich, dass Besucher gezwungen werden, entweder Gegenst\u00e4nde wegzuwerfen oder das Kolosseum nicht zu betreten. Um einen einfachen Zugang zu gew\u00e4hrleisten, finden Sie hier eine Liste dessen, was im Kolosseum erlaubt und was nicht erlaubt ist<\/span><\/p>\n<p>&nbsp;<\/p>\n<p><strong>ALLOWED*:<\/strong><\/p>\n<p>&nbsp;<\/p>\n<ul>\n<li style=\"font-weight: 400;\"><span style=\"font-weight: 400;\">small\/medium bag and backpacks (no roller-bags of any size are allowed)<\/span><\/li>\n<li style=\"font-weight: 400;\"><span style=\"font-weight: 400;\">Wasserflaschen aus Plastik (Sie k\u00f6nnen gebeten werden, sie zu entleeren, aber Sie k\u00f6nnen sie wieder auff\u00fcllen)<\/span><\/li>\n<li style=\"font-weight: 400;\"><span style=\"font-weight: 400;\">Nicht-Aerosol-Sprays*<\/span><\/li>\n<\/ul>\n<p>&nbsp;<\/p>\n<p>&nbsp;<\/p>\n<p><strong>NICHT ERLAUBT**:<\/strong><\/p>\n<p>&nbsp;<\/p>\n<ul>\n<li style=\"font-weight: 400;\"><span style=\"font-weight: 400;\">kleine\/mittlere Taschen und Rucks\u00e4cke (Koffer jeglicher Gr\u00f6\u00dfe sind nicht erlaubt)\u00a0<\/span><\/li>\n<li style=\"font-weight: 400;\"><span style=\"font-weight: 400;\">Glass containers\/bottles<\/span><\/li>\n<li style=\"font-weight: 400;\"><span style=\"font-weight: 400;\">Weapons (including pocket knives)<\/span><\/li>\n<li style=\"font-weight: 400;\"><span style=\"font-weight: 400;\">Aerosol sprays<\/span><\/li>\n<\/ul>\n<p>&nbsp;<\/p>\n<p><span style=\"font-weight: 400;\">*It is advised to leave sentimental items at your accommodation.\u00a0<\/span><\/p>\n<p>&nbsp;<\/p>\n<p><span style=\"font-weight: 400;\">**Please note: what is\/is not allowed is decided by the Colosseum\u2019s security staff and can change at their discretion. In the past, there have been times when no liquids, even water, was allowed to be brought into the Colosseum (including makeup, sunscreen, etc.). In this case, you can empty your water bottles and keep them with you to refill them inside the Colosseum. <\/span><\/p>\n\n\t\t<\/div>\n\t<\/div>\n<\/div><\/div><\/div><\/div><\/div><\/div><\/div><\/div><div class=\"vc_row-full-width vc_clearfix\"><\/div><div data-vc-full-width=\"true\" data-vc-full-width-init=\"false\" class=\"vc_row wpb_row vc_row-fluid vc_custom_1602937254741\"><div class=\"wpb_column vc_column_container vc_col-sm-12\"><div class=\"vc_column-inner\"><div class=\"wpb_wrapper\"><div class=\"vc_row wpb_row vc_inner vc_row-fluid about vc_custom_1602937260701\"><div class=\"hrs wpb_column vc_column_container vc_col-sm-2\"><div class=\"vc_column-inner\"><div class=\"wpb_wrapper\">\n\t<div class=\"wpb_text_column wpb_content_element\" >\n\t\t<div class=\"wpb_wrapper\">\n\t\t\t<h2 style=\"margin-top: 0px; text-align: center;\">\u00d6FFNUNGSZEITEN DES KOLOSSEUMS<\/h2>\n\n\t\t<\/div>\n\t<\/div>\n<div class=\"ult-spacer spacer-69e652083b497\" data-id=\"69e652083b497\" data-height=\"40\" data-height-mobile=\"40\" data-height-tab=\"40\" data-height-tab-portrait=\"\" data-height-mobile-landscape=\"\" style=\"clear:both;display:block;\"><\/div>\n\t<div  class=\"wpb_single_image wpb_content_element vc_align_center\">\n\t\t\n\t\t<figure class=\"wpb_wrapper vc_figure\">\n\t\t\t<div class=\"vc_single_image-wrapper   vc_box_border_grey\"><img loading=\"lazy\" decoding=\"async\" width=\"128\" height=\"128\" src=\"https:\/\/colosseum.info\/wp-content\/uploads\/2020\/05\/watch.png\" class=\"vc_single_image-img attachment-full\" alt=\"\" srcset=\"https:\/\/colosseum.info\/wp-content\/uploads\/2020\/05\/watch.png 128w, https:\/\/colosseum.info\/wp-content\/uploads\/2020\/05\/watch-90x90.png 90w, https:\/\/colosseum.info\/wp-content\/uploads\/2020\/05\/watch-59x59.png 59w\" sizes=\"auto, (max-width: 128px) 100vw, 128px\" \/><\/div>\n\t\t<\/figure>\n\t<\/div>\n<\/div><\/div><\/div><div class=\"wpb_column vc_column_container vc_col-sm-10\"><div class=\"vc_column-inner\"><div class=\"wpb_wrapper\">\n\t<div class=\"wpb_text_column wpb_content_element\" >\n\t\t<div class=\"wpb_wrapper\">\n\t\t\t<h3 style=\"text-align: center;\">WHAT TIME DOES THE COLOSSEUM OPEN\/CLOSE?<\/h3>\n\n\t\t<\/div>\n\t<\/div>\n<div class=\"ult-spacer spacer-69e652083bbe8\" data-id=\"69e652083bbe8\" data-height=\"20\" data-height-mobile=\"20\" data-height-tab=\"20\" data-height-tab-portrait=\"\" data-height-mobile-landscape=\"\" style=\"clear:both;display:block;\"><\/div>\n\t<div class=\"wpb_text_column wpb_content_element\" >\n\t\t<div class=\"wpb_wrapper\">\n\t\t\t<p>The Colosseum opening hours vary depending on the time of year.<\/p>\n<table class=\"ticket-table\" style=\"width: 100%;\" cellpadding=\"10\">\n<tbody>\n<tr>\n<td><strong>Date From<\/strong><\/td>\n<td><strong>Date to<\/strong><\/td>\n<td><strong>Timing<\/strong><\/td>\n<\/tr>\n<tr>\n<td><span style=\"font-weight: 400;\">2 January<\/span><\/td>\n<td><span style=\"font-weight: 400;\">15 February<\/span><\/td>\n<td><span style=\"font-weight: 400;\">8:30AM &#8211; 3:30PM<\/span><\/td>\n<\/tr>\n<tr>\n<td><span style=\"font-weight: 400;\">16 February<\/span><\/td>\n<td><span style=\"font-weight: 400;\">15 March<\/span><\/td>\n<td><span style=\"font-weight: 400;\">8:30AM &#8211; 4:00PM<\/span><\/td>\n<\/tr>\n<tr>\n<td><span style=\"font-weight: 400;\">16 March<\/span><\/td>\n<td><span style=\"font-weight: 400;\">last Saturday of March<\/span><\/td>\n<td><span style=\"font-weight: 400;\">8:30AM &#8211; 4:30PM<\/span><\/td>\n<\/tr>\n<tr>\n<td><span style=\"font-weight: 400;\">Last Sunday of March<\/span><\/td>\n<td><span style=\"font-weight: 400;\">31 August<\/span><\/td>\n<td><span style=\"font-weight: 400;\">8:30AM &#8211; 6:15PM<\/span><\/td>\n<\/tr>\n<tr>\n<td><span style=\"font-weight: 400;\">1 September<\/span><\/td>\n<td><span style=\"font-weight: 400;\">30 September<\/span><\/td>\n<td>8:30AM &#8211; 6:00PM<\/td>\n<\/tr>\n<tr>\n<td><span style=\"font-weight: 400;\">1 October <\/span><\/td>\n<td><span style=\"font-weight: 400;\">last Saturday of October<\/span><\/td>\n<td>8:30AM &#8211; 5:30PM<\/td>\n<\/tr>\n<tr>\n<td><span style=\"font-weight: 400;\">Last Sunday of October<\/span><\/td>\n<td><span style=\"font-weight: 400;\">31 December<\/span><\/td>\n<td>8:30AM &#8211; 3:30PM<\/td>\n<\/tr>\n<\/tbody>\n<\/table>\n<p>Visitors are allowed to remain inside 1 hour after closing time.<\/p>\n<p>The Colosseum is closed on 1 January, 1 May, and 25 December<\/p>\n\n\t\t<\/div>\n\t<\/div>\n<\/div><\/div><\/div><\/div><\/div><\/div><\/div><\/div><div class=\"vc_row-full-width vc_clearfix\"><\/div><!-- Row Backgrounds --><div class=\"upb_color\" data-bg-override=\"0\" data-bg-color=\"#f2f2f2\" data-fadeout=\"\" data-fadeout-percentage=\"30\" data-parallax-content=\"\" data-parallax-content-sense=\"30\" data-row-effect-mobile-disable=\"true\" data-img-parallax-mobile-disable=\"true\" data-rtl=\"false\"  data-custom-vc-row=\"\"  data-vc=\"5.5.2\"  data-is_old_vc=\"\"  data-theme-support=\"\"   data-overlay=\"false\" data-overlay-color=\"\" data-overlay-pattern=\"\" data-overlay-pattern-opacity=\"\" data-overlay-pattern-size=\"\"    ><\/div>","protected":false},"excerpt":{"rendered":"Info WHAT IS THE BEST WAY TO VISIT THE COLOSSEUM? The Colosseum attracts millions of [...]","protected":false},"author":1,"featured_media":0,"parent":0,"menu_order":0,"comment_status":"closed","ping_status":"closed","template":"","meta":{"inline_featured_image":false,"footnotes":""},"class_list":["post-2459","page","type-page","status-publish","hentry"],"yoast_head":"<!-- This site is optimized with the Yoast SEO plugin v15.6.2 - https:\/\/yoast.com\/wordpress\/plugins\/seo\/ -->\n<title>TRAVEL TIPS - Colosseum<\/title>\n<meta name=\"robots\" content=\"index, follow, max-snippet:-1, max-image-preview:large, max-video-preview:-1\" \/>\n<link rel=\"canonical\" href=\"https:\/\/colosseum.info\/de\/travel-tips\/\" \/>\n<meta property=\"og:locale\" content=\"de_DE\" \/>\n<meta property=\"og:type\" content=\"article\" \/>\n<meta property=\"og:title\" content=\"TRAVEL TIPS - Colosseum\" \/>\n<meta property=\"og:url\" content=\"https:\/\/colosseum.info\/de\/travel-tips\/\" \/>\n<meta property=\"og:site_name\" content=\"Colosseum\" \/>\n<meta property=\"article:modified_time\" content=\"2020-10-17T12:26:53+00:00\" \/>\n<meta name=\"twitter:card\" content=\"summary_large_image\" \/>\n<meta name=\"twitter:label1\" content=\"Gesch\u00e4tzte Lesezeit\">\n\t<meta name=\"twitter:data1\" content=\"6\u00a0Minuten\">\n<script type=\"application\/ld+json\" class=\"yoast-schema-graph\">{\"@context\":\"https:\/\/schema.org\",\"@graph\":[{\"@type\":\"WebSite\",\"@id\":\"https:\/\/colosseum.info\/#website\",\"url\":\"https:\/\/colosseum.info\/\",\"name\":\"Colosseum\",\"description\":\"Everything you need to know about visiting the Colosseum in Rome\",\"potentialAction\":[{\"@type\":\"SearchAction\",\"target\":\"https:\/\/colosseum.info\/?s={search_term_string}\",\"query-input\":\"required name=search_term_string\"}],\"inLanguage\":\"de\"},{\"@type\":\"WebPage\",\"@id\":\"https:\/\/colosseum.info\/travel-tips\/#webpage\",\"url\":\"https:\/\/colosseum.info\/travel-tips\/\",\"name\":\"TRAVEL TIPS - Colosseum\",\"isPartOf\":{\"@id\":\"https:\/\/colosseum.info\/#website\"},\"datePublished\":\"2020-10-01T10:24:22+00:00\",\"dateModified\":\"2020-10-17T12:26:53+00:00\",\"inLanguage\":\"de\",\"potentialAction\":[{\"@type\":\"ReadAction\",\"target\":[\"https:\/\/colosseum.info\/travel-tips\/\"]}]}]}<\/script>\n<!-- \/ Yoast SEO plugin. -->","_links":{"self":[{"href":"https:\/\/colosseum.info\/de\/wp-json\/wp\/v2\/pages\/2459","targetHints":{"allow":["GET"]}}],"collection":[{"href":"https:\/\/colosseum.info\/de\/wp-json\/wp\/v2\/pages"}],"about":[{"href":"https:\/\/colosseum.info\/de\/wp-json\/wp\/v2\/types\/page"}],"author":[{"embeddable":true,"href":"https:\/\/colosseum.info\/de\/wp-json\/wp\/v2\/users\/1"}],"replies":[{"embeddable":true,"href":"https:\/\/colosseum.info\/de\/wp-json\/wp\/v2\/comments?post=2459"}],"version-history":[{"count":10,"href":"https:\/\/colosseum.info\/de\/wp-json\/wp\/v2\/pages\/2459\/revisions"}],"predecessor-version":[{"id":2980,"href":"https:\/\/colosseum.info\/de\/wp-json\/wp\/v2\/pages\/2459\/revisions\/2980"}],"wp:attachment":[{"href":"https:\/\/colosseum.info\/de\/wp-json\/wp\/v2\/media?parent=2459"}],"curies":[{"name":"wp","href":"https:\/\/api.w.org\/{rel}","templated":true}]}}