{"id":859,"date":"2020-05-22T13:14:36","date_gmt":"2020-05-22T13:14:36","guid":{"rendered":"http:\/\/colosseum.info\/?page_id=859"},"modified":"2020-10-16T11:59:29","modified_gmt":"2020-10-16T11:59:29","slug":"individuals-groups-and-schools","status":"publish","type":"page","link":"https:\/\/colosseum.info\/de\/individuals-groups-and-schools\/","title":{"rendered":"EINZELPERSONEN, GRUPPEN UND SCHULEN"},"content":{"rendered":"<div data-vc-full-width=\"true\" data-vc-full-width-init=\"false\" class=\"vc_row wpb_row vc_row-fluid\"><div class=\"wpb_column vc_column_container vc_col-sm-12\"><div class=\"vc_column-inner\"><div class=\"wpb_wrapper\"><div class=\"ult-spacer spacer-69e28c26929cb\" data-id=\"69e28c26929cb\" data-height=\"40\" data-height-mobile=\"40\" data-height-tab=\"40\" data-height-tab-portrait=\"\" data-height-mobile-landscape=\"\" style=\"clear:both;display:block;\"><\/div>\n\t<div class=\"wpb_text_column wpb_content_element\" >\n\t\t<div class=\"wpb_wrapper\">\n\t\t\t<div class=\"about\">\n<h2 style=\"text-align: center;\">EINZELPERSONEN<\/h2>\n<\/div>\n\n\t\t<\/div>\n\t<\/div>\n<div id=\"Tickets\" class=\"vc_row wpb_row vc_inner vc_row-fluid about vc_custom_1568365022054\"><div class=\"wpb_column vc_column_container vc_col-sm-6\"><div class=\"vc_column-inner\"><div class=\"wpb_wrapper\">\n\t<div  class=\"wpb_single_image wpb_content_element vc_align_center\">\n\t\t\n\t\t<figure class=\"wpb_wrapper vc_figure\">\n\t\t\t<div class=\"vc_single_image-wrapper   vc_box_border_grey\"><img loading=\"lazy\" decoding=\"async\" width=\"1200\" height=\"837\" src=\"https:\/\/colosseum.info\/wp-content\/uploads\/2020\/07\/Colosseum_Individuals.jpg\" class=\"vc_single_image-img attachment-full\" alt=\"\" srcset=\"https:\/\/colosseum.info\/wp-content\/uploads\/2020\/07\/Colosseum_Individuals.jpg 1200w, https:\/\/colosseum.info\/wp-content\/uploads\/2020\/07\/Colosseum_Individuals-300x209.jpg 300w, https:\/\/colosseum.info\/wp-content\/uploads\/2020\/07\/Colosseum_Individuals-768x536.jpg 768w, https:\/\/colosseum.info\/wp-content\/uploads\/2020\/07\/Colosseum_Individuals-1024x714.jpg 1024w\" sizes=\"auto, (max-width: 1200px) 100vw, 1200px\" \/><\/div>\n\t\t<\/figure>\n\t<\/div>\n<\/div><\/div><\/div><div class=\"wpb_column vc_column_container vc_col-sm-6\"><div class=\"vc_column-inner\"><div class=\"wpb_wrapper\"><div class=\"ult-spacer spacer-69e28c26933d4\" data-id=\"69e28c26933d4\" data-height=\"120\" data-height-mobile=\"120\" data-height-tab=\"120\" data-height-tab-portrait=\"\" data-height-mobile-landscape=\"\" style=\"clear:both;display:block;\"><\/div>\n\t<div class=\"wpb_text_column wpb_content_element\" >\n\t\t<div class=\"wpb_wrapper\">\n\t\t\t<p>Eine Eintrittskarte f\u00fcr das Kolosseum\/Palatin H\u00fcgel &amp; R\u00f6misches Forum, einschlie\u00dflich laufender Ausstellungen, ist g\u00fcltig f\u00fcr 1 Eintritt in das Kolosseum (zur jeweiligen Reservierungszeit) und 1 Eintritt in das Pf\u00e4lzer H\u00fcgel\/R\u00f6misches Forum. Die Standard-Ticket-G\u00fcltigkeitsdauer betr\u00e4gt 24 Stunden und die G\u00fcltigkeitsdauer des Full Experience-Tickets betr\u00e4gt 2 aufeinanderfolgende Tage, dies bezieht sich auf den Eingang zum Pf\u00e4lzer H\u00fcgel\/R\u00f6mischen Forum. Alle Tickets sind an eine genaue Eintrittszeit gebunden, die vom Besucher eingehalten werden muss, und die Tickets m\u00fcssen beim Kauf im Vorverkauf vollst\u00e4ndig bezahlt werden.<\/p>\n\n\t\t<\/div>\n\t<\/div>\n<\/div><\/div><\/div><\/div><\/div><\/div><\/div><\/div><div class=\"vc_row-full-width vc_clearfix\"><\/div><div data-vc-full-width=\"true\" data-vc-full-width-init=\"false\" class=\"vc_row wpb_row vc_row-fluid\"><div class=\"wpb_column vc_column_container vc_col-sm-12\"><div class=\"vc_column-inner\"><div class=\"wpb_wrapper\">\n\t<div class=\"wpb_text_column wpb_content_element\" >\n\t\t<div class=\"wpb_wrapper\">\n\t\t\t<h2 style=\"text-align: center;\">GRUPPEN<\/h2>\n\n\t\t<\/div>\n\t<\/div>\n<div id=\"Opening-time\" class=\"vc_row wpb_row vc_inner vc_row-fluid about vc_custom_1568365102420\"><div class=\"wpb_column vc_column_container vc_col-sm-6\"><div class=\"vc_column-inner\"><div class=\"wpb_wrapper\">\n\t<div  class=\"wpb_single_image wpb_content_element vc_align_center\">\n\t\t\n\t\t<figure class=\"wpb_wrapper vc_figure\">\n\t\t\t<div class=\"vc_single_image-wrapper   vc_box_border_grey\"><img loading=\"lazy\" decoding=\"async\" width=\"1200\" height=\"801\" src=\"https:\/\/colosseum.info\/wp-content\/uploads\/2020\/07\/Colosseum-Guided-Tour.jpg\" class=\"vc_single_image-img attachment-full\" alt=\"\" srcset=\"https:\/\/colosseum.info\/wp-content\/uploads\/2020\/07\/Colosseum-Guided-Tour.jpg 1200w, https:\/\/colosseum.info\/wp-content\/uploads\/2020\/07\/Colosseum-Guided-Tour-300x200.jpg 300w, https:\/\/colosseum.info\/wp-content\/uploads\/2020\/07\/Colosseum-Guided-Tour-768x513.jpg 768w, https:\/\/colosseum.info\/wp-content\/uploads\/2020\/07\/Colosseum-Guided-Tour-1024x684.jpg 1024w\" sizes=\"auto, (max-width: 1200px) 100vw, 1200px\" \/><\/div>\n\t\t<\/figure>\n\t<\/div>\n<\/div><\/div><\/div><div class=\"wpb_column vc_column_container vc_col-sm-6\"><div class=\"vc_column-inner\"><div class=\"wpb_wrapper\"><div class=\"ult-spacer spacer-69e28c269450d\" data-id=\"69e28c269450d\" data-height=\"60\" data-height-mobile=\"60\" data-height-tab=\"60\" data-height-tab-portrait=\"\" data-height-mobile-landscape=\"\" style=\"clear:both;display:block;\"><\/div>\n\t<div class=\"wpb_text_column wpb_content_element\" >\n\t\t<div class=\"wpb_wrapper\">\n\t\t\t<p>Eine \"Gruppe\", die das Kolosseum betritt, gilt als eine Gruppe von 14 oder mehr Teilnehmern (bis maximal 50 Teilnehmer), einschlie\u00dflich derjenigen, die Anspruch auf Frei- oder erm\u00e4\u00dfigte Eintrittskarten haben. Alle Gruppen von 14 oder mehr Personen m\u00fcssen eine Reservierung haben, um das Kolosseum betreten zu k\u00f6nnen. Standard-Tickets k\u00f6nnen beim Online-Kauf \"zu Hause ausgedruckt\" werden, wobei alle notwendigen Informationen - Tickettyp, Eintrittszeit, Datum und eingescannter Barcode - auf dem Ausdruck enthalten sind. Wenn jemand in Ihrer Gruppe Anspruch auf eine erm\u00e4\u00dfigte oder kostenlose Eintrittskarte hat, m\u00fcssen Sie am Reservierungskiosk den entsprechenden Ausweis vorlegen, und die Karten werden f\u00fcr Sie ausgedruckt. Bitte beachten Sie, dass \"Gratis\"-Tickets eine Reservierungsgeb\u00fchr von 2,00 \u20ac pro Person enthalten und die Zahlung (per Kreditkarte) am Reservierungskiosk eingezogen wird.<\/p>\n\n\t\t<\/div>\n\t<\/div>\n<\/div><\/div><\/div><\/div><\/div><\/div><\/div><\/div><div class=\"vc_row-full-width vc_clearfix\"><\/div><!-- Row Backgrounds --><div class=\"upb_color\" data-bg-override=\"0\" data-bg-color=\"#ededed\" data-fadeout=\"\" data-fadeout-percentage=\"30\" data-parallax-content=\"\" data-parallax-content-sense=\"30\" data-row-effect-mobile-disable=\"true\" data-img-parallax-mobile-disable=\"true\" data-rtl=\"false\"  data-custom-vc-row=\"\"  data-vc=\"5.5.2\"  data-is_old_vc=\"\"  data-theme-support=\"\"   data-overlay=\"false\" data-overlay-color=\"\" data-overlay-pattern=\"\" data-overlay-pattern-opacity=\"\" data-overlay-pattern-size=\"\"    ><\/div><div data-vc-full-width=\"true\" data-vc-full-width-init=\"false\" class=\"vc_row wpb_row vc_row-fluid\"><div class=\"wpb_column vc_column_container vc_col-sm-12\"><div class=\"vc_column-inner\"><div class=\"wpb_wrapper\">\n\t<div class=\"wpb_text_column wpb_content_element\" >\n\t\t<div class=\"wpb_wrapper\">\n\t\t\t<h2 style=\"text-align: center;\">SCHULEN<\/h2>\n\n\t\t<\/div>\n\t<\/div>\n<div class=\"vc_row wpb_row vc_inner vc_row-fluid about vc_custom_1568365102420\"><div class=\"wpb_column vc_column_container vc_col-sm-6\"><div class=\"vc_column-inner\"><div class=\"wpb_wrapper\"><div class=\"ult-spacer spacer-69e28c2694a2f\" data-id=\"69e28c2694a2f\" data-height=\"20\" data-height-mobile=\"20\" data-height-tab=\"20\" data-height-tab-portrait=\"\" data-height-mobile-landscape=\"\" style=\"clear:both;display:block;\"><\/div>\n\t<div  class=\"wpb_single_image wpb_content_element vc_align_center\">\n\t\t\n\t\t<figure class=\"wpb_wrapper vc_figure\">\n\t\t\t<div class=\"vc_single_image-wrapper   vc_box_border_grey\"><img loading=\"lazy\" decoding=\"async\" width=\"500\" height=\"333\" src=\"https:\/\/colosseum.info\/wp-content\/uploads\/2020\/07\/Colosseum_School.jpg\" class=\"vc_single_image-img attachment-full\" alt=\"\" srcset=\"https:\/\/colosseum.info\/wp-content\/uploads\/2020\/07\/Colosseum_School.jpg 500w, https:\/\/colosseum.info\/wp-content\/uploads\/2020\/07\/Colosseum_School-300x200.jpg 300w\" sizes=\"auto, (max-width: 500px) 100vw, 500px\" \/><\/div>\n\t\t<\/figure>\n\t<\/div>\n<\/div><\/div><\/div><div class=\"wpb_column vc_column_container vc_col-sm-6\"><div class=\"vc_column-inner\"><div class=\"wpb_wrapper\">\n\t<div class=\"wpb_text_column wpb_content_element\" >\n\t\t<div class=\"wpb_wrapper\">\n\t\t\t<p>Schulgruppen m\u00fcssen Eintrittskarten mit Zeitvorgabe im Voraus reservieren. Diese Karten k\u00f6nnen im Kolosseum, Titusbogen oder im Forum Romanum abgeholt werden. Alle Sch\u00fclergruppen m\u00fcssen das Kolosseum \u00fcber den Eingang Stern betreten<\/p>\n<p>&nbsp;<\/p>\n<p class=\"translation-block\">Union Europ\u00e9enne : les \u00e9coles de l\u2019UE doivent r\u00e9server une entr\u00e9e horaire et vont recevoir leurs gratuit\u00e9s suite \u00e0 la pr\u00e9sentation d\u2019une liste officielle de la classe. Cette liste doit \u00eatre imprim\u00e9e sur un papier officiel de l\u2019Institut et afficher les noms des \u00e9tudiants et des professeurs, aussi bien que la signature du Responsable de l\u2019Institut.<\/p>\n<p>&nbsp;<\/p>\n<p class=\"translation-block\">Nicht-EU: Schulen aus Nicht-EU-L\u00e4ndern m\u00fcssen ihre Eintrittskarten reservieren und zum Zeitpunkt der Reservierung vollst\u00e4ndig bezahlen. Eine Erkl\u00e4rung der Schule ist erforderlich, um sicherzustellen, dass die Gruppe tats\u00e4chlich von einer legitimen Schule stammt. Jede Person unter 18 Jahren mit einem g\u00fcltigen Personalausweis erh\u00e4lt eine Freikarte. Alle Personen \u00fcber 18 Jahren, einschlie\u00dflich Lehrer\/Betreuer, m\u00fcssen eine Standardkarte reservieren und bezahlen. Bitte beachten Sie, dass Sie nur f\u00fcr die Anzahl von Teilnehmern \u00fcber 18 Jahren mit insgesamt maximal 50 Teilnehmern reservieren und bezahlen m\u00fcssen. Stellen Sie sicher, dass Sie das Alter jedes Teilnehmers zum Zeitpunkt der Verwendung der Tickets \u00fcberpr\u00fcfen und NICHT das Alter beim Kauf der Tickets!<\/p>\n\n\t\t<\/div>\n\t<\/div>\n<\/div><\/div><\/div><\/div><\/div><\/div><\/div><\/div><div class=\"vc_row-full-width vc_clearfix\"><\/div>","protected":false},"excerpt":{"rendered":"Individuals A ticket for the Colosseum\/Palatine Hill &amp; Roman Forum, including ongoing exhibitions, is valid [...]","protected":false},"author":1,"featured_media":0,"parent":0,"menu_order":0,"comment_status":"closed","ping_status":"closed","template":"","meta":{"inline_featured_image":false,"footnotes":""},"class_list":["post-859","page","type-page","status-publish","hentry"],"yoast_head":"<!-- This site is optimized with the Yoast SEO plugin v15.6.2 - https:\/\/yoast.com\/wordpress\/plugins\/seo\/ -->\n<title>INDIVIDUALS, GROUPS AND SCHOOLS - Colosseum<\/title>\n<meta name=\"robots\" content=\"index, follow, max-snippet:-1, max-image-preview:large, max-video-preview:-1\" \/>\n<link rel=\"canonical\" href=\"https:\/\/colosseum.info\/de\/individuals-groups-and-schools\/\" \/>\n<meta property=\"og:locale\" content=\"de_DE\" \/>\n<meta property=\"og:type\" content=\"article\" \/>\n<meta property=\"og:title\" content=\"INDIVIDUALS, GROUPS AND SCHOOLS - Colosseum\" \/>\n<meta property=\"og:url\" content=\"https:\/\/colosseum.info\/de\/individuals-groups-and-schools\/\" \/>\n<meta property=\"og:site_name\" content=\"Colosseum\" \/>\n<meta property=\"article:modified_time\" content=\"2020-10-16T11:59:29+00:00\" \/>\n<meta name=\"twitter:card\" content=\"summary_large_image\" \/>\n<meta name=\"twitter:label1\" content=\"Gesch\u00e4tzte Lesezeit\">\n\t<meta name=\"twitter:data1\" content=\"3\u00a0Minuten\">\n<script type=\"application\/ld+json\" class=\"yoast-schema-graph\">{\"@context\":\"https:\/\/schema.org\",\"@graph\":[{\"@type\":\"WebSite\",\"@id\":\"https:\/\/colosseum.info\/#website\",\"url\":\"https:\/\/colosseum.info\/\",\"name\":\"Colosseum\",\"description\":\"Everything you need to know about visiting the Colosseum in Rome\",\"potentialAction\":[{\"@type\":\"SearchAction\",\"target\":\"https:\/\/colosseum.info\/?s={search_term_string}\",\"query-input\":\"required name=search_term_string\"}],\"inLanguage\":\"de\"},{\"@type\":\"WebPage\",\"@id\":\"https:\/\/colosseum.info\/es\/individuals-groups-and-schools\/#webpage\",\"url\":\"https:\/\/colosseum.info\/es\/individuals-groups-and-schools\/\",\"name\":\"INDIVIDUALS, GROUPS AND SCHOOLS - Colosseum\",\"isPartOf\":{\"@id\":\"https:\/\/colosseum.info\/#website\"},\"datePublished\":\"2020-05-22T13:14:36+00:00\",\"dateModified\":\"2020-10-16T11:59:29+00:00\",\"inLanguage\":\"de\",\"potentialAction\":[{\"@type\":\"ReadAction\",\"target\":[\"https:\/\/colosseum.info\/es\/individuals-groups-and-schools\/\"]}]}]}<\/script>\n<!-- \/ Yoast SEO plugin. -->","_links":{"self":[{"href":"https:\/\/colosseum.info\/de\/wp-json\/wp\/v2\/pages\/859","targetHints":{"allow":["GET"]}}],"collection":[{"href":"https:\/\/colosseum.info\/de\/wp-json\/wp\/v2\/pages"}],"about":[{"href":"https:\/\/colosseum.info\/de\/wp-json\/wp\/v2\/types\/page"}],"author":[{"embeddable":true,"href":"https:\/\/colosseum.info\/de\/wp-json\/wp\/v2\/users\/1"}],"replies":[{"embeddable":true,"href":"https:\/\/colosseum.info\/de\/wp-json\/wp\/v2\/comments?post=859"}],"version-history":[{"count":11,"href":"https:\/\/colosseum.info\/de\/wp-json\/wp\/v2\/pages\/859\/revisions"}],"predecessor-version":[{"id":2812,"href":"https:\/\/colosseum.info\/de\/wp-json\/wp\/v2\/pages\/859\/revisions\/2812"}],"wp:attachment":[{"href":"https:\/\/colosseum.info\/de\/wp-json\/wp\/v2\/media?parent=859"}],"curies":[{"name":"wp","href":"https:\/\/api.w.org\/{rel}","templated":true}]}}