{"id":874,"date":"2020-05-22T13:54:46","date_gmt":"2020-05-22T13:54:46","guid":{"rendered":"http:\/\/colosseum.info\/?page_id=874"},"modified":"2020-07-10T13:21:44","modified_gmt":"2020-07-10T13:21:44","slug":"visting-the-colosseum","status":"publish","type":"page","link":"https:\/\/colosseum.info\/de\/visting-the-colosseum\/","title":{"rendered":"BESUCH DES KOLOSSEUMS"},"content":{"rendered":"<div data-vc-full-width=\"true\" data-vc-full-width-init=\"false\" class=\"vc_row wpb_row vc_row-fluid\"><div class=\"wpb_column vc_column_container vc_col-sm-12\"><div class=\"vc_column-inner\"><div class=\"wpb_wrapper\"><div id=\"Tickets\" class=\"vc_row wpb_row vc_inner vc_row-fluid about vc_custom_1592549738574\"><div class=\"hrs wpb_column vc_column_container vc_col-sm-3\"><div class=\"vc_column-inner\"><div class=\"wpb_wrapper\">\n\t<div class=\"wpb_text_column wpb_content_element\" >\n\t\t<div class=\"wpb_wrapper\">\n\t\t\t<div class=\"about\">\n<h2 style=\"margin-top: 0px; text-align: center;\">Info<\/h2>\n<\/div>\n\n\t\t<\/div>\n\t<\/div>\n<div class=\"ult-spacer spacer-69e7b5e448583\" data-id=\"69e7b5e448583\" data-height=\"40\" data-height-mobile=\"40\" data-height-tab=\"40\" data-height-tab-portrait=\"\" data-height-mobile-landscape=\"\" style=\"clear:both;display:block;\"><\/div>\n\t<div  class=\"wpb_single_image wpb_content_element vc_align_center\">\n\t\t\n\t\t<figure class=\"wpb_wrapper vc_figure\">\n\t\t\t<div class=\"vc_single_image-wrapper   vc_box_border_grey\"><img loading=\"lazy\" decoding=\"async\" width=\"128\" height=\"128\" src=\"https:\/\/colosseum.info\/wp-content\/uploads\/2020\/05\/info.png\" class=\"vc_single_image-img attachment-full\" alt=\"\" srcset=\"https:\/\/colosseum.info\/wp-content\/uploads\/2020\/05\/info.png 128w, https:\/\/colosseum.info\/wp-content\/uploads\/2020\/05\/info-90x90.png 90w, https:\/\/colosseum.info\/wp-content\/uploads\/2020\/05\/info-59x59.png 59w\" sizes=\"auto, (max-width: 128px) 100vw, 128px\" \/><\/div>\n\t\t<\/figure>\n\t<\/div>\n<\/div><\/div><\/div><div class=\"wpb_column vc_column_container vc_col-sm-9\"><div class=\"vc_column-inner\"><div class=\"wpb_wrapper\">\n\t<div class=\"wpb_text_column wpb_content_element\" >\n\t\t<div class=\"wpb_wrapper\">\n\t\t\t<h3 style=\"text-align: center;\">WHAT IS THE BEST WAY TO VISIT THE COLOSSEUM?<\/h3>\n\n\t\t<\/div>\n\t<\/div>\n<div class=\"ult-spacer spacer-69e7b5e448ee1\" data-id=\"69e7b5e448ee1\" data-height=\"20\" data-height-mobile=\"20\" data-height-tab=\"20\" data-height-tab-portrait=\"\" data-height-mobile-landscape=\"\" style=\"clear:both;display:block;\"><\/div>\n\t<div class=\"wpb_text_column wpb_content_element\" >\n\t\t<div class=\"wpb_wrapper\">\n\t\t\t<p>Das Kolosseum zieht jedes Jahr Millionen von Besuchern an und ist eine der beliebtesten Sehensw\u00fcrdigkeiten Roms. Es beherbergt jedoch auch einige der l\u00e4ngsten Linien der Stadt. Um das Beste aus Ihrem Besuch in Rom herauszuholen, ist es wichtig, dass Sie Ihren Besuch im Kolosseum im Voraus planen. Fr\u00fchaufsteher haben in der Regel die k\u00fcrzeste Wartezeit, aber denken Sie daran, dass Reisen in der Hochsaison unabh\u00e4ngig von der Tageszeit zu vielen Menschen f\u00fchren.<\/p>\n<p>Im Eintrittspreis f\u00fcr das Kolosseum ist auch der Besuch des Forum Romanum\/Palatinh\u00fcgel inbegriffen. Das Forum Romanum und der Pf\u00e4lzer H\u00fcgel sind technisch gesehen zwei verschiedene St\u00e4tten, aber da sie nebeneinander liegen, werden sie als ein Gebiet betrachtet. Dies bedeutet, dass die Eintrittskarte f\u00fcr das Kolosseum zweimal verwendet werden kann: ein Eintritt in das Kolosseum (zur angegebenen Reservierungszeit) und ein Eintritt in das Forum Romanum\/Palatinh\u00fcgel (entweder Uhr\u00a0 selben Tag oder innerhalb von 24 Stunden nach der Reservierungszeit). Denken Sie daran, dass das Forum Romanum\/Palatinische H\u00fcgel ein gro\u00dfes Gebiet ist und die Erkundung normalerweise mindestens eine Stunde dauert - planen Sie Ihre Reiseroute also entsprechend.<\/p>\n<p>Das Kolosseum und das Forum Romanum\/Palatinische H\u00fcgel sind t\u00e4glich um 8.30 Uhr ge\u00f6ffnet, und der letzte Eingang ist etwa eine Stunde vor Einbruch der Dunkelheit (Zeitplan siehe Tabelle unten). Alle Besucher d\u00fcrfen sich eine Stunde nach dem letzten Eingang auf dem Gel\u00e4nde aufhalten. Aufgrund der betr\u00e4chtlichen Gr\u00f6\u00dfe des Forum Romanum\/Palatinh\u00fcgel werden die W\u00e4chter die Besucher anweisen, das Gel\u00e4nde fr\u00fchzeitig zu verlassen, um sicherzustellen, dass die St\u00e4tte p\u00fcnktlich geschlossen werden kann - dies kann sogar 30 Minuten vor Schlie\u00dfung geschehen, so dass Sie gen\u00fcgend Zeit f\u00fcr die Besichtigung der St\u00e4tte einplanen sollten.<\/p>\n\n\t\t<\/div>\n\t<\/div>\n<\/div><\/div><\/div><\/div><\/div><\/div><\/div><\/div><div class=\"vc_row-full-width vc_clearfix\"><\/div><div data-vc-full-width=\"true\" data-vc-full-width-init=\"false\" class=\"vc_row wpb_row vc_row-fluid\"><div class=\"wpb_column vc_column_container vc_col-sm-12\"><div class=\"vc_column-inner\"><div class=\"wpb_wrapper\"><div id=\"Opening-time\" class=\"vc_row wpb_row vc_inner vc_row-fluid about vc_custom_1592549734111\"><div class=\"hrs wpb_column vc_column_container vc_col-sm-3\"><div class=\"vc_column-inner\"><div class=\"wpb_wrapper\">\n\t<div class=\"wpb_text_column wpb_content_element\" >\n\t\t<div class=\"wpb_wrapper\">\n\t\t\t<h2 style=\"margin-top: 0px; text-align: center;\">ARTEN VON FAHRKARTEN<\/h2>\n\n\t\t<\/div>\n\t<\/div>\n<div class=\"ult-spacer spacer-69e7b5e449c59\" data-id=\"69e7b5e449c59\" data-height=\"40\" data-height-mobile=\"40\" data-height-tab=\"40\" data-height-tab-portrait=\"\" data-height-mobile-landscape=\"\" style=\"clear:both;display:block;\"><\/div>\n\t<div  class=\"wpb_single_image wpb_content_element vc_align_center\">\n\t\t\n\t\t<figure class=\"wpb_wrapper vc_figure\">\n\t\t\t<div class=\"vc_single_image-wrapper   vc_box_border_grey\"><img loading=\"lazy\" decoding=\"async\" width=\"128\" height=\"128\" src=\"https:\/\/colosseum.info\/wp-content\/uploads\/2019\/09\/movie-tickets.png\" class=\"vc_single_image-img attachment-full\" alt=\"\" srcset=\"https:\/\/colosseum.info\/wp-content\/uploads\/2019\/09\/movie-tickets.png 128w, https:\/\/colosseum.info\/wp-content\/uploads\/2019\/09\/movie-tickets-90x90.png 90w, https:\/\/colosseum.info\/wp-content\/uploads\/2019\/09\/movie-tickets-59x59.png 59w\" sizes=\"auto, (max-width: 128px) 100vw, 128px\" \/><\/div>\n\t\t<\/figure>\n\t<\/div>\n<\/div><\/div><\/div><div class=\"wpb_column vc_column_container vc_col-sm-9\"><div class=\"vc_column-inner\"><div class=\"wpb_wrapper\">\n\t<div class=\"wpb_text_column wpb_content_element\" >\n\t\t<div class=\"wpb_wrapper\">\n\t\t\t<h3 style=\"text-align: center;\">WHAT ARE THE TYPES OF TICKETS AVAILABLE FOR THE COLOSSEUM?<\/h3>\n\n\t\t<\/div>\n\t<\/div>\n<div class=\"ult-spacer spacer-69e7b5e44a41d\" data-id=\"69e7b5e44a41d\" data-height=\"20\" data-height-mobile=\"20\" data-height-tab=\"20\" data-height-tab-portrait=\"\" data-height-mobile-landscape=\"\" style=\"clear:both;display:block;\"><\/div>\n\t<div class=\"wpb_text_column wpb_content_element\" >\n\t\t<div class=\"wpb_wrapper\">\n\t\t\t<p>Es gibt viele M\u00f6glichkeiten, das Kolosseum zu besuchen. Jede Reservierungskarte hat einen zeitlich festgelegten Eingang zum Kolosseum, also \u00fcberpr\u00fcfen Sie Ihre Karte und kommen Sie mit gen\u00fcgend Zeit an. Jede Eintrittskarte beinhaltet auch einen Eingang zum R\u00f6mischen Forum\/Palatinh\u00fcgel, wie bereits erw\u00e4hnt. Sie k\u00f6nnen das Forum Romanum\/Palatinh\u00fcgel Uhr\u00a0 selben Tag oder innerhalb von 24 Stunden nach der Reservierungszeit betreten.<\/p>\n<p>Nehmen wir zum Beispiel an, Sie haben um 14.00 Uhr einen Eingang zum Kolosseum. Sie m\u00fcssen sich gegen 13.30 Uhr Uhr\u00a0 Haupteingang des Kolosseums einfinden, dem Personal des Kolosseums Ihre Eintrittskarte vorzeigen und sie werden Sie in die Sicherheitslinie einlassen (m\u00f6glicherweise m\u00fcssen Sie bis 10 Minuten vor Ihrer Reservierungszeit warten). Die Eintrittszeit in das Kolosseum ist nicht verhandelbar. Der Eingang zum R\u00f6mischen Forum\/Palatinh\u00fcgel liegt in Ihrem Ermessen. Sie k\u00f6nnen ihn auf drei verschiedene Arten benutzen: Uhr\u00a0 selben Tag, aber morgens und Ankunft Uhr\u00a0 Eingang des Kolosseums um 13.30 Uhr; Uhr\u00a0 selben Tag, aber nach Beendigung Ihres Besuchs im Kolosseum und vor der letzten Eintrittszeit f\u00fcr das Forum\/Palatinh\u00fcgel; Uhr\u00a0 folgenden Tag, aber Eintritt in das Forum\/Palatin vor Ablauf der Eintrittskarte um 14.00 Uhr.<\/p>\n<p>Neben der Standard-Ticket-Option gibt es auch Tickets mit beschr\u00e4nktem Zugang, die zum Kauf angeboten werden. Diese Upgrade-Tickets beinhalten den Zutritt zur Arena-B\u00fchne des Kolosseums, zu den Dungeons im Untergeschoss des Kolosseums und zum Oberen\/dritten Rang des Kolosseums. Der Zugang zu diesen VIP-Bereichen erfolgt \u00fcber den Stern-Eingang, der gemeinhin als Gladiatorentor-Eingang bezeichnet wird. Dieser separate Eingang hat viel k\u00fcrzere Sicherheitslinien als der Haupteingang. Eine detaillierte Liste der Ticket-Optionen finden Sie auf der Seite TICKETS.<\/p>\n\n\t\t<\/div>\n\t<\/div>\n<\/div><\/div><\/div><\/div><\/div><\/div><\/div><\/div><div class=\"vc_row-full-width vc_clearfix\"><\/div><!-- Row Backgrounds --><div class=\"upb_color\" data-bg-override=\"0\" data-bg-color=\"#f2f2f2\" data-fadeout=\"\" data-fadeout-percentage=\"30\" data-parallax-content=\"\" data-parallax-content-sense=\"30\" data-row-effect-mobile-disable=\"true\" data-img-parallax-mobile-disable=\"true\" data-rtl=\"false\"  data-custom-vc-row=\"\"  data-vc=\"5.5.2\"  data-is_old_vc=\"\"  data-theme-support=\"\"   data-overlay=\"false\" data-overlay-color=\"\" data-overlay-pattern=\"\" data-overlay-pattern-opacity=\"\" data-overlay-pattern-size=\"\"    ><\/div><div data-vc-full-width=\"true\" data-vc-full-width-init=\"false\" class=\"vc_row wpb_row vc_row-fluid\"><div class=\"wpb_column vc_column_container vc_col-sm-12\"><div class=\"vc_column-inner\"><div class=\"wpb_wrapper\"><div class=\"vc_row wpb_row vc_inner vc_row-fluid about vc_custom_1592549722544\"><div class=\"hrs wpb_column vc_column_container vc_col-sm-3\"><div class=\"vc_column-inner\"><div class=\"wpb_wrapper\">\n\t<div class=\"wpb_text_column wpb_content_element\" >\n\t\t<div class=\"wpb_wrapper\">\n\t\t\t<div class=\"about\">\n<h2 style=\"margin-top: 0px; text-align: center;\">WAS IST\/SIND NICHT ERLAUBT<\/h2>\n<\/div>\n\n\t\t<\/div>\n\t<\/div>\n<div class=\"ult-spacer spacer-69e7b5e44a9f4\" data-id=\"69e7b5e44a9f4\" data-height=\"40\" data-height-mobile=\"40\" data-height-tab=\"40\" data-height-tab-portrait=\"\" data-height-mobile-landscape=\"\" style=\"clear:both;display:block;\"><\/div>\n\t<div  class=\"wpb_single_image wpb_content_element vc_align_center\">\n\t\t\n\t\t<figure class=\"wpb_wrapper vc_figure\">\n\t\t\t<div class=\"vc_single_image-wrapper   vc_box_border_grey\"><img loading=\"lazy\" decoding=\"async\" width=\"128\" height=\"128\" src=\"https:\/\/colosseum.info\/wp-content\/uploads\/2020\/05\/ok.png\" class=\"vc_single_image-img attachment-full\" alt=\"\" srcset=\"https:\/\/colosseum.info\/wp-content\/uploads\/2020\/05\/ok.png 128w, https:\/\/colosseum.info\/wp-content\/uploads\/2020\/05\/ok-90x90.png 90w, https:\/\/colosseum.info\/wp-content\/uploads\/2020\/05\/ok-59x59.png 59w\" sizes=\"auto, (max-width: 128px) 100vw, 128px\" \/><\/div>\n\t\t<\/figure>\n\t<\/div>\n<\/div><\/div><\/div><div class=\"wpb_column vc_column_container vc_col-sm-9\"><div class=\"vc_column-inner\"><div class=\"wpb_wrapper\">\n\t<div class=\"wpb_text_column wpb_content_element\" >\n\t\t<div class=\"wpb_wrapper\">\n\t\t\t<h3 style=\"text-align: center;\">ARE THERE THINGS I CANNOT BRING INSIDE THE COLOSSEUM?<\/h3>\n\n\t\t<\/div>\n\t<\/div>\n<div class=\"ult-spacer spacer-69e7b5e44b13f\" data-id=\"69e7b5e44b13f\" data-height=\"20\" data-height-mobile=\"20\" data-height-tab=\"20\" data-height-tab-portrait=\"\" data-height-mobile-landscape=\"\" style=\"clear:both;display:block;\"><\/div>\n\t<div class=\"wpb_text_column wpb_content_element\" >\n\t\t<div class=\"wpb_wrapper\">\n\t\t\t<p>Das Kolosseum verlangt, dass alle Besucher eine Sicherheitskontrolle passieren. \u00c4hnlich wie bei den Sicherheitskontrollen Uhr\u00a0 Flughafen ist der Ablauf im Grunde derselbe. Den Besuchern werden kleine Tabletts zum Ausleeren ihrer Taschen zur Verf\u00fcgung gestellt, und alle Gegenst\u00e4nde m\u00fcssen die R\u00f6ntgenger\u00e4te passieren. Es ist nicht ungew\u00f6hnlich, dass Besucher gezwungen werden, entweder Gegenst\u00e4nde wegzuwerfen oder das Kolosseum nicht zu betreten. Um einen einfachen Zugang zu gew\u00e4hrleisten, finden Sie hier eine Liste dessen, was im Kolosseum erlaubt und was nicht erlaubt ist<\/p>\n<p><strong>ERLAUBT* :<\/strong><\/p>\n<ul>\n<li>small\/medium bag and backpacks (no roller-bags of any size are allowed)<\/li>\n<li>Wasserflaschen aus Plastik (Sie k\u00f6nnen gebeten werden, sie zu entleeren, aber Sie k\u00f6nnen sie wieder auff\u00fcllen)<\/li>\n<li>Nicht-Aerosol-Sprays*<\/li>\n<\/ul>\n<p>&nbsp;<\/p>\n<p><strong>NICHT ERLAUBT**:<\/strong><\/p>\n<ul>\n<li>kleine\/mittlere Taschen und Rucks\u00e4cke (Koffer jeglicher Gr\u00f6\u00dfe sind nicht erlaubt)<\/li>\n<li>Glass containers\/bottles<\/li>\n<li>Weapons (including pocket knives)<\/li>\n<li>Aerosol sprays<\/li>\n<\/ul>\n<p>&nbsp;<\/p>\n<p><strong>*<\/strong> *Es wird empfohlen, sentimentale Gegenst\u00e4nde in Ihrer Unterkunft zu lassen.<\/p>\n<p><strong>**<\/strong> **Bitte beachten Sie: was erlaubt ist\/nicht erlaubt ist, wird vom Sicherheitspersonal des Kolosseums entschieden und kann nach eigenem Ermessen ge\u00e4ndert werden. In der Vergangenheit gab es Zeiten, in denen keine Fl\u00fcssigkeiten, nicht einmal Wasser, in das Kolosseum gebracht werden durften (einschlie\u00dflich Make-up, Sonnencreme usw.). In diesem Fall k\u00f6nnen Sie Ihre Wasserflaschen leeren und zum Auff\u00fcllen im Kolosseum bei sich behalten.<\/p>\n\n\t\t<\/div>\n\t<\/div>\n<\/div><\/div><\/div><\/div><\/div><\/div><\/div><\/div><div class=\"vc_row-full-width vc_clearfix\"><\/div><div data-vc-full-width=\"true\" data-vc-full-width-init=\"false\" class=\"vc_row wpb_row vc_row-fluid\"><div class=\"wpb_column vc_column_container vc_col-sm-12\"><div class=\"vc_column-inner\"><div class=\"wpb_wrapper\"><div class=\"vc_row wpb_row vc_inner vc_row-fluid about vc_custom_1592549727190\"><div class=\"hrs wpb_column vc_column_container vc_col-sm-3\"><div class=\"vc_column-inner\"><div class=\"wpb_wrapper\">\n\t<div class=\"wpb_text_column wpb_content_element\" >\n\t\t<div class=\"wpb_wrapper\">\n\t\t\t<h2 style=\"margin-top: 0px; text-align: center;\">\u00d6FFNUNGSZEITEN DES KOLOSSEUMS<\/h2>\n\n\t\t<\/div>\n\t<\/div>\n<div class=\"ult-spacer spacer-69e7b5e44b537\" data-id=\"69e7b5e44b537\" data-height=\"40\" data-height-mobile=\"40\" data-height-tab=\"40\" data-height-tab-portrait=\"\" data-height-mobile-landscape=\"\" style=\"clear:both;display:block;\"><\/div>\n\t<div  class=\"wpb_single_image wpb_content_element vc_align_center\">\n\t\t\n\t\t<figure class=\"wpb_wrapper vc_figure\">\n\t\t\t<div class=\"vc_single_image-wrapper   vc_box_border_grey\"><img loading=\"lazy\" decoding=\"async\" width=\"128\" height=\"128\" src=\"https:\/\/colosseum.info\/wp-content\/uploads\/2020\/05\/watch.png\" class=\"vc_single_image-img attachment-full\" alt=\"\" srcset=\"https:\/\/colosseum.info\/wp-content\/uploads\/2020\/05\/watch.png 128w, https:\/\/colosseum.info\/wp-content\/uploads\/2020\/05\/watch-90x90.png 90w, https:\/\/colosseum.info\/wp-content\/uploads\/2020\/05\/watch-59x59.png 59w\" sizes=\"auto, (max-width: 128px) 100vw, 128px\" \/><\/div>\n\t\t<\/figure>\n\t<\/div>\n<\/div><\/div><\/div><div class=\"wpb_column vc_column_container vc_col-sm-9\"><div class=\"vc_column-inner\"><div class=\"wpb_wrapper\">\n\t<div class=\"wpb_text_column wpb_content_element\" >\n\t\t<div class=\"wpb_wrapper\">\n\t\t\t<h3 style=\"text-align: center;\">WHAT TIME DOES THE COLOSSEUM OPEN\/CLOSE?<\/h3>\n\n\t\t<\/div>\n\t<\/div>\n<div class=\"ult-spacer spacer-69e7b5e44bd12\" data-id=\"69e7b5e44bd12\" data-height=\"20\" data-height-mobile=\"20\" data-height-tab=\"20\" data-height-tab-portrait=\"\" data-height-mobile-landscape=\"\" style=\"clear:both;display:block;\"><\/div>\n\t<div class=\"wpb_text_column wpb_content_element\" >\n\t\t<div class=\"wpb_wrapper\">\n\t\t\t<table class=\"ticket-table\" style=\"width: 100%;\" cellpadding=\"10\">\n<tbody>\n<tr>\n<td><strong>Date From<\/strong><\/td>\n<td><strong>Date to<\/strong><\/td>\n<td><strong>Timing<\/strong><\/td>\n<\/tr>\n<tr>\n<td><span style=\"font-weight: 400;\">2 January<\/span><\/td>\n<td><span style=\"font-weight: 400;\">15 February<\/span><\/td>\n<td><span style=\"font-weight: 400;\">8:30AM &#8211; 3:30PM<\/span><\/td>\n<\/tr>\n<tr>\n<td><span style=\"font-weight: 400;\">16 February<\/span><\/td>\n<td><span style=\"font-weight: 400;\">15 March<\/span><\/td>\n<td><span style=\"font-weight: 400;\">8:30AM &#8211; 4:00PM<\/span><\/td>\n<\/tr>\n<tr>\n<td><span style=\"font-weight: 400;\">16 March<\/span><\/td>\n<td><span style=\"font-weight: 400;\">last Saturday of March<\/span><\/td>\n<td><span style=\"font-weight: 400;\">8:30AM &#8211; 4:30PM<\/span><\/td>\n<\/tr>\n<tr>\n<td><span style=\"font-weight: 400;\">Last Sunday of March<\/span><\/td>\n<td><span style=\"font-weight: 400;\">31 August<\/span><\/td>\n<td><span style=\"font-weight: 400;\">8:30AM &#8211; 6:15PM<\/span><\/td>\n<\/tr>\n<tr>\n<td><span style=\"font-weight: 400;\">1 September<\/span><\/td>\n<td><span style=\"font-weight: 400;\">30 September<\/span><\/td>\n<td>8:30AM &#8211; 6:00PM<\/td>\n<\/tr>\n<tr>\n<td><span style=\"font-weight: 400;\">1 October <\/span><\/td>\n<td><span style=\"font-weight: 400;\">last Saturday of October<\/span><\/td>\n<td>8:30AM &#8211; 5:30PM<\/td>\n<\/tr>\n<tr>\n<td><span style=\"font-weight: 400;\">\u20ac0.00 + \u20ac2.00<\/span><\/td>\n<td><span style=\"font-weight: 400;\">\u20ac17.00 + \u20ac2.00<\/span><\/td>\n<td>\u20ac11.00 + \u20ac2.00<\/td>\n<\/tr>\n<tr>\n<td><span style=\"font-weight: 400;\">Last Sunday of October<\/span><\/td>\n<td><span style=\"font-weight: 400;\">31 December<\/span><\/td>\n<td>8:30AM &#8211; 3:30PM<\/td>\n<\/tr>\n<\/tbody>\n<\/table>\n<p>Visitors are allowed to remain inside 1 hour after closing time.<\/p>\n<p>The Colosseum is closed on 1 January, 1 May, and 25 December<\/p>\n\n\t\t<\/div>\n\t<\/div>\n<\/div><\/div><\/div><\/div><\/div><\/div><\/div><\/div><div class=\"vc_row-full-width vc_clearfix\"><\/div><!-- Row Backgrounds --><div class=\"upb_color\" data-bg-override=\"0\" data-bg-color=\"#f2f2f2\" data-fadeout=\"\" data-fadeout-percentage=\"30\" data-parallax-content=\"\" data-parallax-content-sense=\"30\" data-row-effect-mobile-disable=\"true\" data-img-parallax-mobile-disable=\"true\" data-rtl=\"false\"  data-custom-vc-row=\"\"  data-vc=\"5.5.2\"  data-is_old_vc=\"\"  data-theme-support=\"\"   data-overlay=\"false\" data-overlay-color=\"\" data-overlay-pattern=\"\" data-overlay-pattern-opacity=\"\" data-overlay-pattern-size=\"\"    ><\/div>","protected":false},"excerpt":{"rendered":"Info WHAT IS THE BEST WAY TO VISIT THE COLOSSEUM? The Colosseum attracts millions of [...]","protected":false},"author":1,"featured_media":0,"parent":0,"menu_order":0,"comment_status":"closed","ping_status":"closed","template":"","meta":{"inline_featured_image":false,"footnotes":""},"class_list":["post-874","page","type-page","status-publish","hentry"],"yoast_head":"<!-- This site is optimized with the Yoast SEO plugin v15.6.2 - https:\/\/yoast.com\/wordpress\/plugins\/seo\/ -->\n<title>Visting the Colosseum - Colosseum<\/title>\n<meta name=\"robots\" content=\"index, follow, max-snippet:-1, max-image-preview:large, max-video-preview:-1\" \/>\n<link rel=\"canonical\" href=\"https:\/\/colosseum.info\/de\/visting-the-colosseum\/\" \/>\n<meta property=\"og:locale\" content=\"de_DE\" \/>\n<meta property=\"og:type\" content=\"article\" \/>\n<meta property=\"og:title\" content=\"Visting the Colosseum - Colosseum\" \/>\n<meta property=\"og:url\" content=\"https:\/\/colosseum.info\/de\/visting-the-colosseum\/\" \/>\n<meta property=\"og:site_name\" content=\"Colosseum\" \/>\n<meta property=\"article:modified_time\" content=\"2020-07-10T13:21:44+00:00\" \/>\n<meta name=\"twitter:card\" content=\"summary_large_image\" \/>\n<meta name=\"twitter:label1\" content=\"Gesch\u00e4tzte Lesezeit\">\n\t<meta name=\"twitter:data1\" content=\"6\u00a0Minuten\">\n<script type=\"application\/ld+json\" class=\"yoast-schema-graph\">{\"@context\":\"https:\/\/schema.org\",\"@graph\":[{\"@type\":\"WebSite\",\"@id\":\"https:\/\/colosseum.info\/#website\",\"url\":\"https:\/\/colosseum.info\/\",\"name\":\"Colosseum\",\"description\":\"Everything you need to know about visiting the Colosseum in Rome\",\"potentialAction\":[{\"@type\":\"SearchAction\",\"target\":\"https:\/\/colosseum.info\/?s={search_term_string}\",\"query-input\":\"required name=search_term_string\"}],\"inLanguage\":\"de\"},{\"@type\":\"WebPage\",\"@id\":\"https:\/\/colosseum.info\/visting-the-colosseum\/#webpage\",\"url\":\"https:\/\/colosseum.info\/visting-the-colosseum\/\",\"name\":\"Visting the Colosseum - Colosseum\",\"isPartOf\":{\"@id\":\"https:\/\/colosseum.info\/#website\"},\"datePublished\":\"2020-05-22T13:54:46+00:00\",\"dateModified\":\"2020-07-10T13:21:44+00:00\",\"inLanguage\":\"de\",\"potentialAction\":[{\"@type\":\"ReadAction\",\"target\":[\"https:\/\/colosseum.info\/visting-the-colosseum\/\"]}]}]}<\/script>\n<!-- \/ Yoast SEO plugin. -->","_links":{"self":[{"href":"https:\/\/colosseum.info\/de\/wp-json\/wp\/v2\/pages\/874","targetHints":{"allow":["GET"]}}],"collection":[{"href":"https:\/\/colosseum.info\/de\/wp-json\/wp\/v2\/pages"}],"about":[{"href":"https:\/\/colosseum.info\/de\/wp-json\/wp\/v2\/types\/page"}],"author":[{"embeddable":true,"href":"https:\/\/colosseum.info\/de\/wp-json\/wp\/v2\/users\/1"}],"replies":[{"embeddable":true,"href":"https:\/\/colosseum.info\/de\/wp-json\/wp\/v2\/comments?post=874"}],"version-history":[{"count":16,"href":"https:\/\/colosseum.info\/de\/wp-json\/wp\/v2\/pages\/874\/revisions"}],"predecessor-version":[{"id":1668,"href":"https:\/\/colosseum.info\/de\/wp-json\/wp\/v2\/pages\/874\/revisions\/1668"}],"wp:attachment":[{"href":"https:\/\/colosseum.info\/de\/wp-json\/wp\/v2\/media?parent=874"}],"curies":[{"name":"wp","href":"https:\/\/api.w.org\/{rel}","templated":true}]}}