{"id":2459,"date":"2020-10-01T10:24:22","date_gmt":"2020-10-01T10:24:22","guid":{"rendered":"http:\/\/colosseum.info\/?page_id=2459"},"modified":"2020-10-17T12:26:53","modified_gmt":"2020-10-17T12:26:53","slug":"travel-tips","status":"publish","type":"page","link":"https:\/\/colosseum.info\/es\/travel-tips\/","title":{"rendered":"TRAVEL TIPS"},"content":{"rendered":"<div data-vc-full-width=\"true\" data-vc-full-width-init=\"false\" class=\"vc_row wpb_row vc_row-fluid vc_custom_1602937156543 vc_row-has-fill\"><div class=\"wpb_column vc_column_container vc_col-sm-12\"><div class=\"vc_column-inner\"><div class=\"wpb_wrapper\"><div id=\"Tickets\" class=\"vc_row wpb_row vc_inner vc_row-fluid about vc_custom_1602937149747\"><div class=\"hrs wpb_column vc_column_container vc_col-sm-2\"><div class=\"vc_column-inner\"><div class=\"wpb_wrapper\">\n\t<div class=\"wpb_text_column wpb_content_element\" >\n\t\t<div class=\"wpb_wrapper\">\n\t\t\t<div class=\"about\">\n<h2 style=\"margin-top: 0px; text-align: center;\">Info<\/h2>\n<\/div>\n\n\t\t<\/div>\n\t<\/div>\n<div class=\"ult-spacer spacer-69de91df5c1e5\" data-id=\"69de91df5c1e5\" data-height=\"40\" data-height-mobile=\"40\" data-height-tab=\"40\" data-height-tab-portrait=\"\" data-height-mobile-landscape=\"\" style=\"clear:both;display:block;\"><\/div>\n\t<div  class=\"wpb_single_image wpb_content_element vc_align_center\">\n\t\t\n\t\t<figure class=\"wpb_wrapper vc_figure\">\n\t\t\t<div class=\"vc_single_image-wrapper   vc_box_border_grey\"><img loading=\"lazy\" decoding=\"async\" width=\"128\" height=\"128\" src=\"https:\/\/colosseum.info\/wp-content\/uploads\/2020\/05\/info.png\" class=\"vc_single_image-img attachment-full\" alt=\"\" srcset=\"https:\/\/colosseum.info\/wp-content\/uploads\/2020\/05\/info.png 128w, https:\/\/colosseum.info\/wp-content\/uploads\/2020\/05\/info-90x90.png 90w, https:\/\/colosseum.info\/wp-content\/uploads\/2020\/05\/info-59x59.png 59w\" sizes=\"auto, (max-width: 128px) 100vw, 128px\" \/><\/div>\n\t\t<\/figure>\n\t<\/div>\n<\/div><\/div><\/div><div class=\"wpb_column vc_column_container vc_col-sm-10\"><div class=\"vc_column-inner\"><div class=\"wpb_wrapper\">\n\t<div class=\"wpb_text_column wpb_content_element\" >\n\t\t<div class=\"wpb_wrapper\">\n\t\t\t<h3 style=\"text-align: center;\">\u00bfCU\u00c1L ES EL MEJOR MODO DE VISITAR EL COLISEO?<\/h3>\n\n\t\t<\/div>\n\t<\/div>\n<div class=\"ult-spacer spacer-69de91df5d1f7\" data-id=\"69de91df5d1f7\" data-height=\"20\" data-height-mobile=\"20\" data-height-tab=\"20\" data-height-tab-portrait=\"\" data-height-mobile-landscape=\"\" style=\"clear:both;display:block;\"><\/div>\n\t<div class=\"wpb_text_column wpb_content_element\" >\n\t\t<div class=\"wpb_wrapper\">\n\t\t\t<p><b>The Colosseum attracts millions of visitors<\/b><span style=\"font-weight: 400;\"> every year and is one of Rome\u2019s most popular sites. That being said, it is also home to some of the longest lines in the city. In order to get the most out of your visit to Rome, <\/span><b>it is vital that you plan your Colosseum visit in advance<\/b><span style=\"font-weight: 400;\">. Early birds usually have the shortest waiting time but, keep in mind, traveling during peak season means <\/span><b>crowds no matter the time of day<\/b><span style=\"font-weight: 400;\">.<\/span><\/p>\n<p><span style=\"font-weight: 400;\">La entrada al Coliseo tambi\u00e9n incluye una visita al Foro Romano\/monte Palatino. El Foro Romano y el monte Palatino t\u00e9cnicamente son dos sitios distintos, pero como est\u00e1n ubicados uno al lado del otro, se consideran una sola \u00e1rea. Esto significa que el boleto del Coliseo puede ser usado dos veces: una entrada al Coliseo (al horario especificado en la reserva) y un ingreso al Foro Romano\/monte Palatino (el mismo d\u00eda o dentro de las 24 horas del horario de reserva). Ten en cuenta que el Foro Romano\/monte Palatino es una zona inmensa y suele tomar al menos una hora para explorarla \u2013 as\u00ed que planea tu itinerario en consecuencia.<\/span><\/p>\n<p><span style=\"font-weight: 400;\">The Colosseum and Roman Forum\/Palatine Hill open everyday at 8:30am and the last entrance is about an hour before dusk (see chart below for time schedule). All visitors are allowed to remain in the site one hour after the last entrance. Due to the significant size of the Roman Forum\/Palatine Hill, the custodians will direct visitors to exit the area early in order to ensure the site can close on time &#8211; this can happen even 30 minutes prior to closing time, so be sure to <\/span><b>allow plenty of time to visit the site<\/b><span style=\"font-weight: 400;\">.<\/span><\/p>\n\n\t\t<\/div>\n\t<\/div>\n<\/div><\/div><\/div><\/div><\/div><\/div><\/div><\/div><div class=\"vc_row-full-width vc_clearfix\"><\/div><div data-vc-full-width=\"true\" data-vc-full-width-init=\"false\" class=\"vc_row wpb_row vc_row-fluid vc_custom_1602937164931\"><div class=\"wpb_column vc_column_container vc_col-sm-12\"><div class=\"vc_column-inner\"><div class=\"wpb_wrapper\"><div id=\"Opening-time\" class=\"vc_row wpb_row vc_inner vc_row-fluid about vc_custom_1602937196194\"><div class=\"hrs wpb_column vc_column_container vc_col-sm-2\"><div class=\"vc_column-inner\"><div class=\"wpb_wrapper\">\n\t<div class=\"wpb_text_column wpb_content_element\" >\n\t\t<div class=\"wpb_wrapper\">\n\t\t\t<h2 style=\"margin-top: 0px; text-align: center;\">TIPOS DE TICKETS<\/h2>\n\n\t\t<\/div>\n\t<\/div>\n<div class=\"ult-spacer spacer-69de91df5ed66\" data-id=\"69de91df5ed66\" data-height=\"40\" data-height-mobile=\"40\" data-height-tab=\"40\" data-height-tab-portrait=\"\" data-height-mobile-landscape=\"\" style=\"clear:both;display:block;\"><\/div>\n\t<div  class=\"wpb_single_image wpb_content_element vc_align_center\">\n\t\t\n\t\t<figure class=\"wpb_wrapper vc_figure\">\n\t\t\t<div class=\"vc_single_image-wrapper   vc_box_border_grey\"><img loading=\"lazy\" decoding=\"async\" width=\"128\" height=\"128\" src=\"https:\/\/colosseum.info\/wp-content\/uploads\/2019\/09\/movie-tickets.png\" class=\"vc_single_image-img attachment-full\" alt=\"\" srcset=\"https:\/\/colosseum.info\/wp-content\/uploads\/2019\/09\/movie-tickets.png 128w, https:\/\/colosseum.info\/wp-content\/uploads\/2019\/09\/movie-tickets-90x90.png 90w, https:\/\/colosseum.info\/wp-content\/uploads\/2019\/09\/movie-tickets-59x59.png 59w\" sizes=\"auto, (max-width: 128px) 100vw, 128px\" \/><\/div>\n\t\t<\/figure>\n\t<\/div>\n<\/div><\/div><\/div><div class=\"wpb_column vc_column_container vc_col-sm-10\"><div class=\"vc_column-inner\"><div class=\"wpb_wrapper\">\n\t<div class=\"wpb_text_column wpb_content_element\" >\n\t\t<div class=\"wpb_wrapper\">\n\t\t\t<h3 style=\"text-align: center;\">\u00bfQU\u00c9 TIPOS DE TICKETS HAY DISPONIBLES EN EL COLISEO?<\/h3>\n\n\t\t<\/div>\n\t<\/div>\n<div class=\"ult-spacer spacer-69de91df606c9\" data-id=\"69de91df606c9\" data-height=\"20\" data-height-mobile=\"20\" data-height-tab=\"20\" data-height-tab-portrait=\"\" data-height-mobile-landscape=\"\" style=\"clear:both;display:block;\"><\/div>\n\t<div class=\"wpb_text_column wpb_content_element\" >\n\t\t<div class=\"wpb_wrapper\">\n\t\t\t<p><span style=\"font-weight: 400;\">There are many ways to visit the Colosseum. Every reservation ticket has a timed entrance for the Colosseum so be sure to check your ticket and <\/span><b>arrive with plenty of time to spare<\/b><span style=\"font-weight: 400;\">. Each ticket also includes one entrance to the Roman Forum\/Palatine Hill, as stated earlier. You can enter the Roman Forum\/Palatine Hill on the same day or within 24hrs of the reservation time.\u00a0<\/span><\/p>\n<p>&nbsp;<\/p>\n<p><span style=\"font-weight: 400;\">Digamos, por ejemplo, que tienes un horario de ingreso al Coliseo de 2:00pm. Tendr\u00e1s que llegar a la entrada principal del Coliseo hacia las 1:30pm, mostrarle tu ticket al personal del Coliseo y ellos te dejar\u00e1n entrar a la fila de control de seguridad (puede que tengas que esperar hasta 10 minutos antes de tu horario de reserva). La entrada al Coliseo no es negociable. La entrada al Foro Romano\/monte Palatino depende de ti. Puedes usarlas de tres formas distintas: el mismo d\u00eda pero a la ma\u00f1ana, y llegar a la entrada del Coliseo a la 1:30 pm; el mismo d\u00eda pero luego de terminar tu visita al Coliseo y antes del \u00faltimo horario de ingreso al Foro\/Palatino; al d\u00eda siguiente pero entrando al Foro\/Palatino antes de que expire el ticket a las 2:00pm.\u00a0<\/span><\/p>\n<p><span style=\"font-weight: 400;\">In addition to the standard ticket option, there are <\/span><b>restricted-access tickets<\/b><span style=\"font-weight: 400;\"> available for purchase. These upgraded tickets include access to the <\/span><b>Colosseum\u2019s Arena Stage<\/b><span style=\"font-weight: 400;\">, the <\/span><b>Dungeons\/Underground<\/b><span style=\"font-weight: 400;\"> level of the Colosseum, and the <\/span><b>Colosseum\u2019s Upper Level\/Third Tier<\/b><span style=\"font-weight: 400;\">. These VIP areas are accessed via the Stern entrance, commonly referred to as the <\/span><b>Gladiator Gate<\/b><span style=\"font-weight: 400;\"> entrance. This separate entrance has much shorter security lines than the main entrance. Check out the TICKETS page for a detailed list of ticket options.<\/span><\/p>\n\n\t\t<\/div>\n\t<\/div>\n<\/div><\/div><\/div><\/div><\/div><\/div><\/div><\/div><div class=\"vc_row-full-width vc_clearfix\"><\/div><!-- Row Backgrounds --><div class=\"upb_color\" data-bg-override=\"0\" data-bg-color=\"#f2f2f2\" data-fadeout=\"\" data-fadeout-percentage=\"30\" data-parallax-content=\"\" data-parallax-content-sense=\"30\" data-row-effect-mobile-disable=\"true\" data-img-parallax-mobile-disable=\"true\" data-rtl=\"false\"  data-custom-vc-row=\"\"  data-vc=\"5.5.2\"  data-is_old_vc=\"\"  data-theme-support=\"\"   data-overlay=\"false\" data-overlay-color=\"\" data-overlay-pattern=\"\" data-overlay-pattern-opacity=\"\" data-overlay-pattern-size=\"\"    ><\/div><div data-vc-full-width=\"true\" data-vc-full-width-init=\"false\" class=\"vc_row wpb_row vc_row-fluid vc_custom_1602937239822\"><div class=\"wpb_column vc_column_container vc_col-sm-12\"><div class=\"vc_column-inner\"><div class=\"wpb_wrapper\"><div class=\"vc_row wpb_row vc_inner vc_row-fluid about vc_custom_1602937245785\"><div class=\"hrs wpb_column vc_column_container vc_col-sm-2\"><div class=\"vc_column-inner\"><div class=\"wpb_wrapper\">\n\t<div class=\"wpb_text_column wpb_content_element\" >\n\t\t<div class=\"wpb_wrapper\">\n\t\t\t<div class=\"about\">\n<h2 style=\"margin-top: 0px; text-align: center;\">QU\u00c9 EST\u00c1 PERMITIDO Y QU\u00c9 NO<\/h2>\n<\/div>\n\n\t\t<\/div>\n\t<\/div>\n<div class=\"ult-spacer spacer-69de91df60f24\" data-id=\"69de91df60f24\" data-height=\"40\" data-height-mobile=\"40\" data-height-tab=\"40\" data-height-tab-portrait=\"\" data-height-mobile-landscape=\"\" style=\"clear:both;display:block;\"><\/div>\n\t<div  class=\"wpb_single_image wpb_content_element vc_align_center\">\n\t\t\n\t\t<figure class=\"wpb_wrapper vc_figure\">\n\t\t\t<div class=\"vc_single_image-wrapper   vc_box_border_grey\"><img loading=\"lazy\" decoding=\"async\" width=\"128\" height=\"128\" src=\"https:\/\/colosseum.info\/wp-content\/uploads\/2020\/05\/ok.png\" class=\"vc_single_image-img attachment-full\" alt=\"\" srcset=\"https:\/\/colosseum.info\/wp-content\/uploads\/2020\/05\/ok.png 128w, https:\/\/colosseum.info\/wp-content\/uploads\/2020\/05\/ok-90x90.png 90w, https:\/\/colosseum.info\/wp-content\/uploads\/2020\/05\/ok-59x59.png 59w\" sizes=\"auto, (max-width: 128px) 100vw, 128px\" \/><\/div>\n\t\t<\/figure>\n\t<\/div>\n<\/div><\/div><\/div><div class=\"wpb_column vc_column_container vc_col-sm-10\"><div class=\"vc_column-inner\"><div class=\"wpb_wrapper\">\n\t<div class=\"wpb_text_column wpb_content_element\" >\n\t\t<div class=\"wpb_wrapper\">\n\t\t\t<h3 style=\"text-align: center;\">\u00bfHAY COSAS QUE NO PUEDO TRAER CONMIGO?<\/h3>\n\n\t\t<\/div>\n\t<\/div>\n<div class=\"ult-spacer spacer-69de91df61ff0\" data-id=\"69de91df61ff0\" data-height=\"20\" data-height-mobile=\"20\" data-height-tab=\"20\" data-height-tab-portrait=\"\" data-height-mobile-landscape=\"\" style=\"clear:both;display:block;\"><\/div>\n\t<div class=\"wpb_text_column wpb_content_element\" >\n\t\t<div class=\"wpb_wrapper\">\n\t\t\t<p><span style=\"font-weight: 400;\">El Coliseo requiere que todos los visitantes pasen por un control de seguridad. El proceso es b\u00e1sicamente igual al de los controles de seguridad en los aeropuertos. Hay bandejas disponibles para que los visitantes vac\u00eden sus bolsillos y todas sus pertenencias deben pasar por m\u00e1quinas de rayos X. No es raro que se les pida a los visitantes que elijan entre descartar alg\u00fan objeto o no ingresar al Coliseo. Para asegurarte de que el ingreso sea sencillo, la siguiente es una lista de objetos permitidos y prohibidos en el Coliseo:<\/span><\/p>\n<p>&nbsp;<\/p>\n<p><strong>ALLOWED*:<\/strong><\/p>\n<p>&nbsp;<\/p>\n<ul>\n<li style=\"font-weight: 400;\"><span style=\"font-weight: 400;\">small\/medium bag and backpacks (no roller-bags of any size are allowed)<\/span><\/li>\n<li style=\"font-weight: 400;\"><span style=\"font-weight: 400;\">Botellas de agua de pl\u00e1stico (tal vez te pidan vaciarla, pero puedes llenarla adentro)<\/span><\/li>\n<li style=\"font-weight: 400;\"><span style=\"font-weight: 400;\">Rociadores sin aerosol*<\/span><\/li>\n<\/ul>\n<p>&nbsp;<\/p>\n<p>&nbsp;<\/p>\n<p><strong>PROHIBIDOS**:<\/strong><\/p>\n<p>&nbsp;<\/p>\n<ul>\n<li style=\"font-weight: 400;\"><span style=\"font-weight: 400;\">Bolsos y mochilas peque\u00f1as\/medianas (todo bolso con ruedas est\u00e1 prohibido)\u00a0<\/span><\/li>\n<li style=\"font-weight: 400;\"><span style=\"font-weight: 400;\">Glass containers\/bottles<\/span><\/li>\n<li style=\"font-weight: 400;\"><span style=\"font-weight: 400;\">Weapons (including pocket knives)<\/span><\/li>\n<li style=\"font-weight: 400;\"><span style=\"font-weight: 400;\">Aerosol sprays<\/span><\/li>\n<\/ul>\n<p>&nbsp;<\/p>\n<p><span style=\"font-weight: 400;\">*It is advised to leave sentimental items at your accommodation.\u00a0<\/span><\/p>\n<p>&nbsp;<\/p>\n<p><span style=\"font-weight: 400;\">**Please note: what is\/is not allowed is decided by the Colosseum\u2019s security staff and can change at their discretion. In the past, there have been times when no liquids, even water, was allowed to be brought into the Colosseum (including makeup, sunscreen, etc.). In this case, you can empty your water bottles and keep them with you to refill them inside the Colosseum. <\/span><\/p>\n\n\t\t<\/div>\n\t<\/div>\n<\/div><\/div><\/div><\/div><\/div><\/div><\/div><\/div><div class=\"vc_row-full-width vc_clearfix\"><\/div><div data-vc-full-width=\"true\" data-vc-full-width-init=\"false\" class=\"vc_row wpb_row vc_row-fluid vc_custom_1602937254741\"><div class=\"wpb_column vc_column_container vc_col-sm-12\"><div class=\"vc_column-inner\"><div class=\"wpb_wrapper\"><div class=\"vc_row wpb_row vc_inner vc_row-fluid about vc_custom_1602937260701\"><div class=\"hrs wpb_column vc_column_container vc_col-sm-2\"><div class=\"vc_column-inner\"><div class=\"wpb_wrapper\">\n\t<div class=\"wpb_text_column wpb_content_element\" >\n\t\t<div class=\"wpb_wrapper\">\n\t\t\t<h2 style=\"margin-top: 0px; text-align: center;\">HORARIOS DE APERTURA DEL COLISEO<\/h2>\n\n\t\t<\/div>\n\t<\/div>\n<div class=\"ult-spacer spacer-69de91df6244f\" data-id=\"69de91df6244f\" data-height=\"40\" data-height-mobile=\"40\" data-height-tab=\"40\" data-height-tab-portrait=\"\" data-height-mobile-landscape=\"\" style=\"clear:both;display:block;\"><\/div>\n\t<div  class=\"wpb_single_image wpb_content_element vc_align_center\">\n\t\t\n\t\t<figure class=\"wpb_wrapper vc_figure\">\n\t\t\t<div class=\"vc_single_image-wrapper   vc_box_border_grey\"><img loading=\"lazy\" decoding=\"async\" width=\"128\" height=\"128\" src=\"https:\/\/colosseum.info\/wp-content\/uploads\/2020\/05\/watch.png\" class=\"vc_single_image-img attachment-full\" alt=\"\" srcset=\"https:\/\/colosseum.info\/wp-content\/uploads\/2020\/05\/watch.png 128w, https:\/\/colosseum.info\/wp-content\/uploads\/2020\/05\/watch-90x90.png 90w, https:\/\/colosseum.info\/wp-content\/uploads\/2020\/05\/watch-59x59.png 59w\" sizes=\"auto, (max-width: 128px) 100vw, 128px\" \/><\/div>\n\t\t<\/figure>\n\t<\/div>\n<\/div><\/div><\/div><div class=\"wpb_column vc_column_container vc_col-sm-10\"><div class=\"vc_column-inner\"><div class=\"wpb_wrapper\">\n\t<div class=\"wpb_text_column wpb_content_element\" >\n\t\t<div class=\"wpb_wrapper\">\n\t\t\t<h3 style=\"text-align: center;\">WHAT TIME DOES THE COLOSSEUM OPEN\/CLOSE?<\/h3>\n\n\t\t<\/div>\n\t<\/div>\n<div class=\"ult-spacer spacer-69de91df634e2\" data-id=\"69de91df634e2\" data-height=\"20\" data-height-mobile=\"20\" data-height-tab=\"20\" data-height-tab-portrait=\"\" data-height-mobile-landscape=\"\" style=\"clear:both;display:block;\"><\/div>\n\t<div class=\"wpb_text_column wpb_content_element\" >\n\t\t<div class=\"wpb_wrapper\">\n\t\t\t<p>The Colosseum opening hours vary depending on the time of year.<\/p>\n<table class=\"ticket-table\" style=\"width: 100%;\" cellpadding=\"10\">\n<tbody>\n<tr>\n<td><strong>Date From<\/strong><\/td>\n<td><strong>Date to<\/strong><\/td>\n<td><strong>Timing<\/strong><\/td>\n<\/tr>\n<tr>\n<td><span style=\"font-weight: 400;\">2 January<\/span><\/td>\n<td><span style=\"font-weight: 400;\">15 February<\/span><\/td>\n<td><span style=\"font-weight: 400;\">8:30AM &#8211; 3:30PM<\/span><\/td>\n<\/tr>\n<tr>\n<td><span style=\"font-weight: 400;\">16 February<\/span><\/td>\n<td><span style=\"font-weight: 400;\">15 March<\/span><\/td>\n<td><span style=\"font-weight: 400;\">8:30AM &#8211; 4:00PM<\/span><\/td>\n<\/tr>\n<tr>\n<td><span style=\"font-weight: 400;\">16 March<\/span><\/td>\n<td><span style=\"font-weight: 400;\">last Saturday of March<\/span><\/td>\n<td><span style=\"font-weight: 400;\">8:30AM &#8211; 4:30PM<\/span><\/td>\n<\/tr>\n<tr>\n<td><span style=\"font-weight: 400;\">Last Sunday of March<\/span><\/td>\n<td><span style=\"font-weight: 400;\">31 August<\/span><\/td>\n<td><span style=\"font-weight: 400;\">8:30AM &#8211; 6:15PM<\/span><\/td>\n<\/tr>\n<tr>\n<td><span style=\"font-weight: 400;\">1 September<\/span><\/td>\n<td><span style=\"font-weight: 400;\">30 September<\/span><\/td>\n<td>8:30AM &#8211; 6:00PM<\/td>\n<\/tr>\n<tr>\n<td><span style=\"font-weight: 400;\">1 October <\/span><\/td>\n<td><span style=\"font-weight: 400;\">last Saturday of October<\/span><\/td>\n<td>8:30AM &#8211; 5:30PM<\/td>\n<\/tr>\n<tr>\n<td><span style=\"font-weight: 400;\">Last Sunday of October<\/span><\/td>\n<td><span style=\"font-weight: 400;\">31 December<\/span><\/td>\n<td>8:30AM &#8211; 3:30PM<\/td>\n<\/tr>\n<\/tbody>\n<\/table>\n<p>Visitors are allowed to remain inside 1 hour after closing time.<\/p>\n<p>The Colosseum is closed on 1 January, 1 May, and 25 December<\/p>\n\n\t\t<\/div>\n\t<\/div>\n<\/div><\/div><\/div><\/div><\/div><\/div><\/div><\/div><div class=\"vc_row-full-width vc_clearfix\"><\/div><!-- Row Backgrounds --><div class=\"upb_color\" data-bg-override=\"0\" data-bg-color=\"#f2f2f2\" data-fadeout=\"\" data-fadeout-percentage=\"30\" data-parallax-content=\"\" data-parallax-content-sense=\"30\" data-row-effect-mobile-disable=\"true\" data-img-parallax-mobile-disable=\"true\" data-rtl=\"false\"  data-custom-vc-row=\"\"  data-vc=\"5.5.2\"  data-is_old_vc=\"\"  data-theme-support=\"\"   data-overlay=\"false\" data-overlay-color=\"\" data-overlay-pattern=\"\" data-overlay-pattern-opacity=\"\" data-overlay-pattern-size=\"\"    ><\/div>","protected":false},"excerpt":{"rendered":"Info WHAT IS THE BEST WAY TO VISIT THE COLOSSEUM? The Colosseum attracts millions of [...]","protected":false},"author":1,"featured_media":0,"parent":0,"menu_order":0,"comment_status":"closed","ping_status":"closed","template":"","meta":{"inline_featured_image":false,"footnotes":""},"class_list":["post-2459","page","type-page","status-publish","hentry"],"yoast_head":"<!-- This site is optimized with the Yoast SEO plugin v15.6.2 - https:\/\/yoast.com\/wordpress\/plugins\/seo\/ -->\n<title>TRAVEL TIPS - Colosseum<\/title>\n<meta name=\"robots\" content=\"index, follow, max-snippet:-1, max-image-preview:large, max-video-preview:-1\" \/>\n<link rel=\"canonical\" href=\"https:\/\/colosseum.info\/es\/travel-tips\/\" \/>\n<meta property=\"og:locale\" content=\"es_ES\" \/>\n<meta property=\"og:type\" content=\"article\" \/>\n<meta property=\"og:title\" content=\"TRAVEL TIPS - Colosseum\" \/>\n<meta property=\"og:url\" content=\"https:\/\/colosseum.info\/es\/travel-tips\/\" \/>\n<meta property=\"og:site_name\" content=\"Colosseum\" \/>\n<meta property=\"article:modified_time\" content=\"2020-10-17T12:26:53+00:00\" \/>\n<meta name=\"twitter:card\" content=\"summary_large_image\" \/>\n<meta name=\"twitter:label1\" content=\"Tiempo de lectura\">\n\t<meta name=\"twitter:data1\" content=\"6 minutos\">\n<script type=\"application\/ld+json\" class=\"yoast-schema-graph\">{\"@context\":\"https:\/\/schema.org\",\"@graph\":[{\"@type\":\"WebSite\",\"@id\":\"https:\/\/colosseum.info\/#website\",\"url\":\"https:\/\/colosseum.info\/\",\"name\":\"Colosseum\",\"description\":\"Everything you need to know about visiting the Colosseum in Rome\",\"potentialAction\":[{\"@type\":\"SearchAction\",\"target\":\"https:\/\/colosseum.info\/?s={search_term_string}\",\"query-input\":\"required name=search_term_string\"}],\"inLanguage\":\"es\"},{\"@type\":\"WebPage\",\"@id\":\"https:\/\/colosseum.info\/travel-tips\/#webpage\",\"url\":\"https:\/\/colosseum.info\/travel-tips\/\",\"name\":\"TRAVEL TIPS - Colosseum\",\"isPartOf\":{\"@id\":\"https:\/\/colosseum.info\/#website\"},\"datePublished\":\"2020-10-01T10:24:22+00:00\",\"dateModified\":\"2020-10-17T12:26:53+00:00\",\"inLanguage\":\"es\",\"potentialAction\":[{\"@type\":\"ReadAction\",\"target\":[\"https:\/\/colosseum.info\/travel-tips\/\"]}]}]}<\/script>\n<!-- \/ Yoast SEO plugin. -->","_links":{"self":[{"href":"https:\/\/colosseum.info\/es\/wp-json\/wp\/v2\/pages\/2459","targetHints":{"allow":["GET"]}}],"collection":[{"href":"https:\/\/colosseum.info\/es\/wp-json\/wp\/v2\/pages"}],"about":[{"href":"https:\/\/colosseum.info\/es\/wp-json\/wp\/v2\/types\/page"}],"author":[{"embeddable":true,"href":"https:\/\/colosseum.info\/es\/wp-json\/wp\/v2\/users\/1"}],"replies":[{"embeddable":true,"href":"https:\/\/colosseum.info\/es\/wp-json\/wp\/v2\/comments?post=2459"}],"version-history":[{"count":10,"href":"https:\/\/colosseum.info\/es\/wp-json\/wp\/v2\/pages\/2459\/revisions"}],"predecessor-version":[{"id":2980,"href":"https:\/\/colosseum.info\/es\/wp-json\/wp\/v2\/pages\/2459\/revisions\/2980"}],"wp:attachment":[{"href":"https:\/\/colosseum.info\/es\/wp-json\/wp\/v2\/media?parent=2459"}],"curies":[{"name":"wp","href":"https:\/\/api.w.org\/{rel}","templated":true}]}}