{"id":859,"date":"2020-05-22T13:14:36","date_gmt":"2020-05-22T13:14:36","guid":{"rendered":"http:\/\/colosseum.info\/?page_id=859"},"modified":"2020-10-16T11:59:29","modified_gmt":"2020-10-16T11:59:29","slug":"individuals-groups-and-schools","status":"publish","type":"page","link":"https:\/\/colosseum.info\/es\/individuals-groups-and-schools\/","title":{"rendered":"INDIVIDUOS, GRUPOS Y ESCUELAS"},"content":{"rendered":"<div data-vc-full-width=\"true\" data-vc-full-width-init=\"false\" class=\"vc_row wpb_row vc_row-fluid\"><div class=\"wpb_column vc_column_container vc_col-sm-12\"><div class=\"vc_column-inner\"><div class=\"wpb_wrapper\"><div class=\"ult-spacer spacer-69f2cd5a4f302\" data-id=\"69f2cd5a4f302\" data-height=\"40\" data-height-mobile=\"40\" data-height-tab=\"40\" data-height-tab-portrait=\"\" data-height-mobile-landscape=\"\" style=\"clear:both;display:block;\"><\/div>\n\t<div class=\"wpb_text_column wpb_content_element\" >\n\t\t<div class=\"wpb_wrapper\">\n\t\t\t<div class=\"about\">\n<h2 style=\"text-align: center;\">INDIVIDUOS<\/h2>\n<\/div>\n\n\t\t<\/div>\n\t<\/div>\n<div id=\"Tickets\" class=\"vc_row wpb_row vc_inner vc_row-fluid about vc_custom_1568365022054\"><div class=\"wpb_column vc_column_container vc_col-sm-6\"><div class=\"vc_column-inner\"><div class=\"wpb_wrapper\">\n\t<div  class=\"wpb_single_image wpb_content_element vc_align_center\">\n\t\t\n\t\t<figure class=\"wpb_wrapper vc_figure\">\n\t\t\t<div class=\"vc_single_image-wrapper   vc_box_border_grey\"><img loading=\"lazy\" decoding=\"async\" width=\"1200\" height=\"837\" src=\"https:\/\/colosseum.info\/wp-content\/uploads\/2020\/07\/Colosseum_Individuals.jpg\" class=\"vc_single_image-img attachment-full\" alt=\"\" srcset=\"https:\/\/colosseum.info\/wp-content\/uploads\/2020\/07\/Colosseum_Individuals.jpg 1200w, https:\/\/colosseum.info\/wp-content\/uploads\/2020\/07\/Colosseum_Individuals-300x209.jpg 300w, https:\/\/colosseum.info\/wp-content\/uploads\/2020\/07\/Colosseum_Individuals-768x536.jpg 768w, https:\/\/colosseum.info\/wp-content\/uploads\/2020\/07\/Colosseum_Individuals-1024x714.jpg 1024w\" sizes=\"auto, (max-width: 1200px) 100vw, 1200px\" \/><\/div>\n\t\t<\/figure>\n\t<\/div>\n<\/div><\/div><\/div><div class=\"wpb_column vc_column_container vc_col-sm-6\"><div class=\"vc_column-inner\"><div class=\"wpb_wrapper\"><div class=\"ult-spacer spacer-69f2cd5a4fe4e\" data-id=\"69f2cd5a4fe4e\" data-height=\"120\" data-height-mobile=\"120\" data-height-tab=\"120\" data-height-tab-portrait=\"\" data-height-mobile-landscape=\"\" style=\"clear:both;display:block;\"><\/div>\n\t<div class=\"wpb_text_column wpb_content_element\" >\n\t\t<div class=\"wpb_wrapper\">\n\t\t\t<p>El ticket al Coliseo\/monte Palatino y Foro Romano, incluyendo las exposiciones en curso, es v\u00e1lida para 1 ingreso al Coliseo (en el horario de reserva espec\u00edfico) y 1 ingreso al monte Palatino\/Foro Romano. La validez de un ticket est\u00e1ndar es 24hrs y la validez del de Experiencia Completa es 2 d\u00edas consecutivos, esto aplica al ingreso al monte Palatino\/Foro Romano. Todas las entradas est\u00e1n sujetas a un horario de ingreso determinado y los visitantes deben respetarlo, y los boletos pre-adquiridos deben ser pagados en su totalidad al momento de la compra.<\/p>\n\n\t\t<\/div>\n\t<\/div>\n<\/div><\/div><\/div><\/div><\/div><\/div><\/div><\/div><div class=\"vc_row-full-width vc_clearfix\"><\/div><div data-vc-full-width=\"true\" data-vc-full-width-init=\"false\" class=\"vc_row wpb_row vc_row-fluid\"><div class=\"wpb_column vc_column_container vc_col-sm-12\"><div class=\"vc_column-inner\"><div class=\"wpb_wrapper\">\n\t<div class=\"wpb_text_column wpb_content_element\" >\n\t\t<div class=\"wpb_wrapper\">\n\t\t\t<h2 style=\"text-align: center;\">GRUPOS<\/h2>\n\n\t\t<\/div>\n\t<\/div>\n<div id=\"Opening-time\" class=\"vc_row wpb_row vc_inner vc_row-fluid about vc_custom_1568365102420\"><div class=\"wpb_column vc_column_container vc_col-sm-6\"><div class=\"vc_column-inner\"><div class=\"wpb_wrapper\">\n\t<div  class=\"wpb_single_image wpb_content_element vc_align_center\">\n\t\t\n\t\t<figure class=\"wpb_wrapper vc_figure\">\n\t\t\t<div class=\"vc_single_image-wrapper   vc_box_border_grey\"><img loading=\"lazy\" decoding=\"async\" width=\"1200\" height=\"801\" src=\"https:\/\/colosseum.info\/wp-content\/uploads\/2020\/07\/Colosseum-Guided-Tour.jpg\" class=\"vc_single_image-img attachment-full\" alt=\"\" srcset=\"https:\/\/colosseum.info\/wp-content\/uploads\/2020\/07\/Colosseum-Guided-Tour.jpg 1200w, https:\/\/colosseum.info\/wp-content\/uploads\/2020\/07\/Colosseum-Guided-Tour-300x200.jpg 300w, https:\/\/colosseum.info\/wp-content\/uploads\/2020\/07\/Colosseum-Guided-Tour-768x513.jpg 768w, https:\/\/colosseum.info\/wp-content\/uploads\/2020\/07\/Colosseum-Guided-Tour-1024x684.jpg 1024w\" sizes=\"auto, (max-width: 1200px) 100vw, 1200px\" \/><\/div>\n\t\t<\/figure>\n\t<\/div>\n<\/div><\/div><\/div><div class=\"wpb_column vc_column_container vc_col-sm-6\"><div class=\"vc_column-inner\"><div class=\"wpb_wrapper\"><div class=\"ult-spacer spacer-69f2cd5a50e7e\" data-id=\"69f2cd5a50e7e\" data-height=\"60\" data-height-mobile=\"60\" data-height-tab=\"60\" data-height-tab-portrait=\"\" data-height-mobile-landscape=\"\" style=\"clear:both;display:block;\"><\/div>\n\t<div class=\"wpb_text_column wpb_content_element\" >\n\t\t<div class=\"wpb_wrapper\">\n\t\t\t<p>Un \u201cgrupo\u201d que ingresa al Coliseo se considera tal a partir de los 14 integrantes (hasta un m\u00e1ximo de 50 integrantes), incluyendo aquellos que tienen derecho a tickets gratuitos o a precio reducido. Todos los grupos de 14 o m\u00e1s deben tener una reserva para poder ingresar al monumento. Los tickets est\u00e1ndar, al comprarse en l\u00ednea, pueden ser \u201cimpresos en casa\u201d y toda la informaci\u00f3n necesaria \u2013 tipo de ticket, horario de entrada, fecha y c\u00f3digo de barras escaneable \u2013 figurar\u00e1 en la hoja impresa. Si alg\u00fan miembro de tu grupo puede optar por un ticket a precio reducido o gratuito, debe presentar la identificaci\u00f3n correspondiente en el mostrador de reservas y all\u00ed imprimir\u00e1n su boleto. Por favor, recuerda que los tickets \u201cgratuitos\u201d incluyen una tarifa de reserva de \u20ac2,00 por persona, y el pago (con tarjeta de cr\u00e9dito) ser\u00e1 cobrado en el mostrador de reservas.<\/p>\n\n\t\t<\/div>\n\t<\/div>\n<\/div><\/div><\/div><\/div><\/div><\/div><\/div><\/div><div class=\"vc_row-full-width vc_clearfix\"><\/div><!-- Row Backgrounds --><div class=\"upb_color\" data-bg-override=\"0\" data-bg-color=\"#ededed\" data-fadeout=\"\" data-fadeout-percentage=\"30\" data-parallax-content=\"\" data-parallax-content-sense=\"30\" data-row-effect-mobile-disable=\"true\" data-img-parallax-mobile-disable=\"true\" data-rtl=\"false\"  data-custom-vc-row=\"\"  data-vc=\"5.5.2\"  data-is_old_vc=\"\"  data-theme-support=\"\"   data-overlay=\"false\" data-overlay-color=\"\" data-overlay-pattern=\"\" data-overlay-pattern-opacity=\"\" data-overlay-pattern-size=\"\"    ><\/div><div data-vc-full-width=\"true\" data-vc-full-width-init=\"false\" class=\"vc_row wpb_row vc_row-fluid\"><div class=\"wpb_column vc_column_container vc_col-sm-12\"><div class=\"vc_column-inner\"><div class=\"wpb_wrapper\">\n\t<div class=\"wpb_text_column wpb_content_element\" >\n\t\t<div class=\"wpb_wrapper\">\n\t\t\t<h2 style=\"text-align: center;\">ESCUELAS<\/h2>\n\n\t\t<\/div>\n\t<\/div>\n<div class=\"vc_row wpb_row vc_inner vc_row-fluid about vc_custom_1568365102420\"><div class=\"wpb_column vc_column_container vc_col-sm-6\"><div class=\"vc_column-inner\"><div class=\"wpb_wrapper\"><div class=\"ult-spacer spacer-69f2cd5a513e0\" data-id=\"69f2cd5a513e0\" data-height=\"20\" data-height-mobile=\"20\" data-height-tab=\"20\" data-height-tab-portrait=\"\" data-height-mobile-landscape=\"\" style=\"clear:both;display:block;\"><\/div>\n\t<div  class=\"wpb_single_image wpb_content_element vc_align_center\">\n\t\t\n\t\t<figure class=\"wpb_wrapper vc_figure\">\n\t\t\t<div class=\"vc_single_image-wrapper   vc_box_border_grey\"><img loading=\"lazy\" decoding=\"async\" width=\"500\" height=\"333\" src=\"https:\/\/colosseum.info\/wp-content\/uploads\/2020\/07\/Colosseum_School.jpg\" class=\"vc_single_image-img attachment-full\" alt=\"\" srcset=\"https:\/\/colosseum.info\/wp-content\/uploads\/2020\/07\/Colosseum_School.jpg 500w, https:\/\/colosseum.info\/wp-content\/uploads\/2020\/07\/Colosseum_School-300x200.jpg 300w\" sizes=\"auto, (max-width: 500px) 100vw, 500px\" \/><\/div>\n\t\t<\/figure>\n\t<\/div>\n<\/div><\/div><\/div><div class=\"wpb_column vc_column_container vc_col-sm-6\"><div class=\"vc_column-inner\"><div class=\"wpb_wrapper\">\n\t<div class=\"wpb_text_column wpb_content_element\" >\n\t\t<div class=\"wpb_wrapper\">\n\t\t\t<p>Se requiere que los grupos escolares reserven tickets con horario programado por adelantado; estos boletos pueden ser retirados en el Coliseo, el Arco de Tito o el Foro Romano. Todos los grupos escolares deben ingresar al Coliseo a trav\u00e9s del acceso Stern.<\/p>\n<p>&nbsp;<\/p>\n<p class=\"translation-block\">Uni\u00f3n Europea: Las escuelas de la UE deben reservar una franja horaria y recibir\u00e1n boletos de acceso gratuito al presentar la lista oficial de la clase. Esta lista debe estar impresa en papel con membrete de la escuela con los nombres de los estudiantes y maestros y debe estar firmada por el director.<\/p>\n<p>&nbsp;<\/p>\n<p class=\"translation-block\">No Comunitario: las escuelas deben reservar sus entradas y pagarlas en su totalidad al momento de reservarlas. Se requiere una declaraci\u00f3n de la escuela para asegurarse de que el grupo realmente forme parte de una escuela leg\u00edtima. Cualquier menor de 18 a\u00f1os con una identificaci\u00f3n v\u00e1lida recibir\u00e1 un ticket gratuito. Cualquier mayor de 18 a\u00f1os, incluidos maestros y acompa\u00f1antes, deber\u00e1n reservar y pagar un boleto est\u00e1ndar. Por favor, ten en cuenta que solo debes reservar y pagar por el total de participantes mayores a 18 a\u00f1os, con un m\u00e1ximo de 50 integrantes en total. \u00a1Aseg\u00farate de comprobar las edades de todos los integrantes al momento de ingresar y NO las edades al momento de adquirir los tickets!<\/p>\n\n\t\t<\/div>\n\t<\/div>\n<\/div><\/div><\/div><\/div><\/div><\/div><\/div><\/div><div class=\"vc_row-full-width vc_clearfix\"><\/div>","protected":false},"excerpt":{"rendered":"Individuals A ticket for the Colosseum\/Palatine Hill &amp; Roman Forum, including ongoing exhibitions, is valid [...]","protected":false},"author":1,"featured_media":0,"parent":0,"menu_order":0,"comment_status":"closed","ping_status":"closed","template":"","meta":{"inline_featured_image":false,"footnotes":""},"class_list":["post-859","page","type-page","status-publish","hentry"],"yoast_head":"<!-- This site is optimized with the Yoast SEO plugin v15.6.2 - https:\/\/yoast.com\/wordpress\/plugins\/seo\/ -->\n<title>INDIVIDUALS, GROUPS AND SCHOOLS - Colosseum<\/title>\n<meta name=\"robots\" content=\"index, follow, max-snippet:-1, max-image-preview:large, max-video-preview:-1\" \/>\n<link rel=\"canonical\" href=\"https:\/\/colosseum.info\/es\/individuals-groups-and-schools\/\" \/>\n<meta property=\"og:locale\" content=\"es_ES\" \/>\n<meta property=\"og:type\" content=\"article\" \/>\n<meta property=\"og:title\" content=\"INDIVIDUALS, GROUPS AND SCHOOLS - Colosseum\" \/>\n<meta property=\"og:url\" content=\"https:\/\/colosseum.info\/es\/individuals-groups-and-schools\/\" \/>\n<meta property=\"og:site_name\" content=\"Colosseum\" \/>\n<meta property=\"article:modified_time\" content=\"2020-10-16T11:59:29+00:00\" \/>\n<meta name=\"twitter:card\" content=\"summary_large_image\" \/>\n<meta name=\"twitter:label1\" content=\"Tiempo de lectura\">\n\t<meta name=\"twitter:data1\" content=\"3 minutos\">\n<script type=\"application\/ld+json\" class=\"yoast-schema-graph\">{\"@context\":\"https:\/\/schema.org\",\"@graph\":[{\"@type\":\"WebSite\",\"@id\":\"https:\/\/colosseum.info\/#website\",\"url\":\"https:\/\/colosseum.info\/\",\"name\":\"Colosseum\",\"description\":\"Everything you need to know about visiting the Colosseum in Rome\",\"potentialAction\":[{\"@type\":\"SearchAction\",\"target\":\"https:\/\/colosseum.info\/?s={search_term_string}\",\"query-input\":\"required name=search_term_string\"}],\"inLanguage\":\"es\"},{\"@type\":\"WebPage\",\"@id\":\"https:\/\/colosseum.info\/es\/individuals-groups-and-schools\/#webpage\",\"url\":\"https:\/\/colosseum.info\/es\/individuals-groups-and-schools\/\",\"name\":\"INDIVIDUALS, GROUPS AND SCHOOLS - Colosseum\",\"isPartOf\":{\"@id\":\"https:\/\/colosseum.info\/#website\"},\"datePublished\":\"2020-05-22T13:14:36+00:00\",\"dateModified\":\"2020-10-16T11:59:29+00:00\",\"inLanguage\":\"es\",\"potentialAction\":[{\"@type\":\"ReadAction\",\"target\":[\"https:\/\/colosseum.info\/es\/individuals-groups-and-schools\/\"]}]}]}<\/script>\n<!-- \/ Yoast SEO plugin. -->","_links":{"self":[{"href":"https:\/\/colosseum.info\/es\/wp-json\/wp\/v2\/pages\/859","targetHints":{"allow":["GET"]}}],"collection":[{"href":"https:\/\/colosseum.info\/es\/wp-json\/wp\/v2\/pages"}],"about":[{"href":"https:\/\/colosseum.info\/es\/wp-json\/wp\/v2\/types\/page"}],"author":[{"embeddable":true,"href":"https:\/\/colosseum.info\/es\/wp-json\/wp\/v2\/users\/1"}],"replies":[{"embeddable":true,"href":"https:\/\/colosseum.info\/es\/wp-json\/wp\/v2\/comments?post=859"}],"version-history":[{"count":11,"href":"https:\/\/colosseum.info\/es\/wp-json\/wp\/v2\/pages\/859\/revisions"}],"predecessor-version":[{"id":2812,"href":"https:\/\/colosseum.info\/es\/wp-json\/wp\/v2\/pages\/859\/revisions\/2812"}],"wp:attachment":[{"href":"https:\/\/colosseum.info\/es\/wp-json\/wp\/v2\/media?parent=859"}],"curies":[{"name":"wp","href":"https:\/\/api.w.org\/{rel}","templated":true}]}}