{"id":874,"date":"2020-05-22T13:54:46","date_gmt":"2020-05-22T13:54:46","guid":{"rendered":"http:\/\/colosseum.info\/?page_id=874"},"modified":"2020-07-10T13:21:44","modified_gmt":"2020-07-10T13:21:44","slug":"visting-the-colosseum","status":"publish","type":"page","link":"https:\/\/colosseum.info\/es\/visting-the-colosseum\/","title":{"rendered":"VISITANDO EL COLISEO"},"content":{"rendered":"<div data-vc-full-width=\"true\" data-vc-full-width-init=\"false\" class=\"vc_row wpb_row vc_row-fluid\"><div class=\"wpb_column vc_column_container vc_col-sm-12\"><div class=\"vc_column-inner\"><div class=\"wpb_wrapper\"><div id=\"Tickets\" class=\"vc_row wpb_row vc_inner vc_row-fluid about vc_custom_1592549738574\"><div class=\"hrs wpb_column vc_column_container vc_col-sm-3\"><div class=\"vc_column-inner\"><div class=\"wpb_wrapper\">\n\t<div class=\"wpb_text_column wpb_content_element\" >\n\t\t<div class=\"wpb_wrapper\">\n\t\t\t<div class=\"about\">\n<h2 style=\"margin-top: 0px; text-align: center;\">Info<\/h2>\n<\/div>\n\n\t\t<\/div>\n\t<\/div>\n<div class=\"ult-spacer spacer-6a00a9c9618ff\" data-id=\"6a00a9c9618ff\" data-height=\"40\" data-height-mobile=\"40\" data-height-tab=\"40\" data-height-tab-portrait=\"\" data-height-mobile-landscape=\"\" style=\"clear:both;display:block;\"><\/div>\n\t<div  class=\"wpb_single_image wpb_content_element vc_align_center\">\n\t\t\n\t\t<figure class=\"wpb_wrapper vc_figure\">\n\t\t\t<div class=\"vc_single_image-wrapper   vc_box_border_grey\"><img loading=\"lazy\" decoding=\"async\" width=\"128\" height=\"128\" src=\"https:\/\/colosseum.info\/wp-content\/uploads\/2020\/05\/info.png\" class=\"vc_single_image-img attachment-full\" alt=\"\" srcset=\"https:\/\/colosseum.info\/wp-content\/uploads\/2020\/05\/info.png 128w, https:\/\/colosseum.info\/wp-content\/uploads\/2020\/05\/info-90x90.png 90w, https:\/\/colosseum.info\/wp-content\/uploads\/2020\/05\/info-59x59.png 59w\" sizes=\"auto, (max-width: 128px) 100vw, 128px\" \/><\/div>\n\t\t<\/figure>\n\t<\/div>\n<\/div><\/div><\/div><div class=\"wpb_column vc_column_container vc_col-sm-9\"><div class=\"vc_column-inner\"><div class=\"wpb_wrapper\">\n\t<div class=\"wpb_text_column wpb_content_element\" >\n\t\t<div class=\"wpb_wrapper\">\n\t\t\t<h3 style=\"text-align: center;\">\u00bfCU\u00c1L ES EL MEJOR MODO DE VISITAR EL COLISEO?<\/h3>\n\n\t\t<\/div>\n\t<\/div>\n<div class=\"ult-spacer spacer-6a00a9c962484\" data-id=\"6a00a9c962484\" data-height=\"20\" data-height-mobile=\"20\" data-height-tab=\"20\" data-height-tab-portrait=\"\" data-height-mobile-landscape=\"\" style=\"clear:both;display:block;\"><\/div>\n\t<div class=\"wpb_text_column wpb_content_element\" >\n\t\t<div class=\"wpb_wrapper\">\n\t\t\t<p><strong>El Coliseo atrae a millones de visitantes <\/strong>cada a\u00f1o y es uno de los sitios m\u00e1s populares de Roma. Dicho esto, tambi\u00e9n tiene algunas de las colas m\u00e1s largas de la ciudad. Para sacar el mayor provecho de tu visita a Roma, <strong>es vital que planees tu visita al Coliseo por anticipado<\/strong>. Aquellos que llegan primero suelen tener colas m\u00e1s cortas, pero ten en cuenta que durante la temporada alta <strong>hay mucha gente independientemente de la hora del d\u00eda.<\/strong><\/p>\n<p>La entrada al Coliseo tambi\u00e9n incluye una visita al Foro Romano\/monte Palatino. El Foro Romano y el monte Palatino t\u00e9cnicamente son dos sitios distintos, pero como est\u00e1n ubicados uno al lado del otro, se consideran una sola \u00e1rea. Esto significa que el boleto del Coliseo puede ser usado dos veces: una entrada al Coliseo (al horario especificado en la reserva) y un ingreso al Foro Romano\/monte Palatino (el mismo d\u00eda o dentro de las 24 horas del horario de reserva). Ten en cuenta que el Foro Romano\/monte Palatino es una zona inmensa y suele tomar al menos una hora para explorarla \u2013 as\u00ed que planea tu itinerario en consecuencia.<\/p>\n<p>El Coliseo y el Foro Romano\/monte Palatino abren todos los d\u00edas a las 8:30am y el \u00faltimo ingreso es alrededor de una hora antes del atardecer (mira el cuadro abajo para ver los horarios). Todos los visitantes pueden quedarse en el predio hasta una hora despu\u00e9s del \u00faltimo ingreso. Debido al considerable tama\u00f1o del Foro Romano\/monte Palatino, los custodios le ordenar\u00e1n a los visitantes abandonar el predio temprano para asegurar que pueda cerrar a tiempo \u2013 esto puede ocurrir 30 minutos antes del horario de cierre, as\u00ed que aseg\u00farate de <strong>darte bastante tiempo para visitar el lugar.<\/strong><\/p>\n\n\t\t<\/div>\n\t<\/div>\n<\/div><\/div><\/div><\/div><\/div><\/div><\/div><\/div><div class=\"vc_row-full-width vc_clearfix\"><\/div><div data-vc-full-width=\"true\" data-vc-full-width-init=\"false\" class=\"vc_row wpb_row vc_row-fluid\"><div class=\"wpb_column vc_column_container vc_col-sm-12\"><div class=\"vc_column-inner\"><div class=\"wpb_wrapper\"><div id=\"Opening-time\" class=\"vc_row wpb_row vc_inner vc_row-fluid about vc_custom_1592549734111\"><div class=\"hrs wpb_column vc_column_container vc_col-sm-3\"><div class=\"vc_column-inner\"><div class=\"wpb_wrapper\">\n\t<div class=\"wpb_text_column wpb_content_element\" >\n\t\t<div class=\"wpb_wrapper\">\n\t\t\t<h2 style=\"margin-top: 0px; text-align: center;\">TIPOS DE TICKETS<\/h2>\n\n\t\t<\/div>\n\t<\/div>\n<div class=\"ult-spacer spacer-6a00a9c96326a\" data-id=\"6a00a9c96326a\" data-height=\"40\" data-height-mobile=\"40\" data-height-tab=\"40\" data-height-tab-portrait=\"\" data-height-mobile-landscape=\"\" style=\"clear:both;display:block;\"><\/div>\n\t<div  class=\"wpb_single_image wpb_content_element vc_align_center\">\n\t\t\n\t\t<figure class=\"wpb_wrapper vc_figure\">\n\t\t\t<div class=\"vc_single_image-wrapper   vc_box_border_grey\"><img loading=\"lazy\" decoding=\"async\" width=\"128\" height=\"128\" src=\"https:\/\/colosseum.info\/wp-content\/uploads\/2019\/09\/movie-tickets.png\" class=\"vc_single_image-img attachment-full\" alt=\"\" srcset=\"https:\/\/colosseum.info\/wp-content\/uploads\/2019\/09\/movie-tickets.png 128w, https:\/\/colosseum.info\/wp-content\/uploads\/2019\/09\/movie-tickets-90x90.png 90w, https:\/\/colosseum.info\/wp-content\/uploads\/2019\/09\/movie-tickets-59x59.png 59w\" sizes=\"auto, (max-width: 128px) 100vw, 128px\" \/><\/div>\n\t\t<\/figure>\n\t<\/div>\n<\/div><\/div><\/div><div class=\"wpb_column vc_column_container vc_col-sm-9\"><div class=\"vc_column-inner\"><div class=\"wpb_wrapper\">\n\t<div class=\"wpb_text_column wpb_content_element\" >\n\t\t<div class=\"wpb_wrapper\">\n\t\t\t<h3 style=\"text-align: center;\">\u00bfQU\u00c9 TIPOS DE TICKETS HAY DISPONIBLES EN EL COLISEO?<\/h3>\n\n\t\t<\/div>\n\t<\/div>\n<div class=\"ult-spacer spacer-6a00a9c963a1b\" data-id=\"6a00a9c963a1b\" data-height=\"20\" data-height-mobile=\"20\" data-height-tab=\"20\" data-height-tab-portrait=\"\" data-height-mobile-landscape=\"\" style=\"clear:both;display:block;\"><\/div>\n\t<div class=\"wpb_text_column wpb_content_element\" >\n\t\t<div class=\"wpb_wrapper\">\n\t\t\t<p>Hay muchas formas de visitar el Coliseo. Cada ticket reservado tiene un horario de entrada al Coliseo, as\u00ed que aseg\u00farate de revisar tu boleto y <strong>llegar con bastante tiempo de sobra<\/strong>. Cada ticket tambi\u00e9n incluye un ingreso al Foro Romano\/monte Palatino, como se mencion\u00f3 antes. Puedes ingresar al Foro Romano\/monte Palatino el mismo d\u00eda o dentro de las 24 horas de tu horario de reserva.<\/p>\n<p>Digamos, por ejemplo, que tienes un horario de ingreso al Coliseo de 2:00pm. Tendr\u00e1s que llegar a la entrada principal del Coliseo hacia las 1:30pm, mostrarle tu ticket al personal del Coliseo y ellos te dejar\u00e1n entrar a la fila de control de seguridad (puede que tengas que esperar hasta 10 minutos antes de tu horario de reserva). La entrada al Coliseo no es negociable. La entrada al Foro Romano\/monte Palatino depende de ti. Puedes usarlas de tres formas distintas: el mismo d\u00eda pero a la ma\u00f1ana, y llegar a la entrada del Coliseo a la 1:30 pm; el mismo d\u00eda pero luego de terminar tu visita al Coliseo y antes del \u00faltimo horario de ingreso al Foro\/Palatino; al d\u00eda siguiente pero entrando al Foro\/Palatino antes de que expire el ticket a las 2:00pm.<\/p>\n<p>tickets superiores incluyen acceso a la <strong>Arena del Coliseo<\/strong>, el nivel de <strong>calabozo\/subterr\u00e1neo<\/strong> del Coliseo, y el <strong>nivel superior\/tercera bandeja del Coliseo<\/strong>. A estas zonas VIP se accede por la entrada Stern, com\u00fanmente conocida como la entrada de la <strong>Puerta de los Gladiadores<\/strong>. Esta entrada independiente tiene filas de seguridad m\u00e1s cortas que la entrada principal. Dir\u00edgete a la p\u00e1gina de TICKETS para una lista detalla de opciones de entradas.<\/p>\n\n\t\t<\/div>\n\t<\/div>\n<\/div><\/div><\/div><\/div><\/div><\/div><\/div><\/div><div class=\"vc_row-full-width vc_clearfix\"><\/div><!-- Row Backgrounds --><div class=\"upb_color\" data-bg-override=\"0\" data-bg-color=\"#f2f2f2\" data-fadeout=\"\" data-fadeout-percentage=\"30\" data-parallax-content=\"\" data-parallax-content-sense=\"30\" data-row-effect-mobile-disable=\"true\" data-img-parallax-mobile-disable=\"true\" data-rtl=\"false\"  data-custom-vc-row=\"\"  data-vc=\"5.5.2\"  data-is_old_vc=\"\"  data-theme-support=\"\"   data-overlay=\"false\" data-overlay-color=\"\" data-overlay-pattern=\"\" data-overlay-pattern-opacity=\"\" data-overlay-pattern-size=\"\"    ><\/div><div data-vc-full-width=\"true\" data-vc-full-width-init=\"false\" class=\"vc_row wpb_row vc_row-fluid\"><div class=\"wpb_column vc_column_container vc_col-sm-12\"><div class=\"vc_column-inner\"><div class=\"wpb_wrapper\"><div class=\"vc_row wpb_row vc_inner vc_row-fluid about vc_custom_1592549722544\"><div class=\"hrs wpb_column vc_column_container vc_col-sm-3\"><div class=\"vc_column-inner\"><div class=\"wpb_wrapper\">\n\t<div class=\"wpb_text_column wpb_content_element\" >\n\t\t<div class=\"wpb_wrapper\">\n\t\t\t<div class=\"about\">\n<h2 style=\"margin-top: 0px; text-align: center;\">QU\u00c9 EST\u00c1 PERMITIDO Y QU\u00c9 NO<\/h2>\n<\/div>\n\n\t\t<\/div>\n\t<\/div>\n<div class=\"ult-spacer spacer-6a00a9c9640a4\" data-id=\"6a00a9c9640a4\" data-height=\"40\" data-height-mobile=\"40\" data-height-tab=\"40\" data-height-tab-portrait=\"\" data-height-mobile-landscape=\"\" style=\"clear:both;display:block;\"><\/div>\n\t<div  class=\"wpb_single_image wpb_content_element vc_align_center\">\n\t\t\n\t\t<figure class=\"wpb_wrapper vc_figure\">\n\t\t\t<div class=\"vc_single_image-wrapper   vc_box_border_grey\"><img loading=\"lazy\" decoding=\"async\" width=\"128\" height=\"128\" src=\"https:\/\/colosseum.info\/wp-content\/uploads\/2020\/05\/ok.png\" class=\"vc_single_image-img attachment-full\" alt=\"\" srcset=\"https:\/\/colosseum.info\/wp-content\/uploads\/2020\/05\/ok.png 128w, https:\/\/colosseum.info\/wp-content\/uploads\/2020\/05\/ok-90x90.png 90w, https:\/\/colosseum.info\/wp-content\/uploads\/2020\/05\/ok-59x59.png 59w\" sizes=\"auto, (max-width: 128px) 100vw, 128px\" \/><\/div>\n\t\t<\/figure>\n\t<\/div>\n<\/div><\/div><\/div><div class=\"wpb_column vc_column_container vc_col-sm-9\"><div class=\"vc_column-inner\"><div class=\"wpb_wrapper\">\n\t<div class=\"wpb_text_column wpb_content_element\" >\n\t\t<div class=\"wpb_wrapper\">\n\t\t\t<h3 style=\"text-align: center;\">\u00bfHAY COSAS QUE NO PUEDO TRAER CONMIGO?<\/h3>\n\n\t\t<\/div>\n\t<\/div>\n<div class=\"ult-spacer spacer-6a00a9c964743\" data-id=\"6a00a9c964743\" data-height=\"20\" data-height-mobile=\"20\" data-height-tab=\"20\" data-height-tab-portrait=\"\" data-height-mobile-landscape=\"\" style=\"clear:both;display:block;\"><\/div>\n\t<div class=\"wpb_text_column wpb_content_element\" >\n\t\t<div class=\"wpb_wrapper\">\n\t\t\t<p>El Coliseo requiere que todos los visitantes pasen por un control de seguridad. El proceso es b\u00e1sicamente igual al de los controles de seguridad en los aeropuertos. Hay bandejas disponibles para que los visitantes vac\u00eden sus bolsillos y todas sus pertenencias deben pasar por m\u00e1quinas de rayos X. No es raro que se les pida a los visitantes que elijan entre descartar alg\u00fan objeto o no ingresar al Coliseo. Para asegurarte de que el ingreso sea sencillo, la siguiente es una lista de objetos permitidos y prohibidos en el Coliseo:<\/p>\n<p><strong>PERMITIDOS* :<\/strong><\/p>\n<ul>\n<li>small\/medium bag and backpacks (no roller-bags of any size are allowed)<\/li>\n<li>Botellas de agua de pl\u00e1stico (tal vez te pidan vaciarla, pero puedes llenarla adentro)<\/li>\n<li>Rociadores sin aerosol*<\/li>\n<\/ul>\n<p>&nbsp;<\/p>\n<p><strong>PROHIBIDOS**:<\/strong><\/p>\n<ul>\n<li>Bolsos y mochilas peque\u00f1as\/medianas (todo bolso con ruedas est\u00e1 prohibido)<\/li>\n<li>Glass containers\/bottles<\/li>\n<li>Weapons (including pocket knives)<\/li>\n<li>Aerosol sprays<\/li>\n<\/ul>\n<p>&nbsp;<\/p>\n<p><strong>*<\/strong> *Se recomienda dejar todo art\u00edculo con valor sentimental en el alojamiento<\/p>\n<p><strong>**<\/strong> **Considera: los art\u00edculos permitidos\/prohibidos los deciden el personal de seguridad del Coliseo y pueden cambiar a su discreci\u00f3n. En el pasado, hubo \u00e9pocas en las que ning\u00fan l\u00edquido, ni siquiera agua, pod\u00eda ingresarse al Coliseo (incluyendo maquillaje, bloqueador solar, etc.). En tal caso, puedes vaciar las botellas de agua y conservarlas para llenarlas dentro del Coliseo.<\/p>\n\n\t\t<\/div>\n\t<\/div>\n<\/div><\/div><\/div><\/div><\/div><\/div><\/div><\/div><div class=\"vc_row-full-width vc_clearfix\"><\/div><div data-vc-full-width=\"true\" data-vc-full-width-init=\"false\" class=\"vc_row wpb_row vc_row-fluid\"><div class=\"wpb_column vc_column_container vc_col-sm-12\"><div class=\"vc_column-inner\"><div class=\"wpb_wrapper\"><div class=\"vc_row wpb_row vc_inner vc_row-fluid about vc_custom_1592549727190\"><div class=\"hrs wpb_column vc_column_container vc_col-sm-3\"><div class=\"vc_column-inner\"><div class=\"wpb_wrapper\">\n\t<div class=\"wpb_text_column wpb_content_element\" >\n\t\t<div class=\"wpb_wrapper\">\n\t\t\t<h2 style=\"margin-top: 0px; text-align: center;\">HORARIOS DE APERTURA DEL COLISEO<\/h2>\n\n\t\t<\/div>\n\t<\/div>\n<div class=\"ult-spacer spacer-6a00a9c964b44\" data-id=\"6a00a9c964b44\" data-height=\"40\" data-height-mobile=\"40\" data-height-tab=\"40\" data-height-tab-portrait=\"\" data-height-mobile-landscape=\"\" style=\"clear:both;display:block;\"><\/div>\n\t<div  class=\"wpb_single_image wpb_content_element vc_align_center\">\n\t\t\n\t\t<figure class=\"wpb_wrapper vc_figure\">\n\t\t\t<div class=\"vc_single_image-wrapper   vc_box_border_grey\"><img loading=\"lazy\" decoding=\"async\" width=\"128\" height=\"128\" src=\"https:\/\/colosseum.info\/wp-content\/uploads\/2020\/05\/watch.png\" class=\"vc_single_image-img attachment-full\" alt=\"\" srcset=\"https:\/\/colosseum.info\/wp-content\/uploads\/2020\/05\/watch.png 128w, https:\/\/colosseum.info\/wp-content\/uploads\/2020\/05\/watch-90x90.png 90w, https:\/\/colosseum.info\/wp-content\/uploads\/2020\/05\/watch-59x59.png 59w\" sizes=\"auto, (max-width: 128px) 100vw, 128px\" \/><\/div>\n\t\t<\/figure>\n\t<\/div>\n<\/div><\/div><\/div><div class=\"wpb_column vc_column_container vc_col-sm-9\"><div class=\"vc_column-inner\"><div class=\"wpb_wrapper\">\n\t<div class=\"wpb_text_column wpb_content_element\" >\n\t\t<div class=\"wpb_wrapper\">\n\t\t\t<h3 style=\"text-align: center;\">WHAT TIME DOES THE COLOSSEUM OPEN\/CLOSE?<\/h3>\n\n\t\t<\/div>\n\t<\/div>\n<div class=\"ult-spacer spacer-6a00a9c96530f\" data-id=\"6a00a9c96530f\" data-height=\"20\" data-height-mobile=\"20\" data-height-tab=\"20\" data-height-tab-portrait=\"\" data-height-mobile-landscape=\"\" style=\"clear:both;display:block;\"><\/div>\n\t<div class=\"wpb_text_column wpb_content_element\" >\n\t\t<div class=\"wpb_wrapper\">\n\t\t\t<table class=\"ticket-table\" style=\"width: 100%;\" cellpadding=\"10\">\n<tbody>\n<tr>\n<td><strong>Date From<\/strong><\/td>\n<td><strong>Date to<\/strong><\/td>\n<td><strong>Timing<\/strong><\/td>\n<\/tr>\n<tr>\n<td><span style=\"font-weight: 400;\">2 January<\/span><\/td>\n<td><span style=\"font-weight: 400;\">15 February<\/span><\/td>\n<td><span style=\"font-weight: 400;\">8:30AM &#8211; 3:30PM<\/span><\/td>\n<\/tr>\n<tr>\n<td><span style=\"font-weight: 400;\">16 February<\/span><\/td>\n<td><span style=\"font-weight: 400;\">15 March<\/span><\/td>\n<td><span style=\"font-weight: 400;\">8:30AM &#8211; 4:00PM<\/span><\/td>\n<\/tr>\n<tr>\n<td><span style=\"font-weight: 400;\">16 March<\/span><\/td>\n<td><span style=\"font-weight: 400;\">last Saturday of March<\/span><\/td>\n<td><span style=\"font-weight: 400;\">8:30AM &#8211; 4:30PM<\/span><\/td>\n<\/tr>\n<tr>\n<td><span style=\"font-weight: 400;\">Last Sunday of March<\/span><\/td>\n<td><span style=\"font-weight: 400;\">31 August<\/span><\/td>\n<td><span style=\"font-weight: 400;\">8:30AM &#8211; 6:15PM<\/span><\/td>\n<\/tr>\n<tr>\n<td><span style=\"font-weight: 400;\">1 September<\/span><\/td>\n<td><span style=\"font-weight: 400;\">30 September<\/span><\/td>\n<td>8:30AM &#8211; 6:00PM<\/td>\n<\/tr>\n<tr>\n<td><span style=\"font-weight: 400;\">1 October <\/span><\/td>\n<td><span style=\"font-weight: 400;\">last Saturday of October<\/span><\/td>\n<td>8:30AM &#8211; 5:30PM<\/td>\n<\/tr>\n<tr>\n<td><span style=\"font-weight: 400;\">\u20ac0.00 + \u20ac2.00<\/span><\/td>\n<td><span style=\"font-weight: 400;\">\u20ac17.00 + \u20ac2.00<\/span><\/td>\n<td>\u20ac11.00 + \u20ac2.00<\/td>\n<\/tr>\n<tr>\n<td><span style=\"font-weight: 400;\">Last Sunday of October<\/span><\/td>\n<td><span style=\"font-weight: 400;\">31 December<\/span><\/td>\n<td>8:30AM &#8211; 3:30PM<\/td>\n<\/tr>\n<\/tbody>\n<\/table>\n<p>Visitors are allowed to remain inside 1 hour after closing time.<\/p>\n<p>The Colosseum is closed on 1 January, 1 May, and 25 December<\/p>\n\n\t\t<\/div>\n\t<\/div>\n<\/div><\/div><\/div><\/div><\/div><\/div><\/div><\/div><div class=\"vc_row-full-width vc_clearfix\"><\/div><!-- Row Backgrounds --><div class=\"upb_color\" data-bg-override=\"0\" data-bg-color=\"#f2f2f2\" data-fadeout=\"\" data-fadeout-percentage=\"30\" data-parallax-content=\"\" data-parallax-content-sense=\"30\" data-row-effect-mobile-disable=\"true\" data-img-parallax-mobile-disable=\"true\" data-rtl=\"false\"  data-custom-vc-row=\"\"  data-vc=\"5.5.2\"  data-is_old_vc=\"\"  data-theme-support=\"\"   data-overlay=\"false\" data-overlay-color=\"\" data-overlay-pattern=\"\" data-overlay-pattern-opacity=\"\" data-overlay-pattern-size=\"\"    ><\/div>","protected":false},"excerpt":{"rendered":"Info WHAT IS THE BEST WAY TO VISIT THE COLOSSEUM? The Colosseum attracts millions of [...]","protected":false},"author":1,"featured_media":0,"parent":0,"menu_order":0,"comment_status":"closed","ping_status":"closed","template":"","meta":{"inline_featured_image":false,"footnotes":""},"class_list":["post-874","page","type-page","status-publish","hentry"],"yoast_head":"<!-- This site is optimized with the Yoast SEO plugin v15.6.2 - https:\/\/yoast.com\/wordpress\/plugins\/seo\/ -->\n<title>Visting the Colosseum - Colosseum<\/title>\n<meta name=\"robots\" content=\"index, follow, max-snippet:-1, max-image-preview:large, max-video-preview:-1\" \/>\n<link rel=\"canonical\" href=\"https:\/\/colosseum.info\/es\/visting-the-colosseum\/\" \/>\n<meta property=\"og:locale\" content=\"es_ES\" \/>\n<meta property=\"og:type\" content=\"article\" \/>\n<meta property=\"og:title\" content=\"Visting the Colosseum - Colosseum\" \/>\n<meta property=\"og:url\" content=\"https:\/\/colosseum.info\/es\/visting-the-colosseum\/\" \/>\n<meta property=\"og:site_name\" content=\"Colosseum\" \/>\n<meta property=\"article:modified_time\" content=\"2020-07-10T13:21:44+00:00\" \/>\n<meta name=\"twitter:card\" content=\"summary_large_image\" \/>\n<meta name=\"twitter:label1\" content=\"Tiempo de lectura\">\n\t<meta name=\"twitter:data1\" content=\"6 minutos\">\n<script type=\"application\/ld+json\" class=\"yoast-schema-graph\">{\"@context\":\"https:\/\/schema.org\",\"@graph\":[{\"@type\":\"WebSite\",\"@id\":\"https:\/\/colosseum.info\/#website\",\"url\":\"https:\/\/colosseum.info\/\",\"name\":\"Colosseum\",\"description\":\"Everything you need to know about visiting the Colosseum in Rome\",\"potentialAction\":[{\"@type\":\"SearchAction\",\"target\":\"https:\/\/colosseum.info\/?s={search_term_string}\",\"query-input\":\"required name=search_term_string\"}],\"inLanguage\":\"es\"},{\"@type\":\"WebPage\",\"@id\":\"https:\/\/colosseum.info\/visting-the-colosseum\/#webpage\",\"url\":\"https:\/\/colosseum.info\/visting-the-colosseum\/\",\"name\":\"Visting the Colosseum - Colosseum\",\"isPartOf\":{\"@id\":\"https:\/\/colosseum.info\/#website\"},\"datePublished\":\"2020-05-22T13:54:46+00:00\",\"dateModified\":\"2020-07-10T13:21:44+00:00\",\"inLanguage\":\"es\",\"potentialAction\":[{\"@type\":\"ReadAction\",\"target\":[\"https:\/\/colosseum.info\/visting-the-colosseum\/\"]}]}]}<\/script>\n<!-- \/ Yoast SEO plugin. -->","_links":{"self":[{"href":"https:\/\/colosseum.info\/es\/wp-json\/wp\/v2\/pages\/874","targetHints":{"allow":["GET"]}}],"collection":[{"href":"https:\/\/colosseum.info\/es\/wp-json\/wp\/v2\/pages"}],"about":[{"href":"https:\/\/colosseum.info\/es\/wp-json\/wp\/v2\/types\/page"}],"author":[{"embeddable":true,"href":"https:\/\/colosseum.info\/es\/wp-json\/wp\/v2\/users\/1"}],"replies":[{"embeddable":true,"href":"https:\/\/colosseum.info\/es\/wp-json\/wp\/v2\/comments?post=874"}],"version-history":[{"count":16,"href":"https:\/\/colosseum.info\/es\/wp-json\/wp\/v2\/pages\/874\/revisions"}],"predecessor-version":[{"id":1668,"href":"https:\/\/colosseum.info\/es\/wp-json\/wp\/v2\/pages\/874\/revisions\/1668"}],"wp:attachment":[{"href":"https:\/\/colosseum.info\/es\/wp-json\/wp\/v2\/media?parent=874"}],"curies":[{"name":"wp","href":"https:\/\/api.w.org\/{rel}","templated":true}]}}