{"id":2459,"date":"2020-10-01T10:24:22","date_gmt":"2020-10-01T10:24:22","guid":{"rendered":"http:\/\/colosseum.info\/?page_id=2459"},"modified":"2020-10-17T12:26:53","modified_gmt":"2020-10-17T12:26:53","slug":"travel-tips","status":"publish","type":"page","link":"https:\/\/colosseum.info\/fr\/travel-tips\/","title":{"rendered":"TRAVEL TIPS"},"content":{"rendered":"<div data-vc-full-width=\"true\" data-vc-full-width-init=\"false\" class=\"vc_row wpb_row vc_row-fluid vc_custom_1602937156543 vc_row-has-fill\"><div class=\"wpb_column vc_column_container vc_col-sm-12\"><div class=\"vc_column-inner\"><div class=\"wpb_wrapper\"><div id=\"Tickets\" class=\"vc_row wpb_row vc_inner vc_row-fluid about vc_custom_1602937149747\"><div class=\"hrs wpb_column vc_column_container vc_col-sm-2\"><div class=\"vc_column-inner\"><div class=\"wpb_wrapper\">\n\t<div class=\"wpb_text_column wpb_content_element\" >\n\t\t<div class=\"wpb_wrapper\">\n\t\t\t<div class=\"about\">\n<h2 style=\"margin-top: 0px; text-align: center;\">Info<\/h2>\n<\/div>\n\n\t\t<\/div>\n\t<\/div>\n<div class=\"ult-spacer spacer-69f25a4c7bf62\" data-id=\"69f25a4c7bf62\" data-height=\"40\" data-height-mobile=\"40\" data-height-tab=\"40\" data-height-tab-portrait=\"\" data-height-mobile-landscape=\"\" style=\"clear:both;display:block;\"><\/div>\n\t<div  class=\"wpb_single_image wpb_content_element vc_align_center\">\n\t\t\n\t\t<figure class=\"wpb_wrapper vc_figure\">\n\t\t\t<div class=\"vc_single_image-wrapper   vc_box_border_grey\"><img loading=\"lazy\" decoding=\"async\" width=\"128\" height=\"128\" src=\"https:\/\/colosseum.info\/wp-content\/uploads\/2020\/05\/info.png\" class=\"vc_single_image-img attachment-full\" alt=\"\" srcset=\"https:\/\/colosseum.info\/wp-content\/uploads\/2020\/05\/info.png 128w, https:\/\/colosseum.info\/wp-content\/uploads\/2020\/05\/info-90x90.png 90w, https:\/\/colosseum.info\/wp-content\/uploads\/2020\/05\/info-59x59.png 59w\" sizes=\"auto, (max-width: 128px) 100vw, 128px\" \/><\/div>\n\t\t<\/figure>\n\t<\/div>\n<\/div><\/div><\/div><div class=\"wpb_column vc_column_container vc_col-sm-10\"><div class=\"vc_column-inner\"><div class=\"wpb_wrapper\">\n\t<div class=\"wpb_text_column wpb_content_element\" >\n\t\t<div class=\"wpb_wrapper\">\n\t\t\t<h3 style=\"text-align: center;\">QUELLE EST LA MEILLEURE FA\u00c7ON DE VISITER LE COLIS\u00c9E ?<\/h3>\n\n\t\t<\/div>\n\t<\/div>\n<div class=\"ult-spacer spacer-69f25a4c7c331\" data-id=\"69f25a4c7c331\" data-height=\"20\" data-height-mobile=\"20\" data-height-tab=\"20\" data-height-tab-portrait=\"\" data-height-mobile-landscape=\"\" style=\"clear:both;display:block;\"><\/div>\n\t<div class=\"wpb_text_column wpb_content_element\" >\n\t\t<div class=\"wpb_wrapper\">\n\t\t\t<p><b>The Colosseum attracts millions of visitors<\/b><span style=\"font-weight: 400;\"> every year and is one of Rome\u2019s most popular sites. That being said, it is also home to some of the longest lines in the city. In order to get the most out of your visit to Rome, <\/span><b>it is vital that you plan your Colosseum visit in advance<\/b><span style=\"font-weight: 400;\">. Early birds usually have the shortest waiting time but, keep in mind, traveling during peak season means <\/span><b>crowds no matter the time of day<\/b><span style=\"font-weight: 400;\">.<\/span><\/p>\n<p><span style=\"font-weight: 400;\">L\u2019entr\u00e9e du Colis\u00e9e inclut aussi la visite du Forum Romain et du Mont Palatin. En effet, le Forum et le Palatin sont deux sites distincts, mais, puisqu\u2019ils sont proches l\u2019un de l\u2019autre, ils sont consid\u00e9r\u00e9s tels qu\u2019un seul site. Cela signifie que le ticket du Colis\u00e9e peut \u00eatre utilis\u00e9 deux fois\u00a0: une entr\u00e9e au Colis\u00e9e (\u00e0 l\u2019heure r\u00e9serv\u00e9e) et une seconde au Forum \/ Palatin (soit le m\u00eame jour, soit dans les 24 heures suivantes l\u2019heure r\u00e9serv\u00e9e). Gardez \u00e0 l\u2019esprit que le Forum Romain et le Mont Palatin couvrent une surface \u00e9tendue et qu\u2019ils requi\u00e8rent d\u2019habitude au moins une heure de visite\u00a0: planifiez donc votre tour en cons\u00e9quence.<\/span><\/p>\n<p><span style=\"font-weight: 400;\">The Colosseum and Roman Forum\/Palatine Hill open everyday at 8:30am and the last entrance is about an hour before dusk (see chart below for time schedule). All visitors are allowed to remain in the site one hour after the last entrance. Due to the significant size of the Roman Forum\/Palatine Hill, the custodians will direct visitors to exit the area early in order to ensure the site can close on time &#8211; this can happen even 30 minutes prior to closing time, so be sure to <\/span><b>allow plenty of time to visit the site<\/b><span style=\"font-weight: 400;\">.<\/span><\/p>\n\n\t\t<\/div>\n\t<\/div>\n<\/div><\/div><\/div><\/div><\/div><\/div><\/div><\/div><div class=\"vc_row-full-width vc_clearfix\"><\/div><div data-vc-full-width=\"true\" data-vc-full-width-init=\"false\" class=\"vc_row wpb_row vc_row-fluid vc_custom_1602937164931\"><div class=\"wpb_column vc_column_container vc_col-sm-12\"><div class=\"vc_column-inner\"><div class=\"wpb_wrapper\"><div id=\"Opening-time\" class=\"vc_row wpb_row vc_inner vc_row-fluid about vc_custom_1602937196194\"><div class=\"hrs wpb_column vc_column_container vc_col-sm-2\"><div class=\"vc_column-inner\"><div class=\"wpb_wrapper\">\n\t<div class=\"wpb_text_column wpb_content_element\" >\n\t\t<div class=\"wpb_wrapper\">\n\t\t\t<h2 style=\"margin-top: 0px; text-align: center;\">TICKETS<\/h2>\n\n\t\t<\/div>\n\t<\/div>\n<div class=\"ult-spacer spacer-69f25a4c7cda2\" data-id=\"69f25a4c7cda2\" data-height=\"40\" data-height-mobile=\"40\" data-height-tab=\"40\" data-height-tab-portrait=\"\" data-height-mobile-landscape=\"\" style=\"clear:both;display:block;\"><\/div>\n\t<div  class=\"wpb_single_image wpb_content_element vc_align_center\">\n\t\t\n\t\t<figure class=\"wpb_wrapper vc_figure\">\n\t\t\t<div class=\"vc_single_image-wrapper   vc_box_border_grey\"><img loading=\"lazy\" decoding=\"async\" width=\"128\" height=\"128\" src=\"https:\/\/colosseum.info\/wp-content\/uploads\/2019\/09\/movie-tickets.png\" class=\"vc_single_image-img attachment-full\" alt=\"\" srcset=\"https:\/\/colosseum.info\/wp-content\/uploads\/2019\/09\/movie-tickets.png 128w, https:\/\/colosseum.info\/wp-content\/uploads\/2019\/09\/movie-tickets-90x90.png 90w, https:\/\/colosseum.info\/wp-content\/uploads\/2019\/09\/movie-tickets-59x59.png 59w\" sizes=\"auto, (max-width: 128px) 100vw, 128px\" \/><\/div>\n\t\t<\/figure>\n\t<\/div>\n<\/div><\/div><\/div><div class=\"wpb_column vc_column_container vc_col-sm-10\"><div class=\"vc_column-inner\"><div class=\"wpb_wrapper\">\n\t<div class=\"wpb_text_column wpb_content_element\" >\n\t\t<div class=\"wpb_wrapper\">\n\t\t\t<h3 style=\"text-align: center;\">QUELS SONT LES TICKETS DISPONIBLES POUR LA VISITE DU COLIS\u00c9E ?<\/h3>\n\n\t\t<\/div>\n\t<\/div>\n<div class=\"ult-spacer spacer-69f25a4c7d04e\" data-id=\"69f25a4c7d04e\" data-height=\"20\" data-height-mobile=\"20\" data-height-tab=\"20\" data-height-tab-portrait=\"\" data-height-mobile-landscape=\"\" style=\"clear:both;display:block;\"><\/div>\n\t<div class=\"wpb_text_column wpb_content_element\" >\n\t\t<div class=\"wpb_wrapper\">\n\t\t\t<p><span style=\"font-weight: 400;\">There are many ways to visit the Colosseum. Every reservation ticket has a timed entrance for the Colosseum so be sure to check your ticket and <\/span><b>arrive with plenty of time to spare<\/b><span style=\"font-weight: 400;\">. Each ticket also includes one entrance to the Roman Forum\/Palatine Hill, as stated earlier. You can enter the Roman Forum\/Palatine Hill on the same day or within 24hrs of the reservation time.\u00a0<\/span><\/p>\n<p>&nbsp;<\/p>\n<p><span style=\"font-weight: 400;\">Disons, par exemple, que vous avez l\u2019entr\u00e9e au Colis\u00e9e \u00e0 14h00. Il vous faudra vous pr\u00e9senter \u00e0 l\u2019entr\u00e9e principale du Colis\u00e9e \u00e0 peu pr\u00e8s \u00e0 13h30, montrer votre ticket au staff du Colis\u00e9e, qui vous laissera passer par la file de s\u00e9curit\u00e9 (vous pourriez attendre jusqu\u2019\u00e0 10 minutes avant l\u2019heure r\u00e9serv\u00e9e). L\u2019horaire d\u2019entr\u00e9e au Colis\u00e9e est imp\u00e9ratif. L\u2019entr\u00e9e au Forum et au Palatin est \u00e0 votre discr\u00e9tion. Vous pouvez en profiter de trois mani\u00e8res diff\u00e9rentes\u00a0: le m\u00eame jour, mais dans la matin\u00e9e et arrivant \u00e0 l\u2019entr\u00e9e du Colis\u00e9e \u00e0 13h30\u00a0; le m\u00eame jour, mais apr\u00e8s avoir termin\u00e9 le tour du Colis\u00e9e et avant la derni\u00e8re entr\u00e9e pr\u00e9vue pour le Forum et pour le Palatin\u00a0; le jour suivant, mais en arrivant \u00e0 l\u2019entr\u00e9e du Forum \/ Palatin avant 14h00 (lors de l\u2019expiration de votre ticket).\u00a0<\/span><\/p>\n<p><span style=\"font-weight: 400;\">In addition to the standard ticket option, there are <\/span><b>restricted-access tickets<\/b><span style=\"font-weight: 400;\"> available for purchase. These upgraded tickets include access to the <\/span><b>Colosseum\u2019s Arena Stage<\/b><span style=\"font-weight: 400;\">, the <\/span><b>Dungeons\/Underground<\/b><span style=\"font-weight: 400;\"> level of the Colosseum, and the <\/span><b>Colosseum\u2019s Upper Level\/Third Tier<\/b><span style=\"font-weight: 400;\">. These VIP areas are accessed via the Stern entrance, commonly referred to as the <\/span><b>Gladiator Gate<\/b><span style=\"font-weight: 400;\"> entrance. This separate entrance has much shorter security lines than the main entrance. Check out the TICKETS page for a detailed list of ticket options.<\/span><\/p>\n\n\t\t<\/div>\n\t<\/div>\n<\/div><\/div><\/div><\/div><\/div><\/div><\/div><\/div><div class=\"vc_row-full-width vc_clearfix\"><\/div><!-- Row Backgrounds --><div class=\"upb_color\" data-bg-override=\"0\" data-bg-color=\"#f2f2f2\" data-fadeout=\"\" data-fadeout-percentage=\"30\" data-parallax-content=\"\" data-parallax-content-sense=\"30\" data-row-effect-mobile-disable=\"true\" data-img-parallax-mobile-disable=\"true\" data-rtl=\"false\"  data-custom-vc-row=\"\"  data-vc=\"5.5.2\"  data-is_old_vc=\"\"  data-theme-support=\"\"   data-overlay=\"false\" data-overlay-color=\"\" data-overlay-pattern=\"\" data-overlay-pattern-opacity=\"\" data-overlay-pattern-size=\"\"    ><\/div><div data-vc-full-width=\"true\" data-vc-full-width-init=\"false\" class=\"vc_row wpb_row vc_row-fluid vc_custom_1602937239822\"><div class=\"wpb_column vc_column_container vc_col-sm-12\"><div class=\"vc_column-inner\"><div class=\"wpb_wrapper\"><div class=\"vc_row wpb_row vc_inner vc_row-fluid about vc_custom_1602937245785\"><div class=\"hrs wpb_column vc_column_container vc_col-sm-2\"><div class=\"vc_column-inner\"><div class=\"wpb_wrapper\">\n\t<div class=\"wpb_text_column wpb_content_element\" >\n\t\t<div class=\"wpb_wrapper\">\n\t\t\t<div class=\"about\">\n<h2 style=\"margin-top: 0px; text-align: center;\">CE QUI EST \/ N\u2019EST PAS PERMIS<\/h2>\n<\/div>\n\n\t\t<\/div>\n\t<\/div>\n<div class=\"ult-spacer spacer-69f25a4c7d56b\" data-id=\"69f25a4c7d56b\" data-height=\"40\" data-height-mobile=\"40\" data-height-tab=\"40\" data-height-tab-portrait=\"\" data-height-mobile-landscape=\"\" style=\"clear:both;display:block;\"><\/div>\n\t<div  class=\"wpb_single_image wpb_content_element vc_align_center\">\n\t\t\n\t\t<figure class=\"wpb_wrapper vc_figure\">\n\t\t\t<div class=\"vc_single_image-wrapper   vc_box_border_grey\"><img loading=\"lazy\" decoding=\"async\" width=\"128\" height=\"128\" src=\"https:\/\/colosseum.info\/wp-content\/uploads\/2020\/05\/ok.png\" class=\"vc_single_image-img attachment-full\" alt=\"\" srcset=\"https:\/\/colosseum.info\/wp-content\/uploads\/2020\/05\/ok.png 128w, https:\/\/colosseum.info\/wp-content\/uploads\/2020\/05\/ok-90x90.png 90w, https:\/\/colosseum.info\/wp-content\/uploads\/2020\/05\/ok-59x59.png 59w\" sizes=\"auto, (max-width: 128px) 100vw, 128px\" \/><\/div>\n\t\t<\/figure>\n\t<\/div>\n<\/div><\/div><\/div><div class=\"wpb_column vc_column_container vc_col-sm-10\"><div class=\"vc_column-inner\"><div class=\"wpb_wrapper\">\n\t<div class=\"wpb_text_column wpb_content_element\" >\n\t\t<div class=\"wpb_wrapper\">\n\t\t\t<h3 style=\"text-align: center;\">Y A-T-IL D\u2019OBJETS INTERDITS \u00c0 L'INT\u00c9RIEUR DU COLIS\u00c9E ?<\/h3>\n\n\t\t<\/div>\n\t<\/div>\n<div class=\"ult-spacer spacer-69f25a4c7d805\" data-id=\"69f25a4c7d805\" data-height=\"20\" data-height-mobile=\"20\" data-height-tab=\"20\" data-height-tab-portrait=\"\" data-height-mobile-landscape=\"\" style=\"clear:both;display:block;\"><\/div>\n\t<div class=\"wpb_text_column wpb_content_element\" >\n\t\t<div class=\"wpb_wrapper\">\n\t\t\t<p><span style=\"font-weight: 400;\">Le Colis\u00e9e impose \u00e0 tous ses visiteurs de passer le contr\u00f4le de s\u00e9curit\u00e9. De fa\u00e7on similaire aux contr\u00f4les de l\u2019a\u00e9roport, \u00e0 la base le processus est le m\u00eame. De petits bacs sont \u00e0 la disposition des visiteurs, qui doivent vider leurs poches et tous les objets personnels doivent passer \u00e0 travers les machines aux rayons X. Il n\u2019est pas inusuel que les visiteurs soient oblig\u00e9s de choisir soit de jeter leurs objets soit de ne pas entrer au Colis\u00e9e. Afin de garantir une entr\u00e9e fluide, voici une liste de ce qui est et de ce qui n\u2019est pas permis dans le Colis\u00e9e.<\/span><\/p>\n<p>&nbsp;<\/p>\n<p><strong>ALLOWED*:<\/strong><\/p>\n<p>&nbsp;<\/p>\n<ul>\n<li style=\"font-weight: 400;\"><span style=\"font-weight: 400;\">small\/medium bag and backpacks (no roller-bags of any size are allowed)<\/span><\/li>\n<li style=\"font-weight: 400;\"><span style=\"font-weight: 400;\">Bouteilles d\u2019eau en plastique (on peut vous demander de les vider, mais vous pouvez les remplir \u00e0 nouveau \u00e0 l\u2019int\u00e9rieur).<\/span><\/li>\n<li style=\"font-weight: 400;\"><span style=\"font-weight: 400;\">Vaporisateurs divers de l\u2019a\u00e9rosol*.<\/span><\/li>\n<\/ul>\n<p>&nbsp;<\/p>\n<p>&nbsp;<\/p>\n<p><strong>NON PERMIS** :<\/strong><\/p>\n<p>&nbsp;<\/p>\n<ul>\n<li style=\"font-weight: 400;\"><span style=\"font-weight: 400;\">Sacs et sacs \u00e0 dos de taille petite et moyenne (pas de sacs \u00e0 roulettes).\u00a0<\/span><\/li>\n<li style=\"font-weight: 400;\"><span style=\"font-weight: 400;\">Glass containers\/bottles<\/span><\/li>\n<li style=\"font-weight: 400;\"><span style=\"font-weight: 400;\">Weapons (including pocket knives)<\/span><\/li>\n<li style=\"font-weight: 400;\"><span style=\"font-weight: 400;\">Aerosol sprays<\/span><\/li>\n<\/ul>\n<p>&nbsp;<\/p>\n<p><span style=\"font-weight: 400;\">*It is advised to leave sentimental items at your accommodation.\u00a0<\/span><\/p>\n<p>&nbsp;<\/p>\n<p><span style=\"font-weight: 400;\">**Please note: what is\/is not allowed is decided by the Colosseum\u2019s security staff and can change at their discretion. In the past, there have been times when no liquids, even water, was allowed to be brought into the Colosseum (including makeup, sunscreen, etc.). In this case, you can empty your water bottles and keep them with you to refill them inside the Colosseum. <\/span><\/p>\n\n\t\t<\/div>\n\t<\/div>\n<\/div><\/div><\/div><\/div><\/div><\/div><\/div><\/div><div class=\"vc_row-full-width vc_clearfix\"><\/div><div data-vc-full-width=\"true\" data-vc-full-width-init=\"false\" class=\"vc_row wpb_row vc_row-fluid vc_custom_1602937254741\"><div class=\"wpb_column vc_column_container vc_col-sm-12\"><div class=\"vc_column-inner\"><div class=\"wpb_wrapper\"><div class=\"vc_row wpb_row vc_inner vc_row-fluid about vc_custom_1602937260701\"><div class=\"hrs wpb_column vc_column_container vc_col-sm-2\"><div class=\"vc_column-inner\"><div class=\"wpb_wrapper\">\n\t<div class=\"wpb_text_column wpb_content_element\" >\n\t\t<div class=\"wpb_wrapper\">\n\t\t\t<h2 style=\"margin-top: 0px; text-align: center;\">HORAIRES D\u2019OUVERTURE DU COLISEE<\/h2>\n\n\t\t<\/div>\n\t<\/div>\n<div class=\"ult-spacer spacer-69f25a4c7da9b\" data-id=\"69f25a4c7da9b\" data-height=\"40\" data-height-mobile=\"40\" data-height-tab=\"40\" data-height-tab-portrait=\"\" data-height-mobile-landscape=\"\" style=\"clear:both;display:block;\"><\/div>\n\t<div  class=\"wpb_single_image wpb_content_element vc_align_center\">\n\t\t\n\t\t<figure class=\"wpb_wrapper vc_figure\">\n\t\t\t<div class=\"vc_single_image-wrapper   vc_box_border_grey\"><img loading=\"lazy\" decoding=\"async\" width=\"128\" height=\"128\" src=\"https:\/\/colosseum.info\/wp-content\/uploads\/2020\/05\/watch.png\" class=\"vc_single_image-img attachment-full\" alt=\"\" srcset=\"https:\/\/colosseum.info\/wp-content\/uploads\/2020\/05\/watch.png 128w, https:\/\/colosseum.info\/wp-content\/uploads\/2020\/05\/watch-90x90.png 90w, https:\/\/colosseum.info\/wp-content\/uploads\/2020\/05\/watch-59x59.png 59w\" sizes=\"auto, (max-width: 128px) 100vw, 128px\" \/><\/div>\n\t\t<\/figure>\n\t<\/div>\n<\/div><\/div><\/div><div class=\"wpb_column vc_column_container vc_col-sm-10\"><div class=\"vc_column-inner\"><div class=\"wpb_wrapper\">\n\t<div class=\"wpb_text_column wpb_content_element\" >\n\t\t<div class=\"wpb_wrapper\">\n\t\t\t<h3 style=\"text-align: center;\">WHAT TIME DOES THE COLOSSEUM OPEN\/CLOSE?<\/h3>\n\n\t\t<\/div>\n\t<\/div>\n<div class=\"ult-spacer spacer-69f25a4c7dd40\" data-id=\"69f25a4c7dd40\" data-height=\"20\" data-height-mobile=\"20\" data-height-tab=\"20\" data-height-tab-portrait=\"\" data-height-mobile-landscape=\"\" style=\"clear:both;display:block;\"><\/div>\n\t<div class=\"wpb_text_column wpb_content_element\" >\n\t\t<div class=\"wpb_wrapper\">\n\t\t\t<p>The Colosseum opening hours vary depending on the time of year.<\/p>\n<table class=\"ticket-table\" style=\"width: 100%;\" cellpadding=\"10\">\n<tbody>\n<tr>\n<td><strong>Date From<\/strong><\/td>\n<td><strong>Date to<\/strong><\/td>\n<td><strong>Timing<\/strong><\/td>\n<\/tr>\n<tr>\n<td><span style=\"font-weight: 400;\">2 January<\/span><\/td>\n<td><span style=\"font-weight: 400;\">15 February<\/span><\/td>\n<td><span style=\"font-weight: 400;\">8:30AM &#8211; 3:30PM<\/span><\/td>\n<\/tr>\n<tr>\n<td><span style=\"font-weight: 400;\">16 February<\/span><\/td>\n<td><span style=\"font-weight: 400;\">15 March<\/span><\/td>\n<td><span style=\"font-weight: 400;\">8:30AM &#8211; 4:00PM<\/span><\/td>\n<\/tr>\n<tr>\n<td><span style=\"font-weight: 400;\">16 March<\/span><\/td>\n<td><span style=\"font-weight: 400;\">last Saturday of March<\/span><\/td>\n<td><span style=\"font-weight: 400;\">8:30AM &#8211; 4:30PM<\/span><\/td>\n<\/tr>\n<tr>\n<td><span style=\"font-weight: 400;\">Last Sunday of March<\/span><\/td>\n<td><span style=\"font-weight: 400;\">31 August<\/span><\/td>\n<td><span style=\"font-weight: 400;\">8:30AM &#8211; 6:15PM<\/span><\/td>\n<\/tr>\n<tr>\n<td><span style=\"font-weight: 400;\">1 September<\/span><\/td>\n<td><span style=\"font-weight: 400;\">30 September<\/span><\/td>\n<td>8:30AM &#8211; 6:00PM<\/td>\n<\/tr>\n<tr>\n<td><span style=\"font-weight: 400;\">1 October <\/span><\/td>\n<td><span style=\"font-weight: 400;\">last Saturday of October<\/span><\/td>\n<td>8:30AM &#8211; 5:30PM<\/td>\n<\/tr>\n<tr>\n<td><span style=\"font-weight: 400;\">Last Sunday of October<\/span><\/td>\n<td><span style=\"font-weight: 400;\">31 December<\/span><\/td>\n<td>8:30AM &#8211; 3:30PM<\/td>\n<\/tr>\n<\/tbody>\n<\/table>\n<p>Visitors are allowed to remain inside 1 hour after closing time.<\/p>\n<p>The Colosseum is closed on 1 January, 1 May, and 25 December<\/p>\n\n\t\t<\/div>\n\t<\/div>\n<\/div><\/div><\/div><\/div><\/div><\/div><\/div><\/div><div class=\"vc_row-full-width vc_clearfix\"><\/div><!-- Row Backgrounds --><div class=\"upb_color\" data-bg-override=\"0\" data-bg-color=\"#f2f2f2\" data-fadeout=\"\" data-fadeout-percentage=\"30\" data-parallax-content=\"\" data-parallax-content-sense=\"30\" data-row-effect-mobile-disable=\"true\" data-img-parallax-mobile-disable=\"true\" data-rtl=\"false\"  data-custom-vc-row=\"\"  data-vc=\"5.5.2\"  data-is_old_vc=\"\"  data-theme-support=\"\"   data-overlay=\"false\" data-overlay-color=\"\" data-overlay-pattern=\"\" data-overlay-pattern-opacity=\"\" data-overlay-pattern-size=\"\"    ><\/div>","protected":false},"excerpt":{"rendered":"Info WHAT IS THE BEST WAY TO VISIT THE COLOSSEUM? The Colosseum attracts millions of [...]","protected":false},"author":1,"featured_media":0,"parent":0,"menu_order":0,"comment_status":"closed","ping_status":"closed","template":"","meta":{"inline_featured_image":false,"footnotes":""},"class_list":["post-2459","page","type-page","status-publish","hentry"],"yoast_head":"<!-- This site is optimized with the Yoast SEO plugin v15.6.2 - https:\/\/yoast.com\/wordpress\/plugins\/seo\/ -->\n<title>TRAVEL TIPS - Colosseum<\/title>\n<meta name=\"robots\" content=\"index, follow, max-snippet:-1, max-image-preview:large, max-video-preview:-1\" \/>\n<link rel=\"canonical\" href=\"https:\/\/colosseum.info\/fr\/travel-tips\/\" \/>\n<meta property=\"og:locale\" content=\"fr_FR\" \/>\n<meta property=\"og:type\" content=\"article\" \/>\n<meta property=\"og:title\" content=\"TRAVEL TIPS - Colosseum\" \/>\n<meta property=\"og:url\" content=\"https:\/\/colosseum.info\/fr\/travel-tips\/\" \/>\n<meta property=\"og:site_name\" content=\"Colosseum\" \/>\n<meta property=\"article:modified_time\" content=\"2020-10-17T12:26:53+00:00\" \/>\n<meta name=\"twitter:card\" content=\"summary_large_image\" \/>\n<meta name=\"twitter:label1\" content=\"Dur\u00e9e de lecture est.\">\n\t<meta name=\"twitter:data1\" content=\"6 minutes\">\n<script type=\"application\/ld+json\" class=\"yoast-schema-graph\">{\"@context\":\"https:\/\/schema.org\",\"@graph\":[{\"@type\":\"WebSite\",\"@id\":\"https:\/\/colosseum.info\/#website\",\"url\":\"https:\/\/colosseum.info\/\",\"name\":\"Colosseum\",\"description\":\"Everything you need to know about visiting the Colosseum in Rome\",\"potentialAction\":[{\"@type\":\"SearchAction\",\"target\":\"https:\/\/colosseum.info\/?s={search_term_string}\",\"query-input\":\"required name=search_term_string\"}],\"inLanguage\":\"fr-FR\"},{\"@type\":\"WebPage\",\"@id\":\"https:\/\/colosseum.info\/travel-tips\/#webpage\",\"url\":\"https:\/\/colosseum.info\/travel-tips\/\",\"name\":\"TRAVEL TIPS - Colosseum\",\"isPartOf\":{\"@id\":\"https:\/\/colosseum.info\/#website\"},\"datePublished\":\"2020-10-01T10:24:22+00:00\",\"dateModified\":\"2020-10-17T12:26:53+00:00\",\"inLanguage\":\"fr-FR\",\"potentialAction\":[{\"@type\":\"ReadAction\",\"target\":[\"https:\/\/colosseum.info\/travel-tips\/\"]}]}]}<\/script>\n<!-- \/ Yoast SEO plugin. -->","_links":{"self":[{"href":"https:\/\/colosseum.info\/fr\/wp-json\/wp\/v2\/pages\/2459","targetHints":{"allow":["GET"]}}],"collection":[{"href":"https:\/\/colosseum.info\/fr\/wp-json\/wp\/v2\/pages"}],"about":[{"href":"https:\/\/colosseum.info\/fr\/wp-json\/wp\/v2\/types\/page"}],"author":[{"embeddable":true,"href":"https:\/\/colosseum.info\/fr\/wp-json\/wp\/v2\/users\/1"}],"replies":[{"embeddable":true,"href":"https:\/\/colosseum.info\/fr\/wp-json\/wp\/v2\/comments?post=2459"}],"version-history":[{"count":10,"href":"https:\/\/colosseum.info\/fr\/wp-json\/wp\/v2\/pages\/2459\/revisions"}],"predecessor-version":[{"id":2980,"href":"https:\/\/colosseum.info\/fr\/wp-json\/wp\/v2\/pages\/2459\/revisions\/2980"}],"wp:attachment":[{"href":"https:\/\/colosseum.info\/fr\/wp-json\/wp\/v2\/media?parent=2459"}],"curies":[{"name":"wp","href":"https:\/\/api.w.org\/{rel}","templated":true}]}}