{"id":859,"date":"2020-05-22T13:14:36","date_gmt":"2020-05-22T13:14:36","guid":{"rendered":"http:\/\/colosseum.info\/?page_id=859"},"modified":"2020-10-16T11:59:29","modified_gmt":"2020-10-16T11:59:29","slug":"individuals-groups-and-schools","status":"publish","type":"page","link":"https:\/\/colosseum.info\/fr\/individuals-groups-and-schools\/","title":{"rendered":"VISITEURS SEULS, GROUPES ET \u00c9COLES"},"content":{"rendered":"<div data-vc-full-width=\"true\" data-vc-full-width-init=\"false\" class=\"vc_row wpb_row vc_row-fluid\"><div class=\"wpb_column vc_column_container vc_col-sm-12\"><div class=\"vc_column-inner\"><div class=\"wpb_wrapper\"><div class=\"ult-spacer spacer-69de6565e2d28\" data-id=\"69de6565e2d28\" data-height=\"40\" data-height-mobile=\"40\" data-height-tab=\"40\" data-height-tab-portrait=\"\" data-height-mobile-landscape=\"\" style=\"clear:both;display:block;\"><\/div>\n\t<div class=\"wpb_text_column wpb_content_element\" >\n\t\t<div class=\"wpb_wrapper\">\n\t\t\t<div class=\"about\">\n<h2 style=\"text-align: center;\">VISITEURS SEULS<\/h2>\n<\/div>\n\n\t\t<\/div>\n\t<\/div>\n<div id=\"Tickets\" class=\"vc_row wpb_row vc_inner vc_row-fluid about vc_custom_1568365022054\"><div class=\"wpb_column vc_column_container vc_col-sm-6\"><div class=\"vc_column-inner\"><div class=\"wpb_wrapper\">\n\t<div  class=\"wpb_single_image wpb_content_element vc_align_center\">\n\t\t\n\t\t<figure class=\"wpb_wrapper vc_figure\">\n\t\t\t<div class=\"vc_single_image-wrapper   vc_box_border_grey\"><img loading=\"lazy\" decoding=\"async\" width=\"1200\" height=\"837\" src=\"https:\/\/colosseum.info\/wp-content\/uploads\/2020\/07\/Colosseum_Individuals.jpg\" class=\"vc_single_image-img attachment-full\" alt=\"\" srcset=\"https:\/\/colosseum.info\/wp-content\/uploads\/2020\/07\/Colosseum_Individuals.jpg 1200w, https:\/\/colosseum.info\/wp-content\/uploads\/2020\/07\/Colosseum_Individuals-300x209.jpg 300w, https:\/\/colosseum.info\/wp-content\/uploads\/2020\/07\/Colosseum_Individuals-768x536.jpg 768w, https:\/\/colosseum.info\/wp-content\/uploads\/2020\/07\/Colosseum_Individuals-1024x714.jpg 1024w\" sizes=\"auto, (max-width: 1200px) 100vw, 1200px\" \/><\/div>\n\t\t<\/figure>\n\t<\/div>\n<\/div><\/div><\/div><div class=\"wpb_column vc_column_container vc_col-sm-6\"><div class=\"vc_column-inner\"><div class=\"wpb_wrapper\"><div class=\"ult-spacer spacer-69de6565e4265\" data-id=\"69de6565e4265\" data-height=\"120\" data-height-mobile=\"120\" data-height-tab=\"120\" data-height-tab-portrait=\"\" data-height-mobile-landscape=\"\" style=\"clear:both;display:block;\"><\/div>\n\t<div class=\"wpb_text_column wpb_content_element\" >\n\t\t<div class=\"wpb_wrapper\">\n\t\t\t<p>Un ticket pour le Parc Arch\u00e9ologique du Colis\u00e9e, y compris les expositions au programme, est valable pour une entr\u00e9e au Colis\u00e9e (\u00e0 l\u2019heure sp\u00e9cifique de la r\u00e9servation) et pour une entr\u00e9e au Forum Romain et au Mont Palatin. La validit\u00e9 du ticket Standard est de 24 heures et celle d\u2019un Full Experience est de deux jours cons\u00e9cutifs (par rapport \u00e0 l\u2019entr\u00e9e au Forum et au Palatin). Tous les tickets sont li\u00e9s \u00e0 une entr\u00e9e horaire exacte, que le visiteur doit respecter ; les tickets en pr\u00e9vente doivent \u00eatre r\u00e9gl\u00e9s en entier lors de leur achat.<\/p>\n\n\t\t<\/div>\n\t<\/div>\n<\/div><\/div><\/div><\/div><\/div><\/div><\/div><\/div><div class=\"vc_row-full-width vc_clearfix\"><\/div><div data-vc-full-width=\"true\" data-vc-full-width-init=\"false\" class=\"vc_row wpb_row vc_row-fluid\"><div class=\"wpb_column vc_column_container vc_col-sm-12\"><div class=\"vc_column-inner\"><div class=\"wpb_wrapper\">\n\t<div class=\"wpb_text_column wpb_content_element\" >\n\t\t<div class=\"wpb_wrapper\">\n\t\t\t<h2 style=\"text-align: center;\">GROUPES<\/h2>\n\n\t\t<\/div>\n\t<\/div>\n<div id=\"Opening-time\" class=\"vc_row wpb_row vc_inner vc_row-fluid about vc_custom_1568365102420\"><div class=\"wpb_column vc_column_container vc_col-sm-6\"><div class=\"vc_column-inner\"><div class=\"wpb_wrapper\">\n\t<div  class=\"wpb_single_image wpb_content_element vc_align_center\">\n\t\t\n\t\t<figure class=\"wpb_wrapper vc_figure\">\n\t\t\t<div class=\"vc_single_image-wrapper   vc_box_border_grey\"><img loading=\"lazy\" decoding=\"async\" width=\"1200\" height=\"801\" src=\"https:\/\/colosseum.info\/wp-content\/uploads\/2020\/07\/Colosseum-Guided-Tour.jpg\" class=\"vc_single_image-img attachment-full\" alt=\"\" srcset=\"https:\/\/colosseum.info\/wp-content\/uploads\/2020\/07\/Colosseum-Guided-Tour.jpg 1200w, https:\/\/colosseum.info\/wp-content\/uploads\/2020\/07\/Colosseum-Guided-Tour-300x200.jpg 300w, https:\/\/colosseum.info\/wp-content\/uploads\/2020\/07\/Colosseum-Guided-Tour-768x513.jpg 768w, https:\/\/colosseum.info\/wp-content\/uploads\/2020\/07\/Colosseum-Guided-Tour-1024x684.jpg 1024w\" sizes=\"auto, (max-width: 1200px) 100vw, 1200px\" \/><\/div>\n\t\t<\/figure>\n\t<\/div>\n<\/div><\/div><\/div><div class=\"wpb_column vc_column_container vc_col-sm-6\"><div class=\"vc_column-inner\"><div class=\"wpb_wrapper\"><div class=\"ult-spacer spacer-69de6565e5585\" data-id=\"69de6565e5585\" data-height=\"60\" data-height-mobile=\"60\" data-height-tab=\"60\" data-height-tab-portrait=\"\" data-height-mobile-landscape=\"\" style=\"clear:both;display:block;\"><\/div>\n\t<div class=\"wpb_text_column wpb_content_element\" >\n\t\t<div class=\"wpb_wrapper\">\n\t\t\t<p>Un \u00ab groupe \u00bb au Colis\u00e9e est tel \u00e0 partir de 14 participants et jusqu\u2019\u00e0 50 personnes maximum, y compris ceux qui ont droit aux gratuit\u00e9s ou aux r\u00e9ductions. Tout groupe de 14 ou plus participants doit avoir une r\u00e9servation afin de pouvoir rentrer. Les tickets Standard achet\u00e9s en ligne peuvent \u00eatre \u00ab imprim\u00e9s \u00e0 la maison \u00bb et toutes les informations n\u00e9cessaires \u2013 type de visite, horaire, date et code barre \u00e0 scanner \u2013 vont \u00eatre dans le document imprim\u00e9. Si quelqu\u2019un des participants a droit \u00e0 une r\u00e9duction ou \u00e0 une gratuit\u00e9, il va falloir pr\u00e9senter la pi\u00e8ce d\u2019identit\u00e9 correspondante au guichet des r\u00e9servations, o\u00f9 le staff va imprimer vos tickets. Veuillez remarquer que les tickets \u00ab gratuits \u00bb exigent un co\u00fbt de \u20ac 2,00 par personne (droits de r\u00e9servation), dont le paiement par carte de cr\u00e9dit va \u00eatre r\u00e9gl\u00e9 au guichet des r\u00e9servations.<\/p>\n\n\t\t<\/div>\n\t<\/div>\n<\/div><\/div><\/div><\/div><\/div><\/div><\/div><\/div><div class=\"vc_row-full-width vc_clearfix\"><\/div><!-- Row Backgrounds --><div class=\"upb_color\" data-bg-override=\"0\" data-bg-color=\"#ededed\" data-fadeout=\"\" data-fadeout-percentage=\"30\" data-parallax-content=\"\" data-parallax-content-sense=\"30\" data-row-effect-mobile-disable=\"true\" data-img-parallax-mobile-disable=\"true\" data-rtl=\"false\"  data-custom-vc-row=\"\"  data-vc=\"5.5.2\"  data-is_old_vc=\"\"  data-theme-support=\"\"   data-overlay=\"false\" data-overlay-color=\"\" data-overlay-pattern=\"\" data-overlay-pattern-opacity=\"\" data-overlay-pattern-size=\"\"    ><\/div><div data-vc-full-width=\"true\" data-vc-full-width-init=\"false\" class=\"vc_row wpb_row vc_row-fluid\"><div class=\"wpb_column vc_column_container vc_col-sm-12\"><div class=\"vc_column-inner\"><div class=\"wpb_wrapper\">\n\t<div class=\"wpb_text_column wpb_content_element\" >\n\t\t<div class=\"wpb_wrapper\">\n\t\t\t<h2 style=\"text-align: center;\">ECOLES<\/h2>\n\n\t\t<\/div>\n\t<\/div>\n<div class=\"vc_row wpb_row vc_inner vc_row-fluid about vc_custom_1568365102420\"><div class=\"wpb_column vc_column_container vc_col-sm-6\"><div class=\"vc_column-inner\"><div class=\"wpb_wrapper\"><div class=\"ult-spacer spacer-69de6565e5c17\" data-id=\"69de6565e5c17\" data-height=\"20\" data-height-mobile=\"20\" data-height-tab=\"20\" data-height-tab-portrait=\"\" data-height-mobile-landscape=\"\" style=\"clear:both;display:block;\"><\/div>\n\t<div  class=\"wpb_single_image wpb_content_element vc_align_center\">\n\t\t\n\t\t<figure class=\"wpb_wrapper vc_figure\">\n\t\t\t<div class=\"vc_single_image-wrapper   vc_box_border_grey\"><img loading=\"lazy\" decoding=\"async\" width=\"500\" height=\"333\" src=\"https:\/\/colosseum.info\/wp-content\/uploads\/2020\/07\/Colosseum_School.jpg\" class=\"vc_single_image-img attachment-full\" alt=\"\" srcset=\"https:\/\/colosseum.info\/wp-content\/uploads\/2020\/07\/Colosseum_School.jpg 500w, https:\/\/colosseum.info\/wp-content\/uploads\/2020\/07\/Colosseum_School-300x200.jpg 300w\" sizes=\"auto, (max-width: 500px) 100vw, 500px\" \/><\/div>\n\t\t<\/figure>\n\t<\/div>\n<\/div><\/div><\/div><div class=\"wpb_column vc_column_container vc_col-sm-6\"><div class=\"vc_column-inner\"><div class=\"wpb_wrapper\">\n\t<div class=\"wpb_text_column wpb_content_element\" >\n\t\t<div class=\"wpb_wrapper\">\n\t\t\t<p>Les groupes d\u2019\u00e9coliers doivent r\u00e9server \u00e0 l\u2019avance une entr\u00e9e horaire et leurs tickets peuvent \u00eatre r\u00e9cup\u00e9r\u00e9s au Colis\u00e9e, \u00e0 l\u2019Arc de Titus ou au Forum Romain. Tous les groupes scolaires doivent imp\u00e9rativement entrer au Colis\u00e9e par la porte Stern.<\/p>\n<p>&nbsp;<\/p>\n<p class=\"translation-block\">Union Europ\u00e9enne : les \u00e9coles de l\u2019UE doivent r\u00e9server une entr\u00e9e horaire et vont recevoir leurs gratuit\u00e9s suite \u00e0 la pr\u00e9sentation d\u2019une liste officielle de la classe. Cette liste doit \u00eatre imprim\u00e9e sur un papier officiel de l\u2019Institut et afficher les noms des \u00e9tudiants et des professeurs, aussi bien que la signature du Responsable de l\u2019Institut.<\/p>\n<p>&nbsp;<\/p>\n<p class=\"translation-block\">Hors Union Europ\u00e9enne : ces \u00e9coles doivent r\u00e9server leurs tickets et payer en entier lors de la r\u00e9servation. Un document de l\u2019Institut est indispensable pour garantir que le groupe provient effectivement d\u2019une \u00e9cole l\u00e9gitime. Tout participant mineur de 18 ans, pourvu d\u2019une pi\u00e8ce d\u2019identit\u00e9 valable, va recevoir un ticket gratuit. Tout participant adulte (18 ans ou plus), y compris les professeurs et les accompagnateurs, doivent r\u00e9server et payer un ticket standard. Veuillez remarquer qu\u2019il ne faut r\u00e9server et payer que pour les participants adultes (18 ans ou plus) et pour un maximum global de 50 personnes. V\u00e9rifiez l\u2019\u00e2ge de chaque participant au moment de l\u2019utilisation du ticket et NON PAS lors de sa r\u00e9servation !<\/p>\n\n\t\t<\/div>\n\t<\/div>\n<\/div><\/div><\/div><\/div><\/div><\/div><\/div><\/div><div class=\"vc_row-full-width vc_clearfix\"><\/div>","protected":false},"excerpt":{"rendered":"Individuals A ticket for the Colosseum\/Palatine Hill &amp; Roman Forum, including ongoing exhibitions, is valid [...]","protected":false},"author":1,"featured_media":0,"parent":0,"menu_order":0,"comment_status":"closed","ping_status":"closed","template":"","meta":{"inline_featured_image":false,"footnotes":""},"class_list":["post-859","page","type-page","status-publish","hentry"],"yoast_head":"<!-- This site is optimized with the Yoast SEO plugin v15.6.2 - https:\/\/yoast.com\/wordpress\/plugins\/seo\/ -->\n<title>INDIVIDUALS, GROUPS AND SCHOOLS - Colosseum<\/title>\n<meta name=\"robots\" content=\"index, follow, max-snippet:-1, max-image-preview:large, max-video-preview:-1\" \/>\n<link rel=\"canonical\" href=\"https:\/\/colosseum.info\/fr\/individuals-groups-and-schools\/\" \/>\n<meta property=\"og:locale\" content=\"fr_FR\" \/>\n<meta property=\"og:type\" content=\"article\" \/>\n<meta property=\"og:title\" content=\"INDIVIDUALS, GROUPS AND SCHOOLS - Colosseum\" \/>\n<meta property=\"og:url\" content=\"https:\/\/colosseum.info\/fr\/individuals-groups-and-schools\/\" \/>\n<meta property=\"og:site_name\" content=\"Colosseum\" \/>\n<meta property=\"article:modified_time\" content=\"2020-10-16T11:59:29+00:00\" \/>\n<meta name=\"twitter:card\" content=\"summary_large_image\" \/>\n<meta name=\"twitter:label1\" content=\"Dur\u00e9e de lecture est.\">\n\t<meta name=\"twitter:data1\" content=\"3 minutes\">\n<script type=\"application\/ld+json\" class=\"yoast-schema-graph\">{\"@context\":\"https:\/\/schema.org\",\"@graph\":[{\"@type\":\"WebSite\",\"@id\":\"https:\/\/colosseum.info\/#website\",\"url\":\"https:\/\/colosseum.info\/\",\"name\":\"Colosseum\",\"description\":\"Everything you need to know about visiting the Colosseum in Rome\",\"potentialAction\":[{\"@type\":\"SearchAction\",\"target\":\"https:\/\/colosseum.info\/?s={search_term_string}\",\"query-input\":\"required name=search_term_string\"}],\"inLanguage\":\"fr-FR\"},{\"@type\":\"WebPage\",\"@id\":\"https:\/\/colosseum.info\/es\/individuals-groups-and-schools\/#webpage\",\"url\":\"https:\/\/colosseum.info\/es\/individuals-groups-and-schools\/\",\"name\":\"INDIVIDUALS, GROUPS AND SCHOOLS - Colosseum\",\"isPartOf\":{\"@id\":\"https:\/\/colosseum.info\/#website\"},\"datePublished\":\"2020-05-22T13:14:36+00:00\",\"dateModified\":\"2020-10-16T11:59:29+00:00\",\"inLanguage\":\"fr-FR\",\"potentialAction\":[{\"@type\":\"ReadAction\",\"target\":[\"https:\/\/colosseum.info\/es\/individuals-groups-and-schools\/\"]}]}]}<\/script>\n<!-- \/ Yoast SEO plugin. -->","_links":{"self":[{"href":"https:\/\/colosseum.info\/fr\/wp-json\/wp\/v2\/pages\/859","targetHints":{"allow":["GET"]}}],"collection":[{"href":"https:\/\/colosseum.info\/fr\/wp-json\/wp\/v2\/pages"}],"about":[{"href":"https:\/\/colosseum.info\/fr\/wp-json\/wp\/v2\/types\/page"}],"author":[{"embeddable":true,"href":"https:\/\/colosseum.info\/fr\/wp-json\/wp\/v2\/users\/1"}],"replies":[{"embeddable":true,"href":"https:\/\/colosseum.info\/fr\/wp-json\/wp\/v2\/comments?post=859"}],"version-history":[{"count":11,"href":"https:\/\/colosseum.info\/fr\/wp-json\/wp\/v2\/pages\/859\/revisions"}],"predecessor-version":[{"id":2812,"href":"https:\/\/colosseum.info\/fr\/wp-json\/wp\/v2\/pages\/859\/revisions\/2812"}],"wp:attachment":[{"href":"https:\/\/colosseum.info\/fr\/wp-json\/wp\/v2\/media?parent=859"}],"curies":[{"name":"wp","href":"https:\/\/api.w.org\/{rel}","templated":true}]}}