{"id":874,"date":"2020-05-22T13:54:46","date_gmt":"2020-05-22T13:54:46","guid":{"rendered":"http:\/\/colosseum.info\/?page_id=874"},"modified":"2020-07-10T13:21:44","modified_gmt":"2020-07-10T13:21:44","slug":"visting-the-colosseum","status":"publish","type":"page","link":"https:\/\/colosseum.info\/fr\/visting-the-colosseum\/","title":{"rendered":"VISITER LE COLIS\u00c9E"},"content":{"rendered":"<div data-vc-full-width=\"true\" data-vc-full-width-init=\"false\" class=\"vc_row wpb_row vc_row-fluid\"><div class=\"wpb_column vc_column_container vc_col-sm-12\"><div class=\"vc_column-inner\"><div class=\"wpb_wrapper\"><div id=\"Tickets\" class=\"vc_row wpb_row vc_inner vc_row-fluid about vc_custom_1592549738574\"><div class=\"hrs wpb_column vc_column_container vc_col-sm-3\"><div class=\"vc_column-inner\"><div class=\"wpb_wrapper\">\n\t<div class=\"wpb_text_column wpb_content_element\" >\n\t\t<div class=\"wpb_wrapper\">\n\t\t\t<div class=\"about\">\n<h2 style=\"margin-top: 0px; text-align: center;\">Info<\/h2>\n<\/div>\n\n\t\t<\/div>\n\t<\/div>\n<div class=\"ult-spacer spacer-69e7a408b9b77\" data-id=\"69e7a408b9b77\" data-height=\"40\" data-height-mobile=\"40\" data-height-tab=\"40\" data-height-tab-portrait=\"\" data-height-mobile-landscape=\"\" style=\"clear:both;display:block;\"><\/div>\n\t<div  class=\"wpb_single_image wpb_content_element vc_align_center\">\n\t\t\n\t\t<figure class=\"wpb_wrapper vc_figure\">\n\t\t\t<div class=\"vc_single_image-wrapper   vc_box_border_grey\"><img loading=\"lazy\" decoding=\"async\" width=\"128\" height=\"128\" src=\"https:\/\/colosseum.info\/wp-content\/uploads\/2020\/05\/info.png\" class=\"vc_single_image-img attachment-full\" alt=\"\" srcset=\"https:\/\/colosseum.info\/wp-content\/uploads\/2020\/05\/info.png 128w, https:\/\/colosseum.info\/wp-content\/uploads\/2020\/05\/info-90x90.png 90w, https:\/\/colosseum.info\/wp-content\/uploads\/2020\/05\/info-59x59.png 59w\" sizes=\"auto, (max-width: 128px) 100vw, 128px\" \/><\/div>\n\t\t<\/figure>\n\t<\/div>\n<\/div><\/div><\/div><div class=\"wpb_column vc_column_container vc_col-sm-9\"><div class=\"vc_column-inner\"><div class=\"wpb_wrapper\">\n\t<div class=\"wpb_text_column wpb_content_element\" >\n\t\t<div class=\"wpb_wrapper\">\n\t\t\t<h3 style=\"text-align: center;\">QUELLE EST LA MEILLEURE FA\u00c7ON DE VISITER LE COLIS\u00c9E ?<\/h3>\n\n\t\t<\/div>\n\t<\/div>\n<div class=\"ult-spacer spacer-69e7a408ba468\" data-id=\"69e7a408ba468\" data-height=\"20\" data-height-mobile=\"20\" data-height-tab=\"20\" data-height-tab-portrait=\"\" data-height-mobile-landscape=\"\" style=\"clear:both;display:block;\"><\/div>\n\t<div class=\"wpb_text_column wpb_content_element\" >\n\t\t<div class=\"wpb_wrapper\">\n\t\t\t<p><strong>Le Colis\u00e9e attrait de millions de visiteurs <\/strong>chaque ann\u00e9e et est l\u2019un des sites romains parmi les plus populaires. Cela dit, il accueille aussi les files d\u2019attente parmi les plus longues en ville. Afin de profiter au maximum de votre s\u00e9jour \u00e0 Rome, <strong>il est capital de planifier votre visite du Colis\u00e9e \u00e0 l\u2019avance<\/strong>. Ceux qui se l\u00e8vent t\u00f4t ont normalement la plus courte des attentes, mais n\u2019oubliez pas que, si vous voyagez en haute saison, il faut s\u2019attendre aux <strong>foules \u00e0 n\u2019importe quel moment de la journ\u00e9e<\/strong>.<\/p>\n<p>L\u2019entr\u00e9e du Colis\u00e9e inclut aussi la visite du Forum Romain et du Mont Palatin. En effet, le Forum et le Palatin sont deux sites distincts, mais, puisqu\u2019ils sont proches l\u2019un de l\u2019autre, ils sont consid\u00e9r\u00e9s tels qu\u2019un seul site. Cela signifie que le ticket du Colis\u00e9e peut \u00eatre utilis\u00e9 deux fois\u00a0: une entr\u00e9e au Colis\u00e9e (\u00e0 l\u2019heure r\u00e9serv\u00e9e) et une seconde au Forum \/ Palatin (soit le m\u00eame jour, soit dans les 24 heures suivantes l\u2019heure r\u00e9serv\u00e9e). Gardez \u00e0 l\u2019esprit que le Forum Romain et le Mont Palatin couvrent une surface \u00e9tendue et qu\u2019ils requi\u00e8rent d\u2019habitude au moins une heure de visite\u00a0: planifiez donc votre tour en cons\u00e9quence.<\/p>\n<p>Le parc arch\u00e9ologique du Colis\u00e9e ouvre tous les jours \u00e0 08h30 et la derni\u00e8re entr\u00e9e est pr\u00e9vue environ une heure avant le cr\u00e9puscule (voir le timing plus bas). Les visiteurs peuvent rester dans le site une heure apr\u00e8s la derni\u00e8re entr\u00e9e. A cause de la taille importante du Forum et du Palatin, les gardiens vont adresser les visiteurs vers la sortie suffisamment t\u00f4t, afin de garantir la fermeture du site \u00e0 l\u2019heure \u2013 cela peut arriver m\u00eame 30 minutes avant la fermeture et il vaut mieux <strong>pr\u00e9voir assez de temps pour explorer le site<\/strong>.<\/p>\n\n\t\t<\/div>\n\t<\/div>\n<\/div><\/div><\/div><\/div><\/div><\/div><\/div><\/div><div class=\"vc_row-full-width vc_clearfix\"><\/div><div data-vc-full-width=\"true\" data-vc-full-width-init=\"false\" class=\"vc_row wpb_row vc_row-fluid\"><div class=\"wpb_column vc_column_container vc_col-sm-12\"><div class=\"vc_column-inner\"><div class=\"wpb_wrapper\"><div id=\"Opening-time\" class=\"vc_row wpb_row vc_inner vc_row-fluid about vc_custom_1592549734111\"><div class=\"hrs wpb_column vc_column_container vc_col-sm-3\"><div class=\"vc_column-inner\"><div class=\"wpb_wrapper\">\n\t<div class=\"wpb_text_column wpb_content_element\" >\n\t\t<div class=\"wpb_wrapper\">\n\t\t\t<h2 style=\"margin-top: 0px; text-align: center;\">TICKETS<\/h2>\n\n\t\t<\/div>\n\t<\/div>\n<div class=\"ult-spacer spacer-69e7a408bb224\" data-id=\"69e7a408bb224\" data-height=\"40\" data-height-mobile=\"40\" data-height-tab=\"40\" data-height-tab-portrait=\"\" data-height-mobile-landscape=\"\" style=\"clear:both;display:block;\"><\/div>\n\t<div  class=\"wpb_single_image wpb_content_element vc_align_center\">\n\t\t\n\t\t<figure class=\"wpb_wrapper vc_figure\">\n\t\t\t<div class=\"vc_single_image-wrapper   vc_box_border_grey\"><img loading=\"lazy\" decoding=\"async\" width=\"128\" height=\"128\" src=\"https:\/\/colosseum.info\/wp-content\/uploads\/2019\/09\/movie-tickets.png\" class=\"vc_single_image-img attachment-full\" alt=\"\" srcset=\"https:\/\/colosseum.info\/wp-content\/uploads\/2019\/09\/movie-tickets.png 128w, https:\/\/colosseum.info\/wp-content\/uploads\/2019\/09\/movie-tickets-90x90.png 90w, https:\/\/colosseum.info\/wp-content\/uploads\/2019\/09\/movie-tickets-59x59.png 59w\" sizes=\"auto, (max-width: 128px) 100vw, 128px\" \/><\/div>\n\t\t<\/figure>\n\t<\/div>\n<\/div><\/div><\/div><div class=\"wpb_column vc_column_container vc_col-sm-9\"><div class=\"vc_column-inner\"><div class=\"wpb_wrapper\">\n\t<div class=\"wpb_text_column wpb_content_element\" >\n\t\t<div class=\"wpb_wrapper\">\n\t\t\t<h3 style=\"text-align: center;\">QUELS SONT LES TICKETS DISPONIBLES POUR LA VISITE DU COLIS\u00c9E ?<\/h3>\n\n\t\t<\/div>\n\t<\/div>\n<div class=\"ult-spacer spacer-69e7a408bbbed\" data-id=\"69e7a408bbbed\" data-height=\"20\" data-height-mobile=\"20\" data-height-tab=\"20\" data-height-tab-portrait=\"\" data-height-mobile-landscape=\"\" style=\"clear:both;display:block;\"><\/div>\n\t<div class=\"wpb_text_column wpb_content_element\" >\n\t\t<div class=\"wpb_wrapper\">\n\t\t\t<p>Il existe plusieurs types de visites du Colis\u00e9e. Toute r\u00e9servation a une entr\u00e9e horaire pour le Colis\u00e9e\u00a0: v\u00e9rifiez votre ticket et <strong>rendez vous sur site avec assez de temps disponible<\/strong>. Chaque ticket inclut aussi une entr\u00e9e au Forum Romain et au Mont Palatin, comme d\u00e9j\u00e0 mentionn\u00e9. Vous pouvez entrer au Forum et au Palatin le m\u00eame jour ou dans les 24 heures suivantes l\u2019heure r\u00e9serv\u00e9e<\/p>\n<p>Disons, par exemple, que vous avez l\u2019entr\u00e9e au Colis\u00e9e \u00e0 14h00. Il vous faudra vous pr\u00e9senter \u00e0 l\u2019entr\u00e9e principale du Colis\u00e9e \u00e0 peu pr\u00e8s \u00e0 13h30, montrer votre ticket au staff du Colis\u00e9e, qui vous laissera passer par la file de s\u00e9curit\u00e9 (vous pourriez attendre jusqu\u2019\u00e0 10 minutes avant l\u2019heure r\u00e9serv\u00e9e). L\u2019horaire d\u2019entr\u00e9e au Colis\u00e9e est imp\u00e9ratif. L\u2019entr\u00e9e au Forum et au Palatin est \u00e0 votre discr\u00e9tion. Vous pouvez en profiter de trois mani\u00e8res diff\u00e9rentes\u00a0: le m\u00eame jour, mais dans la matin\u00e9e et arrivant \u00e0 l\u2019entr\u00e9e du Colis\u00e9e \u00e0 13h30\u00a0; le m\u00eame jour, mais apr\u00e8s avoir termin\u00e9 le tour du Colis\u00e9e et avant la derni\u00e8re entr\u00e9e pr\u00e9vue pour le Forum et pour le Palatin\u00a0; le jour suivant, mais en arrivant \u00e0 l\u2019entr\u00e9e du Forum \/ Palatin avant 14h00 (lors de l\u2019expiration de votre ticket).<\/p>\n<p>Outre l\u2019option du ticket standard, des <strong>tickets aux acc\u00e8s limit\u00e9s<\/strong> sont en vente. Ces billets \u00ab\u00a0sup\u00e9rieurs\u00a0\u00bb incluent l\u2019acc\u00e8s au <strong>niveau de l\u2019Ar\u00e8ne du Colis\u00e9e<\/strong>, ses <strong>Souterrains<\/strong> et son <strong>Troisi\u00e8me Niveau<\/strong>. Ces zones VIP sont accessibles via l\u2019entr\u00e9e Stern, couramment connue sous le nome de <strong>Porte du Gladiateur<\/strong>. A cette entr\u00e9e distincte, les files d\u2019attente sont beaucoup plus courtes qu\u2019\u00e0 l\u2019entr\u00e9e principale. Jetez un coup d\u2019\u0153il \u00e0 la page des TICKETS pour le d\u00e9tail de toutes les options.<\/p>\n\n\t\t<\/div>\n\t<\/div>\n<\/div><\/div><\/div><\/div><\/div><\/div><\/div><\/div><div class=\"vc_row-full-width vc_clearfix\"><\/div><!-- Row Backgrounds --><div class=\"upb_color\" data-bg-override=\"0\" data-bg-color=\"#f2f2f2\" data-fadeout=\"\" data-fadeout-percentage=\"30\" data-parallax-content=\"\" data-parallax-content-sense=\"30\" data-row-effect-mobile-disable=\"true\" data-img-parallax-mobile-disable=\"true\" data-rtl=\"false\"  data-custom-vc-row=\"\"  data-vc=\"5.5.2\"  data-is_old_vc=\"\"  data-theme-support=\"\"   data-overlay=\"false\" data-overlay-color=\"\" data-overlay-pattern=\"\" data-overlay-pattern-opacity=\"\" data-overlay-pattern-size=\"\"    ><\/div><div data-vc-full-width=\"true\" data-vc-full-width-init=\"false\" class=\"vc_row wpb_row vc_row-fluid\"><div class=\"wpb_column vc_column_container vc_col-sm-12\"><div class=\"vc_column-inner\"><div class=\"wpb_wrapper\"><div class=\"vc_row wpb_row vc_inner vc_row-fluid about vc_custom_1592549722544\"><div class=\"hrs wpb_column vc_column_container vc_col-sm-3\"><div class=\"vc_column-inner\"><div class=\"wpb_wrapper\">\n\t<div class=\"wpb_text_column wpb_content_element\" >\n\t\t<div class=\"wpb_wrapper\">\n\t\t\t<div class=\"about\">\n<h2 style=\"margin-top: 0px; text-align: center;\">CE QUI EST \/ N\u2019EST PAS PERMIS<\/h2>\n<\/div>\n\n\t\t<\/div>\n\t<\/div>\n<div class=\"ult-spacer spacer-69e7a408bc1c2\" data-id=\"69e7a408bc1c2\" data-height=\"40\" data-height-mobile=\"40\" data-height-tab=\"40\" data-height-tab-portrait=\"\" data-height-mobile-landscape=\"\" style=\"clear:both;display:block;\"><\/div>\n\t<div  class=\"wpb_single_image wpb_content_element vc_align_center\">\n\t\t\n\t\t<figure class=\"wpb_wrapper vc_figure\">\n\t\t\t<div class=\"vc_single_image-wrapper   vc_box_border_grey\"><img loading=\"lazy\" decoding=\"async\" width=\"128\" height=\"128\" src=\"https:\/\/colosseum.info\/wp-content\/uploads\/2020\/05\/ok.png\" class=\"vc_single_image-img attachment-full\" alt=\"\" srcset=\"https:\/\/colosseum.info\/wp-content\/uploads\/2020\/05\/ok.png 128w, https:\/\/colosseum.info\/wp-content\/uploads\/2020\/05\/ok-90x90.png 90w, https:\/\/colosseum.info\/wp-content\/uploads\/2020\/05\/ok-59x59.png 59w\" sizes=\"auto, (max-width: 128px) 100vw, 128px\" \/><\/div>\n\t\t<\/figure>\n\t<\/div>\n<\/div><\/div><\/div><div class=\"wpb_column vc_column_container vc_col-sm-9\"><div class=\"vc_column-inner\"><div class=\"wpb_wrapper\">\n\t<div class=\"wpb_text_column wpb_content_element\" >\n\t\t<div class=\"wpb_wrapper\">\n\t\t\t<h3 style=\"text-align: center;\">Y A-T-IL D\u2019OBJETS INTERDITS \u00c0 L'INT\u00c9RIEUR DU COLIS\u00c9E ?<\/h3>\n\n\t\t<\/div>\n\t<\/div>\n<div class=\"ult-spacer spacer-69e7a408bc948\" data-id=\"69e7a408bc948\" data-height=\"20\" data-height-mobile=\"20\" data-height-tab=\"20\" data-height-tab-portrait=\"\" data-height-mobile-landscape=\"\" style=\"clear:both;display:block;\"><\/div>\n\t<div class=\"wpb_text_column wpb_content_element\" >\n\t\t<div class=\"wpb_wrapper\">\n\t\t\t<p>Le Colis\u00e9e impose \u00e0 tous ses visiteurs de passer le contr\u00f4le de s\u00e9curit\u00e9. De fa\u00e7on similaire aux contr\u00f4les de l\u2019a\u00e9roport, \u00e0 la base le processus est le m\u00eame. De petits bacs sont \u00e0 la disposition des visiteurs, qui doivent vider leurs poches et tous les objets personnels doivent passer \u00e0 travers les machines aux rayons X. Il n\u2019est pas inusuel que les visiteurs soient oblig\u00e9s de choisir soit de jeter leurs objets soit de ne pas entrer au Colis\u00e9e. Afin de garantir une entr\u00e9e fluide, voici une liste de ce qui est et de ce qui n\u2019est pas permis dans le Colis\u00e9e.<\/p>\n<p><strong>PERMIS* :<\/strong><\/p>\n<ul>\n<li>small\/medium bag and backpacks (no roller-bags of any size are allowed)<\/li>\n<li>Bouteilles d\u2019eau en plastique (on peut vous demander de les vider, mais vous pouvez les remplir \u00e0 nouveau \u00e0 l\u2019int\u00e9rieur).<\/li>\n<li>Vaporisateurs divers de l\u2019a\u00e9rosol*.<\/li>\n<\/ul>\n<p>&nbsp;<\/p>\n<p><strong>NON PERMIS** :<\/strong><\/p>\n<ul>\n<li>Sacs et sacs \u00e0 dos de taille petite et moyenne (pas de sacs \u00e0 roulettes).<\/li>\n<li>Glass containers\/bottles<\/li>\n<li>Weapons (including pocket knives)<\/li>\n<li>Aerosol sprays<\/li>\n<\/ul>\n<p>&nbsp;<\/p>\n<p><strong>*<\/strong> * Il est conseill\u00e9 de laisser tout objet personnel aupr\u00e8s de votre h\u00e9bergement.<\/p>\n<p><strong>**<\/strong> ** Notez SVP : ce qui est \/ n\u2019est pas permis est \u00e9tabli par le staff de s\u00e9curit\u00e9 du Colis\u00e9e et peut changer \u00e0 sa discr\u00e9tion. Dans le pass\u00e9, par moments aucun liquide, m\u00eame l\u2019eau, n\u2019\u00e9tait admis dans le Colis\u00e9e (y compris maquillage, cr\u00e8me solaire, etc.). Dans ce cas, vous pouvez vider vos bouteilles d\u2019eau et les garder sur vous pour les remplir \u00e0 nouveau dans le Colis\u00e9e.<\/p>\n\n\t\t<\/div>\n\t<\/div>\n<\/div><\/div><\/div><\/div><\/div><\/div><\/div><\/div><div class=\"vc_row-full-width vc_clearfix\"><\/div><div data-vc-full-width=\"true\" data-vc-full-width-init=\"false\" class=\"vc_row wpb_row vc_row-fluid\"><div class=\"wpb_column vc_column_container vc_col-sm-12\"><div class=\"vc_column-inner\"><div class=\"wpb_wrapper\"><div class=\"vc_row wpb_row vc_inner vc_row-fluid about vc_custom_1592549727190\"><div class=\"hrs wpb_column vc_column_container vc_col-sm-3\"><div class=\"vc_column-inner\"><div class=\"wpb_wrapper\">\n\t<div class=\"wpb_text_column wpb_content_element\" >\n\t\t<div class=\"wpb_wrapper\">\n\t\t\t<h2 style=\"margin-top: 0px; text-align: center;\">HORAIRES D\u2019OUVERTURE DU COLISEE<\/h2>\n\n\t\t<\/div>\n\t<\/div>\n<div class=\"ult-spacer spacer-69e7a408bcd89\" data-id=\"69e7a408bcd89\" data-height=\"40\" data-height-mobile=\"40\" data-height-tab=\"40\" data-height-tab-portrait=\"\" data-height-mobile-landscape=\"\" style=\"clear:both;display:block;\"><\/div>\n\t<div  class=\"wpb_single_image wpb_content_element vc_align_center\">\n\t\t\n\t\t<figure class=\"wpb_wrapper vc_figure\">\n\t\t\t<div class=\"vc_single_image-wrapper   vc_box_border_grey\"><img loading=\"lazy\" decoding=\"async\" width=\"128\" height=\"128\" src=\"https:\/\/colosseum.info\/wp-content\/uploads\/2020\/05\/watch.png\" class=\"vc_single_image-img attachment-full\" alt=\"\" srcset=\"https:\/\/colosseum.info\/wp-content\/uploads\/2020\/05\/watch.png 128w, https:\/\/colosseum.info\/wp-content\/uploads\/2020\/05\/watch-90x90.png 90w, https:\/\/colosseum.info\/wp-content\/uploads\/2020\/05\/watch-59x59.png 59w\" sizes=\"auto, (max-width: 128px) 100vw, 128px\" \/><\/div>\n\t\t<\/figure>\n\t<\/div>\n<\/div><\/div><\/div><div class=\"wpb_column vc_column_container vc_col-sm-9\"><div class=\"vc_column-inner\"><div class=\"wpb_wrapper\">\n\t<div class=\"wpb_text_column wpb_content_element\" >\n\t\t<div class=\"wpb_wrapper\">\n\t\t\t<h3 style=\"text-align: center;\">WHAT TIME DOES THE COLOSSEUM OPEN\/CLOSE?<\/h3>\n\n\t\t<\/div>\n\t<\/div>\n<div class=\"ult-spacer spacer-69e7a408bd55b\" data-id=\"69e7a408bd55b\" data-height=\"20\" data-height-mobile=\"20\" data-height-tab=\"20\" data-height-tab-portrait=\"\" data-height-mobile-landscape=\"\" style=\"clear:both;display:block;\"><\/div>\n\t<div class=\"wpb_text_column wpb_content_element\" >\n\t\t<div class=\"wpb_wrapper\">\n\t\t\t<table class=\"ticket-table\" style=\"width: 100%;\" cellpadding=\"10\">\n<tbody>\n<tr>\n<td><strong>Date From<\/strong><\/td>\n<td><strong>Date to<\/strong><\/td>\n<td><strong>Timing<\/strong><\/td>\n<\/tr>\n<tr>\n<td><span style=\"font-weight: 400;\">2 January<\/span><\/td>\n<td><span style=\"font-weight: 400;\">15 February<\/span><\/td>\n<td><span style=\"font-weight: 400;\">8:30AM &#8211; 3:30PM<\/span><\/td>\n<\/tr>\n<tr>\n<td><span style=\"font-weight: 400;\">16 February<\/span><\/td>\n<td><span style=\"font-weight: 400;\">15 March<\/span><\/td>\n<td><span style=\"font-weight: 400;\">8:30AM &#8211; 4:00PM<\/span><\/td>\n<\/tr>\n<tr>\n<td><span style=\"font-weight: 400;\">16 March<\/span><\/td>\n<td><span style=\"font-weight: 400;\">last Saturday of March<\/span><\/td>\n<td><span style=\"font-weight: 400;\">8:30AM &#8211; 4:30PM<\/span><\/td>\n<\/tr>\n<tr>\n<td><span style=\"font-weight: 400;\">Last Sunday of March<\/span><\/td>\n<td><span style=\"font-weight: 400;\">31 August<\/span><\/td>\n<td><span style=\"font-weight: 400;\">8:30AM &#8211; 6:15PM<\/span><\/td>\n<\/tr>\n<tr>\n<td><span style=\"font-weight: 400;\">1 September<\/span><\/td>\n<td><span style=\"font-weight: 400;\">30 September<\/span><\/td>\n<td>8:30AM &#8211; 6:00PM<\/td>\n<\/tr>\n<tr>\n<td><span style=\"font-weight: 400;\">1 October <\/span><\/td>\n<td><span style=\"font-weight: 400;\">last Saturday of October<\/span><\/td>\n<td>8:30AM &#8211; 5:30PM<\/td>\n<\/tr>\n<tr>\n<td><span style=\"font-weight: 400;\">\u20ac0.00 + \u20ac2.00<\/span><\/td>\n<td><span style=\"font-weight: 400;\">\u20ac17.00 + \u20ac2.00<\/span><\/td>\n<td>\u20ac11.00 + \u20ac2.00<\/td>\n<\/tr>\n<tr>\n<td><span style=\"font-weight: 400;\">Last Sunday of October<\/span><\/td>\n<td><span style=\"font-weight: 400;\">31 December<\/span><\/td>\n<td>8:30AM &#8211; 3:30PM<\/td>\n<\/tr>\n<\/tbody>\n<\/table>\n<p>Visitors are allowed to remain inside 1 hour after closing time.<\/p>\n<p>The Colosseum is closed on 1 January, 1 May, and 25 December<\/p>\n\n\t\t<\/div>\n\t<\/div>\n<\/div><\/div><\/div><\/div><\/div><\/div><\/div><\/div><div class=\"vc_row-full-width vc_clearfix\"><\/div><!-- Row Backgrounds --><div class=\"upb_color\" data-bg-override=\"0\" data-bg-color=\"#f2f2f2\" data-fadeout=\"\" data-fadeout-percentage=\"30\" data-parallax-content=\"\" data-parallax-content-sense=\"30\" data-row-effect-mobile-disable=\"true\" data-img-parallax-mobile-disable=\"true\" data-rtl=\"false\"  data-custom-vc-row=\"\"  data-vc=\"5.5.2\"  data-is_old_vc=\"\"  data-theme-support=\"\"   data-overlay=\"false\" data-overlay-color=\"\" data-overlay-pattern=\"\" data-overlay-pattern-opacity=\"\" data-overlay-pattern-size=\"\"    ><\/div>","protected":false},"excerpt":{"rendered":"Info WHAT IS THE BEST WAY TO VISIT THE COLOSSEUM? The Colosseum attracts millions of [...]","protected":false},"author":1,"featured_media":0,"parent":0,"menu_order":0,"comment_status":"closed","ping_status":"closed","template":"","meta":{"inline_featured_image":false,"footnotes":""},"class_list":["post-874","page","type-page","status-publish","hentry"],"yoast_head":"<!-- This site is optimized with the Yoast SEO plugin v15.6.2 - https:\/\/yoast.com\/wordpress\/plugins\/seo\/ -->\n<title>Visting the Colosseum - Colosseum<\/title>\n<meta name=\"robots\" content=\"index, follow, max-snippet:-1, max-image-preview:large, max-video-preview:-1\" \/>\n<link rel=\"canonical\" href=\"https:\/\/colosseum.info\/fr\/visting-the-colosseum\/\" \/>\n<meta property=\"og:locale\" content=\"fr_FR\" \/>\n<meta property=\"og:type\" content=\"article\" \/>\n<meta property=\"og:title\" content=\"Visting the Colosseum - Colosseum\" \/>\n<meta property=\"og:url\" content=\"https:\/\/colosseum.info\/fr\/visting-the-colosseum\/\" \/>\n<meta property=\"og:site_name\" content=\"Colosseum\" \/>\n<meta property=\"article:modified_time\" content=\"2020-07-10T13:21:44+00:00\" \/>\n<meta name=\"twitter:card\" content=\"summary_large_image\" \/>\n<meta name=\"twitter:label1\" content=\"Dur\u00e9e de lecture est.\">\n\t<meta name=\"twitter:data1\" content=\"6 minutes\">\n<script type=\"application\/ld+json\" class=\"yoast-schema-graph\">{\"@context\":\"https:\/\/schema.org\",\"@graph\":[{\"@type\":\"WebSite\",\"@id\":\"https:\/\/colosseum.info\/#website\",\"url\":\"https:\/\/colosseum.info\/\",\"name\":\"Colosseum\",\"description\":\"Everything you need to know about visiting the Colosseum in Rome\",\"potentialAction\":[{\"@type\":\"SearchAction\",\"target\":\"https:\/\/colosseum.info\/?s={search_term_string}\",\"query-input\":\"required name=search_term_string\"}],\"inLanguage\":\"fr-FR\"},{\"@type\":\"WebPage\",\"@id\":\"https:\/\/colosseum.info\/visting-the-colosseum\/#webpage\",\"url\":\"https:\/\/colosseum.info\/visting-the-colosseum\/\",\"name\":\"Visting the Colosseum - Colosseum\",\"isPartOf\":{\"@id\":\"https:\/\/colosseum.info\/#website\"},\"datePublished\":\"2020-05-22T13:54:46+00:00\",\"dateModified\":\"2020-07-10T13:21:44+00:00\",\"inLanguage\":\"fr-FR\",\"potentialAction\":[{\"@type\":\"ReadAction\",\"target\":[\"https:\/\/colosseum.info\/visting-the-colosseum\/\"]}]}]}<\/script>\n<!-- \/ Yoast SEO plugin. -->","_links":{"self":[{"href":"https:\/\/colosseum.info\/fr\/wp-json\/wp\/v2\/pages\/874","targetHints":{"allow":["GET"]}}],"collection":[{"href":"https:\/\/colosseum.info\/fr\/wp-json\/wp\/v2\/pages"}],"about":[{"href":"https:\/\/colosseum.info\/fr\/wp-json\/wp\/v2\/types\/page"}],"author":[{"embeddable":true,"href":"https:\/\/colosseum.info\/fr\/wp-json\/wp\/v2\/users\/1"}],"replies":[{"embeddable":true,"href":"https:\/\/colosseum.info\/fr\/wp-json\/wp\/v2\/comments?post=874"}],"version-history":[{"count":16,"href":"https:\/\/colosseum.info\/fr\/wp-json\/wp\/v2\/pages\/874\/revisions"}],"predecessor-version":[{"id":1668,"href":"https:\/\/colosseum.info\/fr\/wp-json\/wp\/v2\/pages\/874\/revisions\/1668"}],"wp:attachment":[{"href":"https:\/\/colosseum.info\/fr\/wp-json\/wp\/v2\/media?parent=874"}],"curies":[{"name":"wp","href":"https:\/\/api.w.org\/{rel}","templated":true}]}}